{"id":13065,"date":"2020-10-29T12:04:24","date_gmt":"2020-10-29T10:04:24","guid":{"rendered":"https:\/\/hookahshop.lt\/?post_type=product&#038;p=13065"},"modified":"2026-04-10T12:51:23","modified_gmt":"2026-04-10T09:51:23","slug":"kaljano-komplektas-amy-deluxe-amy069-02","status":"publish","type":"product","link":"https:\/\/hookahshop.lt\/et\/toode\/vesipiibukomplektid-amy-deluxe-amy069-02\/","title":{"rendered":"Vesipiibukomplekt AMY DELUXE AMY069.02"},"content":{"rendered":"<h2>Vesipiibukomplekt AMY DELUXE AMY069.02<\/h2>\n<p>Tegemist on eksklusiivse disainiga roostevabast terasest ja alumiiniumist vesipiibuga.<\/p>\n<p>Spetsifikatsioonid:<\/p>\n<p>Vesipiibu k\u00f5rgus koos kolbiga: umbes 50 cm<br \/>\nMaterjal: roostevaba teras + alumiinium<br \/>\n\u00dchenduse t\u00fc\u00fcp: kl\u00f5psake nuppu<br \/>\nV\u00e4rvus must<br \/>\nHajuti: pole saadaval<br \/>\ntoodetud Hiinas<\/p>\n<p>Varustus:<br \/>\nV\u00f5ll -1 tk.<br \/>\nVesipiibu plaat - 1 tk.<br \/>\nHuulik - 1 tk.<br \/>\nSilikoonvoolik - 1 tk.<br \/>\nTihendid - 2 tk.<br \/>\nKolb - 1 tk.<br \/>\nTangid - 1 tk.<br \/>\nKuumutuskamber - 1 tk.<br \/>\nKarikas - 1tk.<br \/>\nKivis\u00fcsi 1kg - 1tk.<br \/>\nPliit - 1tk.<\/p>\n<p>Kas teil on k\u00fcsimusi? v\u00f5ta meiega \u00fchendust <a href=\"https:\/\/hookahshop.lt\/et\/kontaktid\/\">kontaktide leht<\/a> v\u00f5i saatke meile e-kiri aadressil <a href=\"https:\/\/facebook.com\/HookahShop.lt\/\" target=\"_blank\" rel=\"noopener noreferrer\">Facebooki konto<\/a> ja vastame teie taotlusele samal p\u00e4eval.<\/p>","protected":false},"excerpt":{"rendered":"<p>Vesipiibu komplekt AMY DELUXE AMY069.02 See on roostevabast terasest ja alumiiniumist valmistatud eksklusiivne disainvesipiip. Tehnilised andmed: Vesipiibu k\u00f5rgus koos kolbiga: umbes 50cm Materjal: roostevaba teras + alumiinium \u00dchenduse t\u00fc\u00fcp: Click V\u00e4rvus: Must Hajuti: Ei P\u00e4ritoluriik: Hiina Varustus: V\u00f5ll -1 tk. Vesipiibu taldrik - 1 tk. Huulik - 1 tk. Silikoonvoolik - 1 tk. [\u2026]<\/p>","protected":false},"featured_media":28006,"comment_status":"open","ping_status":"closed","template":"","meta":[],"_links":{"self":[{"href":"https:\/\/hookahshop.lt\/et\/wp-json\/wp\/v2\/product\/13065"}],"collection":[{"href":"https:\/\/hookahshop.lt\/et\/wp-json\/wp\/v2\/product"}],"about":[{"href":"https:\/\/hookahshop.lt\/et\/wp-json\/wp\/v2\/types\/product"}],"replies":[{"embeddable":true,"href":"https:\/\/hookahshop.lt\/et\/wp-json\/wp\/v2\/comments?post=13065"}],"version-history":[{"count":3,"href":"https:\/\/hookahshop.lt\/et\/wp-json\/wp\/v2\/product\/13065\/revisions"}],"predecessor-version":[{"id":32789,"href":"https:\/\/hookahshop.lt\/et\/wp-json\/wp\/v2\/product\/13065\/revisions\/32789"}],"wp:featuredmedia":[{"embeddable":true,"href":"https:\/\/hookahshop.lt\/et\/wp-json\/wp\/v2\/media\/28006"}],"wp:attachment":[{"href":"https:\/\/hookahshop.lt\/et\/wp-json\/wp\/v2\/media?parent=13065"}],"curies":[{"name":"wp","href":"https:\/\/api.w.org\/{rel}","templated":true}]}}