{"id":13075,"date":"2020-10-29T12:11:01","date_gmt":"2020-10-29T10:11:01","guid":{"rendered":"https:\/\/hookahshop.lt\/?post_type=product&#038;p=13075"},"modified":"2026-04-08T13:49:32","modified_gmt":"2026-04-08T10:49:32","slug":"kaljano-komplektas-al-mani-woody-xs","status":"publish","type":"product","link":"https:\/\/hookahshop.lt\/et\/toode\/vesipiibu-komplekt-al-mani-woody-xs\/","title":{"rendered":"Vesipiibukomplekt AL-MANI Woody XS"},"content":{"rendered":"<h2>Vesipiibukomplekt AL-MANI Woody XS<\/h2>\n<p>See on kvaliteetne roostevabast terasest vesipiip puidust v\u00f5lli ja huuliku kaunistusega.<\/p>\n<p>Spetsifikatsioonid<\/p>\n<p>Vesipiibu k\u00f5rgus kolviga: umbes 35 cm<br \/>\nMaterjal: roostevaba teras<br \/>\nV\u00e4rvus must<br \/>\nHajuti: pole saadaval<br \/>\nP\u00e4ritoluriik: Saksamaa<\/p>\n<p>Varustus:<br \/>\nV\u00f5ll -1 tk.<br \/>\nVesipiibu plaat - 1 tk.<br \/>\nHuulik - 1 tk.<br \/>\nSilikoonvoolik - 1 tk.<br \/>\nTihendid - 2 tk.<br \/>\nKolb - 1 tk.<br \/>\nTangid - 1 tk.<br \/>\nKuumutuskamber - 1 tk.<br \/>\nKarikas - 1tk.<br \/>\nKivis\u00fcsi 1kg - 1tk.<br \/>\nPliit - 1tk.<\/p>\n<p>Kas teil on k\u00fcsimusi? v\u00f5ta meiega \u00fchendust <a href=\"https:\/\/hookahshop.lt\/et\/kontaktid\/\">kontaktide leht<\/a> v\u00f5i saatke meile e-kiri aadressil <a href=\"https:\/\/facebook.com\/HookahShop.lt\/\" target=\"_blank\" rel=\"noopener noreferrer\">Facebooki konto<\/a> ja vastame teie taotlusele samal p\u00e4eval.<\/p>","protected":false},"excerpt":{"rendered":"<p>Vesipiibu komplekt AL-MANI Woody XS See on kvaliteetne roostevabast terasest vesipiip puidust varre ja huuliku kaunistusega. Tehnilised andmed Vesipiibu k\u00f5rgus koos kolbiga: Umbes 35cm Materjal: Roostevaba teras V\u00e4rv: Must Hajuti: Puudub P\u00e4ritoluriik: Saksamaa Varustus: V\u00f5ll -1 tk. Vesipiibu taldrik - 1 tk. Huulik - 1 tk. Silikoonvoolik - 1 tk. Tihendid \u2013 2 [\u2026]<\/p>","protected":false},"featured_media":28018,"comment_status":"open","ping_status":"closed","template":"","meta":[],"_links":{"self":[{"href":"https:\/\/hookahshop.lt\/et\/wp-json\/wp\/v2\/product\/13075"}],"collection":[{"href":"https:\/\/hookahshop.lt\/et\/wp-json\/wp\/v2\/product"}],"about":[{"href":"https:\/\/hookahshop.lt\/et\/wp-json\/wp\/v2\/types\/product"}],"replies":[{"embeddable":true,"href":"https:\/\/hookahshop.lt\/et\/wp-json\/wp\/v2\/comments?post=13075"}],"version-history":[{"count":3,"href":"https:\/\/hookahshop.lt\/et\/wp-json\/wp\/v2\/product\/13075\/revisions"}],"predecessor-version":[{"id":33519,"href":"https:\/\/hookahshop.lt\/et\/wp-json\/wp\/v2\/product\/13075\/revisions\/33519"}],"wp:featuredmedia":[{"embeddable":true,"href":"https:\/\/hookahshop.lt\/et\/wp-json\/wp\/v2\/media\/28018"}],"wp:attachment":[{"href":"https:\/\/hookahshop.lt\/et\/wp-json\/wp\/v2\/media?parent=13075"}],"curies":[{"name":"wp","href":"https:\/\/api.w.org\/{rel}","templated":true}]}}