{"id":13081,"date":"2020-10-29T12:16:43","date_gmt":"2020-10-29T10:16:43","guid":{"rendered":"https:\/\/hookahshop.lt\/?post_type=product&#038;p=13081"},"modified":"2026-04-08T13:49:32","modified_gmt":"2026-04-08T10:49:32","slug":"kaljano-komplektas-al-mani-blacky","status":"publish","type":"product","link":"https:\/\/hookahshop.lt\/et\/toode\/vesipiibukomplektid-al-mani-blacky\/","title":{"rendered":"Vesipiibukomplekt AL-MANI Blacky"},"content":{"rendered":"<h2>Vesipiibukomplekt AL-MANI Blacky<\/h2>\n<p>See on kombinatsioon luksuslikust disainist ja kvaliteetsetest materjalidest. Vesipiibu \u00fclemine osa ja suitsuvooliku k\u00e4epide on kaetud puitviimistlusega. Vesipiibul on roostevabast terasest vars.<\/p>\n<p>Spetsifikatsioonid<\/p>\n<p>Vesipiibu k\u00f5rgus koos kolbiga: umbes 46 cm<br \/>\nMaterjal: roostevaba teras<br \/>\nV\u00e4rvus must<br \/>\nHajuti: pole saadaval<br \/>\nP\u00e4ritoluriik: Saksamaa<\/p>\n<p>Varustus:<br \/>\nV\u00f5ll -1 tk.<br \/>\nVesipiibu plaat - 1 tk.<br \/>\nHuulik - 1 tk.<br \/>\nSilikoonvoolik - 1 tk.<br \/>\nTihendid - 2 tk.<br \/>\nKolb - 1 tk.<br \/>\nTangid - 1 tk.<br \/>\nKuumutuskamber - 1 tk.<br \/>\nKarikas - 1tk.<br \/>\nKivis\u00fcsi 1kg - 1tk.<br \/>\nPliit - 1tk.<\/p>\n<p>Kas teil on k\u00fcsimusi? v\u00f5ta meiega \u00fchendust <a href=\"https:\/\/hookahshop.lt\/et\/kontaktid\/\">kontaktide leht<\/a> v\u00f5i saatke meile e-kiri aadressil <a href=\"https:\/\/facebook.com\/HookahShop.lt\/\" target=\"_blank\" rel=\"noopener noreferrer\">Facebooki konto<\/a> ja vastame teie taotlusele samal p\u00e4eval.<\/p>","protected":false},"excerpt":{"rendered":"<p>Vesipiibu komplekt AL-MANI Blacky See on kombinatsioon luksuslikust disainist ja kvaliteetsetest materjalidest. Vesipiibu \u00fclemine osa ja suitsuvooliku k\u00e4epide on kaetud puitviimistlusega. Vesipiibul on roostevabast terasest vars. Tehnilised andmed Konksu k\u00f5rgus koos kolbiga: umbes 46cm Materjal: roostevaba teras V\u00e4rvus: Must Hajuti: Ei P\u00e4ritoluriik: Saksamaa Varustus: V\u00f5ll -1 tk. Vesipiibu taldrik - 1 tk. Huulik \u2013 [\u2026]<\/p>","protected":false},"featured_media":28020,"comment_status":"open","ping_status":"closed","template":"","meta":[],"_links":{"self":[{"href":"https:\/\/hookahshop.lt\/et\/wp-json\/wp\/v2\/product\/13081"}],"collection":[{"href":"https:\/\/hookahshop.lt\/et\/wp-json\/wp\/v2\/product"}],"about":[{"href":"https:\/\/hookahshop.lt\/et\/wp-json\/wp\/v2\/types\/product"}],"replies":[{"embeddable":true,"href":"https:\/\/hookahshop.lt\/et\/wp-json\/wp\/v2\/comments?post=13081"}],"version-history":[{"count":4,"href":"https:\/\/hookahshop.lt\/et\/wp-json\/wp\/v2\/product\/13081\/revisions"}],"predecessor-version":[{"id":32790,"href":"https:\/\/hookahshop.lt\/et\/wp-json\/wp\/v2\/product\/13081\/revisions\/32790"}],"wp:featuredmedia":[{"embeddable":true,"href":"https:\/\/hookahshop.lt\/et\/wp-json\/wp\/v2\/media\/28020"}],"wp:attachment":[{"href":"https:\/\/hookahshop.lt\/et\/wp-json\/wp\/v2\/media?parent=13081"}],"curies":[{"name":"wp","href":"https:\/\/api.w.org\/{rel}","templated":true}]}}