{"id":13087,"date":"2020-10-29T12:25:01","date_gmt":"2020-10-29T10:25:01","guid":{"rendered":"https:\/\/hookahshop.lt\/?post_type=product&#038;p=13087"},"modified":"2026-04-08T13:49:33","modified_gmt":"2026-04-08T10:49:33","slug":"kaljano-komplektas-kaya-elox-630-boro-pyramid","status":"publish","type":"product","link":"https:\/\/hookahshop.lt\/et\/toode\/vesipiibukomplektid-kaya-elox-630-boro-pyramid\/","title":{"rendered":"Vesipiibukomplekt KAYA Elox 630 Boro Pyramid"},"content":{"rendered":"<h2>Vesipiibukomplekt KAYA Elox 630 Boro Pyramid<\/h2>\n<p>See on kvaliteetne Kaya vesipiibuliin, millel on uus p\u00fcramiidikujuline v\u00f5ll. V\u00f5llil on spetsiaalne kinnitus &quot;Click&quot;, mis v\u00f5imaldab v\u00f5lli kiiresti ja usaldusv\u00e4\u00e4rselt kolbi kinnitada. \u00dchendus ja vooliku\u00fchendus tehakse vastavalt uuele CUT-s\u00fcsteemile, mis v\u00f5imaldab voolikud konksu k\u00fclge \u00fchendada ilma kummitihendeid kasutamata.<\/p>\n<p>Spetsifikatsioonid:<br \/>\nVesipiibu k\u00f5rgus kolbiga: umbes 60cm<br \/>\nMaterjal: kroomitud teras<br \/>\n\u00dchenduse t\u00fc\u00fcp: kl\u00f5psake nuppu<br \/>\nV\u00e4rvus must<br \/>\nHajuti: jah<br \/>\nP\u00e4ritoluriik: Saksamaa<\/p>\n<p>Varustus:<br \/>\nV\u00f5ll -1 tk.<br \/>\nVesipiibu plaat - 1 tk.<br \/>\nHuulik - 1 tk.<br \/>\nSilikoonvoolik - 1 tk.<br \/>\nTihendid - 2 tk.<br \/>\nKolb - 1 tk.<br \/>\nTangid - 1 tk.<br \/>\nKuumutuskamber - 1 tk.<br \/>\nKarikas - 1tk.<br \/>\nKivis\u00fcsi 1kg - 1tk.<br \/>\nPliit - 1tk.<\/p>\n<p>Kas teil on k\u00fcsimusi? v\u00f5ta meiega \u00fchendust <a href=\"https:\/\/hookahshop.lt\/et\/kontaktid\/\">kontaktide leht<\/a> v\u00f5i saatke meile e-kiri aadressil <a href=\"https:\/\/facebook.com\/HookahShop.lt\/\" target=\"_blank\" rel=\"noopener noreferrer\">Facebooki konto<\/a> ja vastame teie taotlusele samal p\u00e4eval.<\/p>","protected":false},"excerpt":{"rendered":"<p>Vesipiibu komplekt KAYA Elox 630 Boro Pyramid See on kvaliteetne Kaya vesipiipude sari uue p\u00fcramiidikujulise varrega. Varrel on spetsiaalne Click kinnitus, mis v\u00f5imaldab v\u00f5lli kiiresti ja kindlalt kolvi k\u00fclge kinnitada. \u00dchendus ja vooliku\u00fchendus on tehtud uue CUT s\u00fcsteemi j\u00e4rgi, mis v\u00f5imaldab \u00fchendada voolikud konksu k\u00fclge ilma kummitihendeid kasutamata. Tehnilised andmed: Vesipiibu k\u00f5rgus koos kolbiga: [\u2026]<\/p>","protected":false},"featured_media":28055,"comment_status":"open","ping_status":"closed","template":"","meta":[],"_links":{"self":[{"href":"https:\/\/hookahshop.lt\/et\/wp-json\/wp\/v2\/product\/13087"}],"collection":[{"href":"https:\/\/hookahshop.lt\/et\/wp-json\/wp\/v2\/product"}],"about":[{"href":"https:\/\/hookahshop.lt\/et\/wp-json\/wp\/v2\/types\/product"}],"replies":[{"embeddable":true,"href":"https:\/\/hookahshop.lt\/et\/wp-json\/wp\/v2\/comments?post=13087"}],"version-history":[{"count":4,"href":"https:\/\/hookahshop.lt\/et\/wp-json\/wp\/v2\/product\/13087\/revisions"}],"predecessor-version":[{"id":28054,"href":"https:\/\/hookahshop.lt\/et\/wp-json\/wp\/v2\/product\/13087\/revisions\/28054"}],"wp:featuredmedia":[{"embeddable":true,"href":"https:\/\/hookahshop.lt\/et\/wp-json\/wp\/v2\/media\/28055"}],"wp:attachment":[{"href":"https:\/\/hookahshop.lt\/et\/wp-json\/wp\/v2\/media?parent=13087"}],"curies":[{"name":"wp","href":"https:\/\/api.w.org\/{rel}","templated":true}]}}