{"id":13100,"date":"2020-10-29T12:38:34","date_gmt":"2020-10-29T10:38:34","guid":{"rendered":"https:\/\/hookahshop.lt\/?post_type=product&#038;p=13100"},"modified":"2026-04-10T12:51:23","modified_gmt":"2026-04-10T09:51:23","slug":"kaljano-komplektas-al-mani-moscow-gold","status":"publish","type":"product","link":"https:\/\/hookahshop.lt\/et\/toode\/vesipiibukomplektid-al-mani-moscow-gold\/","title":{"rendered":"Vesipiibukomplekt AL-MANI Moskva kuld"},"content":{"rendered":"<h2>Vesipiibukomplekt AL-MANI Moskva kuld<\/h2>\n<p>Spetsifikatsioonid<\/p>\n<p>Vesipiibu k\u00f5rgus kolbiga: umbes 55cm<br \/>\nMaterjal: roostevaba teras<br \/>\n\u00dchendus: vahepealne<br \/>\nV\u00e4rv: must kuld<br \/>\nHajuti: jah<br \/>\nP\u00e4ritoluriik: Saksamaa<\/p>\n<p>Varustus:<br \/>\nV\u00f5ll -1 tk.<br \/>\nVesipiibu plaat - 1 tk.<br \/>\nHuulik - 1 tk.<br \/>\nSilikoonvoolik - 1 tk.<br \/>\nTihendid - 2 tk.<br \/>\nKolb - 1 tk.<br \/>\nTangid - 1 tk.<br \/>\nKuumutuskamber - 1 tk.<br \/>\nKarikas - 1tk.<br \/>\nKivis\u00fcsi 1kg - 1tk.<br \/>\nPliit - 1tk.<\/p>\n<p>Kas teil on k\u00fcsimusi? v\u00f5ta meiega \u00fchendust <a href=\"https:\/\/hookahshop.lt\/et\/kontaktid\/\">kontaktide leht<\/a> v\u00f5i saatke meile e-kiri aadressil <a href=\"https:\/\/facebook.com\/HookahShop.lt\/\" target=\"_blank\" rel=\"noopener noreferrer\">Facebooki konto<\/a> ja vastame teie taotlusele samal p\u00e4eval.<\/p>","protected":false},"excerpt":{"rendered":"<p>Konksukomplekt AL-MANI Moscow Gold Tehnilised andmed Konksu k\u00f5rgus kolbiga: umbes 55cm Materjal: roostevaba teras \u00dchendus: Vahev\u00e4rv: Must kuld Hajuti: Jah P\u00e4ritoluriik: Saksamaa Varustus: V\u00f5ll -1 tk. Vesipiibu taldrik - 1 tk. Huulik - 1 tk. Silikoonvoolik - 1 tk. Tihendid - 2 tk. Kolb - 1 tk. Tangid - 1 tk. [\u2026]<\/p>","protected":false},"featured_media":28024,"comment_status":"open","ping_status":"closed","template":"","meta":[],"_links":{"self":[{"href":"https:\/\/hookahshop.lt\/et\/wp-json\/wp\/v2\/product\/13100"}],"collection":[{"href":"https:\/\/hookahshop.lt\/et\/wp-json\/wp\/v2\/product"}],"about":[{"href":"https:\/\/hookahshop.lt\/et\/wp-json\/wp\/v2\/types\/product"}],"replies":[{"embeddable":true,"href":"https:\/\/hookahshop.lt\/et\/wp-json\/wp\/v2\/comments?post=13100"}],"version-history":[{"count":4,"href":"https:\/\/hookahshop.lt\/et\/wp-json\/wp\/v2\/product\/13100\/revisions"}],"predecessor-version":[{"id":30607,"href":"https:\/\/hookahshop.lt\/et\/wp-json\/wp\/v2\/product\/13100\/revisions\/30607"}],"wp:featuredmedia":[{"embeddable":true,"href":"https:\/\/hookahshop.lt\/et\/wp-json\/wp\/v2\/media\/28024"}],"wp:attachment":[{"href":"https:\/\/hookahshop.lt\/et\/wp-json\/wp\/v2\/media?parent=13100"}],"curies":[{"name":"wp","href":"https:\/\/api.w.org\/{rel}","templated":true}]}}