{"id":13110,"date":"2020-10-29T12:46:34","date_gmt":"2020-10-29T10:46:34","guid":{"rendered":"https:\/\/hookahshop.lt\/?post_type=product&#038;p=13110"},"modified":"2026-04-22T23:29:09","modified_gmt":"2026-04-22T20:29:09","slug":"kaljano-komplektas-shadows-huracan","status":"publish","type":"product","link":"https:\/\/hookahshop.lt\/et\/toode\/vesipiibukomplektid-shadows-huracan\/","title":{"rendered":"Vesipiibukomplekt SHADOWS Huracan"},"content":{"rendered":"<h2>Vesipiibukomplekt SHADOWS Huracan<\/h2>\n<p>See on minimalistliku disainiga vesipiip Shadows Huracan, hea hinna ja kvaliteedi suhtega!<\/p>\n<p><strong>Varustus:<\/strong><br \/>\nV\u00f5ll -1 tk.<br \/>\nVesipiibu plaat br\u00e4ndi graveeringuga - 1 tk.<br \/>\nHuulik - 1 tk.<br \/>\nSilikoonvoolik - 1 tk.<br \/>\nTihendid - 2 tk.<br \/>\nKolb (erineb fotol olevast) - 1 tk.<br \/>\nTangid - 1 tk.<br \/>\nKuumutuskamber - 1 tk.<br \/>\nTass (v\u00f5ib erineda fotol olevast) - 1tk.<br \/>\nKivis\u00fcsi 1kg - 1tk.<br \/>\nPliit - 1tk.<\/p>\n<p>Kas teil on k\u00fcsimusi? v\u00f5ta meiega \u00fchendust <a href=\"https:\/\/hookahshop.lt\/et\/kontaktid\/\">kontaktide leht<\/a> v\u00f5i saatke meile e-kiri aadressil <a href=\"https:\/\/facebook.com\/HookahShop.lt\/\" target=\"_blank\" rel=\"noopener noreferrer\">Facebooki konto<\/a> ja vastame teie taotlusele samal p\u00e4eval.<\/p>","protected":false},"excerpt":{"rendered":"<p>Vesipiibu komplekt SHADOWS Huracan See on minimalistliku disainiga vesipiibu Shadows Huracan hea hinna ja kvaliteedi suhtega! Varustus: V\u00f5ll -1 tk. Br\u00e4ndigraveeringuga vesipiibuplaat - 1 tk. Suuosa - 1 tk. Silikoonvoolik - 1 tk. Tihendid - 2 tk. Kolb (erineb fotol olevast) - 1 tk. Tangid - 1 tk. Soojuskamber \u2013 [\u2026]<\/p>","protected":false},"featured_media":28017,"comment_status":"open","ping_status":"closed","template":"","meta":[],"_links":{"self":[{"href":"https:\/\/hookahshop.lt\/et\/wp-json\/wp\/v2\/product\/13110"}],"collection":[{"href":"https:\/\/hookahshop.lt\/et\/wp-json\/wp\/v2\/product"}],"about":[{"href":"https:\/\/hookahshop.lt\/et\/wp-json\/wp\/v2\/types\/product"}],"replies":[{"embeddable":true,"href":"https:\/\/hookahshop.lt\/et\/wp-json\/wp\/v2\/comments?post=13110"}],"version-history":[{"count":5,"href":"https:\/\/hookahshop.lt\/et\/wp-json\/wp\/v2\/product\/13110\/revisions"}],"predecessor-version":[{"id":30681,"href":"https:\/\/hookahshop.lt\/et\/wp-json\/wp\/v2\/product\/13110\/revisions\/30681"}],"wp:featuredmedia":[{"embeddable":true,"href":"https:\/\/hookahshop.lt\/et\/wp-json\/wp\/v2\/media\/28017"}],"wp:attachment":[{"href":"https:\/\/hookahshop.lt\/et\/wp-json\/wp\/v2\/media?parent=13110"}],"curies":[{"name":"wp","href":"https:\/\/api.w.org\/{rel}","templated":true}]}}