{"id":13120,"date":"2020-10-29T12:56:55","date_gmt":"2020-10-29T10:56:55","guid":{"rendered":"https:\/\/hookahshop.lt\/?post_type=product&#038;p=13120"},"modified":"2026-04-14T23:29:00","modified_gmt":"2026-04-14T20:29:00","slug":"kaljano-komplektas-shadows-agera-black","status":"publish","type":"product","link":"https:\/\/hookahshop.lt\/et\/toode\/vesipiibukomplektid-shadows-agera-black\/","title":{"rendered":"Vesipiibukomplekt SHADOWS Agera Black"},"content":{"rendered":"<h2>Vesipiibukomplekt SHADOWS Agera Black<\/h2>\n<p>Uus tootja toode. Agera on kvaliteetne vesipiip, mis on valmistatud ainult roostevabast terasest. Originaalsust n\u00e4itavad ornamendid alusel, mille keskel on dekoratiivplaat ja stiilne metallr\u00f5ngas.<\/p>\n<p>Gofreeritud plaat ei lase s\u00f6el suitsetamise ajal v\u00e4lja minna, s\u00e4ilitades samal ajal \u00f5ige temperatuuri kogu protsessi v\u00e4ltel.<br \/>\nVesipiibu vooliku \u00fchendus ja puhastusklapp magnetitega. Selle vesipiibu magnetid on kvaliteetsed, seega pole nende funktsionaalsuse p\u00e4rast vaja muretseda.<br \/>\n\u00dcldiselt on see suurep\u00e4rane vesipiibu difuusoriga, mis tagab h\u00f5lpsa veoj\u00f5u<br \/>\nVesipiibu k\u00f5rgus: 51 cm.<br \/>\nTootja: Venemaa<\/p>\n<p><strong>Varustus:<\/strong><br \/>\nV\u00f5ll -1 tk.<br \/>\nVesipiibu plaat br\u00e4ndi graveeringuga - 1 tk.<br \/>\nHuulik - 1 tk.<br \/>\nSilikoonvoolik - 1 tk.<br \/>\nTihendid - 2 tk.<br \/>\nKolb (erineb fotol olevast) - 1 tk.<br \/>\nTangid - 1 tk.<br \/>\nKuumutuskamber - 1 tk.<br \/>\nTass (v\u00f5ib erineda fotol olevast) - 1tk.<br \/>\nKivis\u00fcsi 1kg - 1tk.<br \/>\nPliit - 1tk.<\/p>\n<p>Kas teil on k\u00fcsimusi? v\u00f5ta meiega \u00fchendust <a href=\"https:\/\/hookahshop.lt\/et\/kontaktid\/\">kontaktide leht<\/a> v\u00f5i saatke meile e-kiri aadressil <a href=\"https:\/\/facebook.com\/HookahShop.lt\/\" target=\"_blank\" rel=\"noopener noreferrer\">Facebooki konto<\/a> ja vastame teie taotlusele samal p\u00e4eval.<\/p>","protected":false},"excerpt":{"rendered":"<p>Konksukomplekt SHADOWS Agera Must Uus toode tootjalt. Agera on kvaliteetne vesipiip, mis on valmistatud ainult roostevabast terasest. Originaalsust n\u00e4itavad ornamendid alusel, mille keskel on dekoratiivplaat ja stiilne metallr\u00f5ngas. Gofreeritud plaat ei lase s\u00f6el suitsetamise ajal v\u00e4lja minna, s\u00e4ilitades samal ajal \u00f5ige temperatuuri kogu protsessi v\u00e4ltel. Vesipiibu vooliku \u00fchendus ja puhastusklapp magnetitega. [\u2026] Sellel vesipiibul<\/p>","protected":false},"featured_media":28051,"comment_status":"open","ping_status":"closed","template":"","meta":[],"_links":{"self":[{"href":"https:\/\/hookahshop.lt\/et\/wp-json\/wp\/v2\/product\/13120"}],"collection":[{"href":"https:\/\/hookahshop.lt\/et\/wp-json\/wp\/v2\/product"}],"about":[{"href":"https:\/\/hookahshop.lt\/et\/wp-json\/wp\/v2\/types\/product"}],"replies":[{"embeddable":true,"href":"https:\/\/hookahshop.lt\/et\/wp-json\/wp\/v2\/comments?post=13120"}],"version-history":[{"count":5,"href":"https:\/\/hookahshop.lt\/et\/wp-json\/wp\/v2\/product\/13120\/revisions"}],"predecessor-version":[{"id":32392,"href":"https:\/\/hookahshop.lt\/et\/wp-json\/wp\/v2\/product\/13120\/revisions\/32392"}],"wp:featuredmedia":[{"embeddable":true,"href":"https:\/\/hookahshop.lt\/et\/wp-json\/wp\/v2\/media\/28051"}],"wp:attachment":[{"href":"https:\/\/hookahshop.lt\/et\/wp-json\/wp\/v2\/media?parent=13120"}],"curies":[{"name":"wp","href":"https:\/\/api.w.org\/{rel}","templated":true}]}}