{"id":13143,"date":"2020-10-29T14:23:56","date_gmt":"2020-10-29T12:23:56","guid":{"rendered":"https:\/\/hookahshop.lt\/?post_type=product&#038;p=13143"},"modified":"2026-04-06T23:29:17","modified_gmt":"2026-04-06T20:29:17","slug":"zarna-silikonine-al-mani-black","status":"publish","type":"product","link":"https:\/\/hookahshop.lt\/et\/toode\/silikoonvoolik-al-mani-black\/","title":{"rendered":"Silikoonvoolik AL-MANI Must"},"content":{"rendered":"<h2>Silikoonvoolik AL-MANI Must<\/h2>\n<p>Valmistatud meditsiinilisest silikoonist antistaatilise kattega &quot;Soft-Touch&quot; ja ei sisalda v\u00f5\u00f5raid l\u00f5hnu. Nende omadustega j\u00e4\u00e4b voolik paindlikuks.<br \/>\nSpetsifikatsioonid:<br \/>\nPikkus: 1,50 m<br \/>\nV\u00e4lisl\u00e4bim\u00f5\u00f5t: 18 mm<br \/>\nVooliku sisel\u00e4bim\u00f5\u00f5t: 11 mm<br \/>\nKate: pehme pehme puudutus<br \/>\nKaal: umbes 200 g.<\/p>\n<p>Kas teil on k\u00fcsimusi? v\u00f5ta meiega \u00fchendust <a href=\"https:\/\/hookahshop.lt\/et\/kontaktid\/\">kontaktide leht<\/a> v\u00f5i saatke meile e-kiri aadressil <a href=\"https:\/\/facebook.com\/HookahShop.lt\/\" target=\"_blank\" rel=\"noopener noreferrer\">Facebooki konto<\/a> ja vastame teie taotlusele samal p\u00e4eval.<\/p>","protected":false},"excerpt":{"rendered":"<p>Vooliku silikoon AL-MANI Black Valmistatud meditsiinilisest silikoonist antistaatilise kattega &quot;Soft-Touch&quot; ja sellel ei ole k\u00f5rvalisi l\u00f5hnu. Nende omadustega j\u00e4\u00e4b voolik paindlikuks. Tehnilised andmed: Pikkus: 1,50 m V\u00e4lisl\u00e4bim\u00f5\u00f5t: 18 mm Vooliku sisel\u00e4bim\u00f5\u00f5t: 11 mm Kate: pehme pehme puudutus Kaal: umbes 200 g. Kas teil on k\u00fcsimusi? V\u00f5tke meiega \u00fchendust kontaktide lehel v\u00f5i kirjutage meile Facebookis [...]<\/p>","protected":false},"featured_media":13144,"comment_status":"open","ping_status":"closed","template":"","meta":[],"_links":{"self":[{"href":"https:\/\/hookahshop.lt\/et\/wp-json\/wp\/v2\/product\/13143"}],"collection":[{"href":"https:\/\/hookahshop.lt\/et\/wp-json\/wp\/v2\/product"}],"about":[{"href":"https:\/\/hookahshop.lt\/et\/wp-json\/wp\/v2\/types\/product"}],"replies":[{"embeddable":true,"href":"https:\/\/hookahshop.lt\/et\/wp-json\/wp\/v2\/comments?post=13143"}],"version-history":[{"count":4,"href":"https:\/\/hookahshop.lt\/et\/wp-json\/wp\/v2\/product\/13143\/revisions"}],"predecessor-version":[{"id":29442,"href":"https:\/\/hookahshop.lt\/et\/wp-json\/wp\/v2\/product\/13143\/revisions\/29442"}],"wp:featuredmedia":[{"embeddable":true,"href":"https:\/\/hookahshop.lt\/et\/wp-json\/wp\/v2\/media\/13144"}],"wp:attachment":[{"href":"https:\/\/hookahshop.lt\/et\/wp-json\/wp\/v2\/media?parent=13143"}],"curies":[{"name":"wp","href":"https:\/\/api.w.org\/{rel}","templated":true}]}}