{"id":13148,"date":"2020-10-29T14:31:19","date_gmt":"2020-10-29T12:31:19","guid":{"rendered":"https:\/\/hookahshop.lt\/?post_type=product&#038;p=13148"},"modified":"2026-04-06T23:28:38","modified_gmt":"2026-04-06T20:28:38","slug":"apsauginis-sietelis-kaljanui","status":"publish","type":"product","link":"https:\/\/hookahshop.lt\/et\/toode\/kaitsesoel-vesipiibu-jaoks\/","title":{"rendered":"Kaitses\u00f5el vesipiibu jaoks"},"content":{"rendered":"<h2>Kaitses\u00f5el vesipiibu jaoks<\/h2>\n<p>Vesipiibu s\u00f5el ei lase s\u00f6el kodus suitsetades kogemata teie v\u00e4\u00e4rtuslikku vara p\u00f5letada.<\/p>\n<p>Kas teil on k\u00fcsimusi? v\u00f5ta meiega \u00fchendust <a href=\"https:\/\/hookahshop.lt\/et\/kontaktid\/\">kontaktide leht<\/a> v\u00f5i saatke meile e-kiri aadressil <a href=\"https:\/\/facebook.com\/HookahShop.lt\/\" target=\"_blank\" rel=\"noopener noreferrer\">Facebooki konto<\/a> ja vastame teie taotlusele samal p\u00e4eval.<\/p>","protected":false},"excerpt":{"rendered":"<p>Vesipiibu kaitses\u00f5el Vesipiibu s\u00f5el ei lase kodus suitsetades s\u00fctt kogemata \u00e4ra p\u00f5letada teie v\u00e4\u00e4rtuslikku vara. Kas teil on k\u00fcsimusi? V\u00f5tke meiega \u00fchendust kontaktide lehel v\u00f5i kirjutage meile oma Facebooki kontol ja vastame teie p\u00e4ringule samal p\u00e4eval.<\/p>","protected":false},"featured_media":13149,"comment_status":"open","ping_status":"closed","template":"","meta":[],"_links":{"self":[{"href":"https:\/\/hookahshop.lt\/et\/wp-json\/wp\/v2\/product\/13148"}],"collection":[{"href":"https:\/\/hookahshop.lt\/et\/wp-json\/wp\/v2\/product"}],"about":[{"href":"https:\/\/hookahshop.lt\/et\/wp-json\/wp\/v2\/types\/product"}],"replies":[{"embeddable":true,"href":"https:\/\/hookahshop.lt\/et\/wp-json\/wp\/v2\/comments?post=13148"}],"version-history":[{"count":6,"href":"https:\/\/hookahshop.lt\/et\/wp-json\/wp\/v2\/product\/13148\/revisions"}],"predecessor-version":[{"id":40463,"href":"https:\/\/hookahshop.lt\/et\/wp-json\/wp\/v2\/product\/13148\/revisions\/40463"}],"wp:featuredmedia":[{"embeddable":true,"href":"https:\/\/hookahshop.lt\/et\/wp-json\/wp\/v2\/media\/13149"}],"wp:attachment":[{"href":"https:\/\/hookahshop.lt\/et\/wp-json\/wp\/v2\/media?parent=13148"}],"curies":[{"name":"wp","href":"https:\/\/api.w.org\/{rel}","templated":true}]}}