{"id":13451,"date":"2020-11-02T13:44:30","date_gmt":"2020-11-02T11:44:30","guid":{"rendered":"https:\/\/hookahshop.lt\/?post_type=product&#038;p=13451"},"modified":"2026-05-05T23:29:39","modified_gmt":"2026-05-05T20:29:39","slug":"kolba-kaljanui-njn-hookah-nj-gold","status":"publish","type":"product","link":"https:\/\/hookahshop.lt\/et\/toode\/kolb-vesipiibu-njn-hookah-nj-gold\/","title":{"rendered":"Kolb vesipiibule NJN HOOKAH NJ Kuld"},"content":{"rendered":"<h2>Kolb haakiti NJN Hookah NJ Gold&#039;iga<\/h2>\n<p>NJN Hookah on Venemaa kaubam\u00e4rk, mis on tegutsenud alates 2013. aastast. Alustas vesipiibu kolbide tootmist<br \/>\nVesipiibu kolb NJN Vesipiibu NJ (kuldne v\u00e4rv) on toodetud eranditult k\u00e4sit\u00f6\u00f6na Venemaa parimatelt klaasitootjatelt.<br \/>\nNJ vorm on parim valik koduks ja ettev\u00f5tteks.<\/p>\n<p><strong><span title=\"\">Spetsifikatsioonid:<\/span><\/strong><br \/>\nK\u00f5rgus: 267 mm<br \/>\nKaal: ~ 1515 g<br \/>\nKaela v\u00e4lisl\u00e4bim\u00f5\u00f5t: 69 mm<br \/>\nKaela sisemine l\u00e4bim\u00f5\u00f5t: 45 mm<br \/>\nToote materjal: klaas<\/p>\n<p>Kas teil on k\u00fcsimusi? v\u00f5ta meiega \u00fchendust <a href=\"https:\/\/hookahshop.lt\/et\/kontaktid\/\">kontaktide leht<\/a> v\u00f5i saatke meile e-kiri aadressil <a href=\"https:\/\/facebook.com\/HookahShop.lt\/\" target=\"_blank\" rel=\"noopener noreferrer\">Facebooki konto<\/a> ja vastame teie taotlusele samal p\u00e4eval.<\/p>","protected":false},"excerpt":{"rendered":"<p>Kolba kaljanui NJN Hookah NJ Gold \u201eNJN Hookah\u201c yra rus\u0173 prek\u0117s \u017eenklas, kuris nuo 2013 m. Prad\u0117jo gaminti kaljano kolbas Kaljano kolba NJN Kaljanas NJ (aukso spalvos) gamina i\u0161skirtinai rankomis geriausi\u0173 Rusijos stiklo gamintoj\u0173. NJ forma esanti geriausias pasirinkimas namams ir verslui. Specifikacijos: Auk\u0161tis: 267 mm Svoris: ~ 1515 g I\u0161orinis kaklelio skersmuo: 69 mm [&hellip;]<\/p>","protected":false},"featured_media":13463,"comment_status":"open","ping_status":"closed","template":"","meta":[],"_links":{"self":[{"href":"https:\/\/hookahshop.lt\/et\/wp-json\/wp\/v2\/product\/13451"}],"collection":[{"href":"https:\/\/hookahshop.lt\/et\/wp-json\/wp\/v2\/product"}],"about":[{"href":"https:\/\/hookahshop.lt\/et\/wp-json\/wp\/v2\/types\/product"}],"replies":[{"embeddable":true,"href":"https:\/\/hookahshop.lt\/et\/wp-json\/wp\/v2\/comments?post=13451"}],"version-history":[{"count":5,"href":"https:\/\/hookahshop.lt\/et\/wp-json\/wp\/v2\/product\/13451\/revisions"}],"predecessor-version":[{"id":45148,"href":"https:\/\/hookahshop.lt\/et\/wp-json\/wp\/v2\/product\/13451\/revisions\/45148"}],"wp:featuredmedia":[{"embeddable":true,"href":"https:\/\/hookahshop.lt\/et\/wp-json\/wp\/v2\/media\/13463"}],"wp:attachment":[{"href":"https:\/\/hookahshop.lt\/et\/wp-json\/wp\/v2\/media?parent=13451"}],"curies":[{"name":"wp","href":"https:\/\/api.w.org\/{rel}","templated":true}]}}