{"id":13465,"date":"2020-11-02T14:16:38","date_gmt":"2020-11-02T12:16:38","guid":{"rendered":"https:\/\/hookahshop.lt\/?post_type=product&#038;p=13465"},"modified":"2026-04-14T23:29:08","modified_gmt":"2026-04-14T20:29:08","slug":"kolba-kaljanui-njn-hookah-rt-silver","status":"publish","type":"product","link":"https:\/\/hookahshop.lt\/et\/toode\/kolb-vesipiibu-njn-hookah-rt-silver\/","title":{"rendered":"Kolb kiilakale NJN HOOKAH RT Silver"},"content":{"rendered":"<h2>Kolbi kiilas NJN Vesipiibu RT h\u00f5be<\/h2>\n<p>NJN Hookah on Venemaa kaubam\u00e4rk alates 2013. aastast. hakkas tootma vesipiibu kolbe.<br \/>\nVesipiibu kolb &quot;NJN Hookah RT&quot; (h\u00f5bedane) on valmistatud eranditult k\u00e4sit\u00f6\u00f6na Venemaa parimate klaasimeistrite poolt. See on \u00fcks parimaid kolbe oma tugevuse, kuju ja sirge kaela poolest. RT-kolb kogub iga p\u00e4evaga aina enam populaarsust.<br \/>\nRT-kolb on t\u00e4ielikult kaetud h\u00f5bedaga ja sobib suurep\u00e4raselt erinevate vesipiipude jaoks.<\/p>\n<p><strong><span title=\"\">Spetsifikatsioonid:<\/span><\/strong><br \/>\nK\u00f5rgus: 267 mm<br \/>\nKaal: ~ 1890 g<br \/>\nKaela v\u00e4lisl\u00e4bim\u00f5\u00f5t: 65 mm<br \/>\nKaela sisemine l\u00e4bim\u00f5\u00f5t: 45 mm<br \/>\nToote materjal: klaas<\/p>\n<p>Kas teil on k\u00fcsimusi? v\u00f5ta meiega \u00fchendust <a href=\"https:\/\/hookahshop.lt\/et\/kontaktid\/\">kontaktide leht<\/a> v\u00f5i saatke meile e-kiri aadressil <a href=\"https:\/\/facebook.com\/HookahShop.lt\/\" target=\"_blank\" rel=\"noopener noreferrer\">Facebooki konto<\/a> ja vastame teie taotlusele samal p\u00e4eval.<\/p>","protected":false},"excerpt":{"rendered":"<p>NJN Hookah RT Silver NJN Hookah on Venemaa kaubam\u00e4rk. hakkas tootma vesipiibu kolbe. Vesipiibu kolb &quot;NJN Hookah RT&quot; (h\u00f5bedane) on valmistatud eranditult k\u00e4sit\u00f6\u00f6na Venemaa parimate klaasimeistrite poolt. See on \u00fcks parimaid kolbe oma tugevuse, kuju ja sirge kaela poolest. RT-kolb kogub iga p\u00e4evaga aina enam populaarsust. RT kolb [\u2026]<\/p>","protected":false},"featured_media":13473,"comment_status":"open","ping_status":"closed","template":"","meta":[],"_links":{"self":[{"href":"https:\/\/hookahshop.lt\/et\/wp-json\/wp\/v2\/product\/13465"}],"collection":[{"href":"https:\/\/hookahshop.lt\/et\/wp-json\/wp\/v2\/product"}],"about":[{"href":"https:\/\/hookahshop.lt\/et\/wp-json\/wp\/v2\/types\/product"}],"replies":[{"embeddable":true,"href":"https:\/\/hookahshop.lt\/et\/wp-json\/wp\/v2\/comments?post=13465"}],"version-history":[{"count":4,"href":"https:\/\/hookahshop.lt\/et\/wp-json\/wp\/v2\/product\/13465\/revisions"}],"predecessor-version":[{"id":45150,"href":"https:\/\/hookahshop.lt\/et\/wp-json\/wp\/v2\/product\/13465\/revisions\/45150"}],"wp:featuredmedia":[{"embeddable":true,"href":"https:\/\/hookahshop.lt\/et\/wp-json\/wp\/v2\/media\/13473"}],"wp:attachment":[{"href":"https:\/\/hookahshop.lt\/et\/wp-json\/wp\/v2\/media?parent=13465"}],"curies":[{"name":"wp","href":"https:\/\/api.w.org\/{rel}","templated":true}]}}