{"id":13483,"date":"2020-11-02T15:04:06","date_gmt":"2020-11-02T13:04:06","guid":{"rendered":"https:\/\/hookahshop.lt\/?post_type=product&#038;p=13483"},"modified":"2026-04-17T23:29:41","modified_gmt":"2026-04-17T20:29:41","slug":"valymo-iranga-kaljanui","status":"publish","type":"product","link":"https:\/\/hookahshop.lt\/et\/toode\/vesipiibu-puhastusseadmed\/","title":{"rendered":"Vesipiibu puhastusseadmed"},"content":{"rendered":"<h2>Vesipiibu puhastusvahendid:<\/h2>\n<p>Pese voolikud, v\u00f5llid, tassid. Desinfitseerib ja eemaldab ebavajalikud l\u00f5hnad, vesipiibu ja selle tarvikute asendamatu abimees. T\u00f6\u00f6p\u00f5him\u00f5te seisneb selles, et aurustunud vee temperatuur on 100 kraadi, mist\u00f5ttu k\u00f5ik bakterid ja mikroobid hukkuvad.<\/p>\n<p>SPETSIFIKATSIOONID:<br \/>\nV\u00e4rv: valge<br \/>\nV\u00f5imsus: 1100 W<br \/>\nPikkus: 255 mm<br \/>\nLaius: 140 mm<br \/>\nK\u00f5rgus: 235 mm<br \/>\nKaal: 2 kg<br \/>\nToide: vooluv\u00f5rk<\/p>\n<p>Kas see puhastusseade ei sobi teie vesipiibu jaoks? Vaadake teisi <a href=\"https:\/\/hookahshop.lt\/et\/tootekategooria\/aksesuarai-kaljanui\/valymo-priemones-kaljanui\/\" data-schema-attribute=\"\">puhastusseadmed<\/a> kaup!<\/p>\n<p>Kas teil on k\u00fcsimusi? v\u00f5ta meiega \u00fchendust <a href=\"https:\/\/hookahshop.lt\/et\/kontaktid\/\">kontaktide leht<\/a> v\u00f5i saatke meile e-kiri aadressil <a href=\"https:\/\/facebook.com\/HookahShop.lt\/\" target=\"_blank\" rel=\"noopener noreferrer\">Facebooki konto<\/a> ja vastame teie taotlusele samal p\u00e4eval.<\/p>","protected":false},"excerpt":{"rendered":"<p>Vesipiibu puhastusvahendid: Pesuvoolikud, \u0161ahtid, topsid. Desinfitseerib ja eemaldab ebavajalikud l\u00f5hnad, vesipiibu ja selle tarvikute asendamatu abimees. Toimimisp\u00f5him\u00f5te, aurustunud vesi on 100 kraadise temperatuuriga, nii et k\u00f5ik bakterid ja mikroobid hukkuvad. SPETSIFIKATSIOONID: V\u00e4rv: Valge V\u00f5imsus: 1100 W Pikkus: 255 mm Laius: 140 mm K\u00f5rgus: 235 mm Kaal: 2 kg Toiteallikas: Elektriline [\u2026]<\/p>","protected":false},"featured_media":13490,"comment_status":"open","ping_status":"closed","template":"","meta":[],"_links":{"self":[{"href":"https:\/\/hookahshop.lt\/et\/wp-json\/wp\/v2\/product\/13483"}],"collection":[{"href":"https:\/\/hookahshop.lt\/et\/wp-json\/wp\/v2\/product"}],"about":[{"href":"https:\/\/hookahshop.lt\/et\/wp-json\/wp\/v2\/types\/product"}],"replies":[{"embeddable":true,"href":"https:\/\/hookahshop.lt\/et\/wp-json\/wp\/v2\/comments?post=13483"}],"version-history":[{"count":2,"href":"https:\/\/hookahshop.lt\/et\/wp-json\/wp\/v2\/product\/13483\/revisions"}],"predecessor-version":[{"id":29582,"href":"https:\/\/hookahshop.lt\/et\/wp-json\/wp\/v2\/product\/13483\/revisions\/29582"}],"wp:featuredmedia":[{"embeddable":true,"href":"https:\/\/hookahshop.lt\/et\/wp-json\/wp\/v2\/media\/13490"}],"wp:attachment":[{"href":"https:\/\/hookahshop.lt\/et\/wp-json\/wp\/v2\/media?parent=13483"}],"curies":[{"name":"wp","href":"https:\/\/api.w.org\/{rel}","templated":true}]}}