{"id":1351,"date":"2020-03-26T13:17:46","date_gmt":"2020-03-26T11:17:46","guid":{"rendered":"http:\/\/hookahshop.lt\/?post_type=product&#038;p=1351"},"modified":"2026-04-05T23:28:39","modified_gmt":"2026-04-05T20:28:39","slug":"anglys-kaljanui-one-nation-26mm-1kg","status":"publish","type":"product","link":"https:\/\/hookahshop.lt\/et\/toode\/kivisusi-vesipiip-uks-rahvus-26mm-1kg\/","title":{"rendered":"S\u00fcsi vesipiibule ONE NATION 26mm 1kg"},"content":{"rendered":"<h2>S\u00fcsi vesipiibule ONE NATION 26mm 1kg<\/h2>\n<p>Valmistatud ainult 100% kookoskoorest, see on looduslik toode. Pikema ja intensiivsema p\u00f5letamise korral tekib v\u00e4hem tuhka kui tavalise kookosp\u00e4hkli kasutamisel.<br \/>\n\u00dche s\u00fcsiniku m\u00f5\u00f5tmed: 26x26x26mm<br \/>\nKarbis on 64 s\u00fcsinikku.<br \/>\nEi sisalda keemilisi lisandeid.<br \/>\nSuitsetamisel ei muutu l\u00f5hn ega maitse.<br \/>\nS\u00f6e p\u00f5letamiseks vajate vesipiibu, turistide gaasipliidi vms jaoks elektrilist pliiti.<br \/>\nP\u00e4ritoluriik: Indoneesia<\/p>\n<p>Kas teil on k\u00fcsimusi? v\u00f5ta meiega \u00fchendust\u00a0<a href=\"https:\/\/hookahshop.lt\/et\/kontaktid\/\">kontaktide leht<\/a>\u00a0v\u00f5i saatke meile e-kiri aadressil\u00a0<a href=\"https:\/\/facebook.com\/HookahShop.lt\/\" target=\"_blank\" rel=\"noopener noreferrer\">Facebooki konto<\/a>\u00a0ja vastame teie taotlusele samal p\u00e4eval.<\/p>\n<p>&nbsp;<\/p>","protected":false},"excerpt":{"rendered":"<p>Karbis on 64 s\u00fcsinikku<\/p>\n<p>\u00dche s\u00fcsiniku m\u00f5\u00f5tmed: 26x26x26mm<\/p>\n<p>&nbsp;<\/p>","protected":false},"featured_media":21288,"comment_status":"open","ping_status":"closed","template":"","meta":[],"_links":{"self":[{"href":"https:\/\/hookahshop.lt\/et\/wp-json\/wp\/v2\/product\/1351"}],"collection":[{"href":"https:\/\/hookahshop.lt\/et\/wp-json\/wp\/v2\/product"}],"about":[{"href":"https:\/\/hookahshop.lt\/et\/wp-json\/wp\/v2\/types\/product"}],"replies":[{"embeddable":true,"href":"https:\/\/hookahshop.lt\/et\/wp-json\/wp\/v2\/comments?post=1351"}],"version-history":[{"count":11,"href":"https:\/\/hookahshop.lt\/et\/wp-json\/wp\/v2\/product\/1351\/revisions"}],"predecessor-version":[{"id":20453,"href":"https:\/\/hookahshop.lt\/et\/wp-json\/wp\/v2\/product\/1351\/revisions\/20453"}],"wp:featuredmedia":[{"embeddable":true,"href":"https:\/\/hookahshop.lt\/et\/wp-json\/wp\/v2\/media\/21288"}],"wp:attachment":[{"href":"https:\/\/hookahshop.lt\/et\/wp-json\/wp\/v2\/media?parent=1351"}],"curies":[{"name":"wp","href":"https:\/\/api.w.org\/{rel}","templated":true}]}}