{"id":13519,"date":"2020-11-02T22:15:39","date_gmt":"2020-11-02T20:15:39","guid":{"rendered":"https:\/\/hookahshop.lt\/?post_type=product&#038;p=13519"},"modified":"2026-04-15T23:29:14","modified_gmt":"2026-04-15T20:29:14","slug":"taurele-kaljanui-oblako-phunnel-l-glazed-flower-power","status":"publish","type":"product","link":"https:\/\/hookahshop.lt\/et\/toode\/tass-vesipiip-oblako-phunnel-l-glazed-flower-power\/","title":{"rendered":"Tass vesipiibule OBLAKO Phunnel L Glasuuritud lillej\u00f5ud"},"content":{"rendered":"<h2>Tass vesipiibule OBLAKO Phunnel L Glasuuritud lillej\u00f5ud<\/h2>\n<p>Kahe v\u00f5i enama inimese seltskonnas suitsetamiseks sobiv King Size Cup pikendab t\u00e4nu oma mahutavusele suitsetamisaega!<\/p>\n<p>Tass on kaetud glasuuriga, t\u00e4nu millele suudab see pikka aega s\u00e4ilitada oma esialgsed omadused ja v\u00e4limuse. OBLAKO kasutab ainult inims\u00f5bralikku toiduglasuuri, mille on v\u00e4lja t\u00f6\u00f6tanud partnerid spetsialiseeritud laborites, mis asuvad Venemaal \u00fches traditsioonilises keraamikatootmiskeskuses Gzhelskojes.<\/p>\n<p>Tassit\u00e4is tubakat mahutab 25\u201330 grammi.<\/p>\n<p>Spetsifikatsioonid:<br \/>\nK\u00f5rgus: 117mm<br \/>\nL\u00e4bim\u00f5\u00f5t (v\u00e4limine): 77 mm<br \/>\nL\u00e4bim\u00f5\u00f5t (sisemine): 70mm<br \/>\nS\u00fcgavus: 13mm<br \/>\nAva l\u00e4bim\u00f5\u00f5t: 18mm<br \/>\nAukude arv: 1<br \/>\nKaal: umbes 180 grammi<\/p>\n<p>Kas teil on k\u00fcsimusi? v\u00f5ta meiega \u00fchendust <a href=\"https:\/\/hookahshop.lt\/et\/kontaktid\/\">kontaktide leht<\/a> v\u00f5i saatke meile e-kiri aadressil <a href=\"https:\/\/facebook.com\/HookahShop.lt\/\" target=\"_blank\" rel=\"noopener noreferrer\">Facebooki konto<\/a> ja vastame teie taotlusele samal p\u00e4eval.<\/p>","protected":false},"excerpt":{"rendered":"<p>Vesipiibu tass OBLAKO Phunnel L Glazed Flower Power King Size Cup, mis sobib suitsetamiseks kahe v\u00f5i enama inimese seltskonnas, pikendab t\u00e4nu oma mahutavusele suitsetamisaega! Tass on kaetud glasuuriga, t\u00e4nu millele suudab see kaua s\u00e4ilitada oma esialgsed omadused ja v\u00e4limus. OBLAKO kasutab ainult inims\u00f5bralikku toiduglasuuri, mille on v\u00e4lja t\u00f6\u00f6tanud partnerid spetsialiseeritud laborites, mis asuvad \u00fches traditsioonilises Vene [\u2026]<\/p>","protected":false},"featured_media":13520,"comment_status":"open","ping_status":"closed","template":"","meta":[],"_links":{"self":[{"href":"https:\/\/hookahshop.lt\/et\/wp-json\/wp\/v2\/product\/13519"}],"collection":[{"href":"https:\/\/hookahshop.lt\/et\/wp-json\/wp\/v2\/product"}],"about":[{"href":"https:\/\/hookahshop.lt\/et\/wp-json\/wp\/v2\/types\/product"}],"replies":[{"embeddable":true,"href":"https:\/\/hookahshop.lt\/et\/wp-json\/wp\/v2\/comments?post=13519"}],"version-history":[{"count":4,"href":"https:\/\/hookahshop.lt\/et\/wp-json\/wp\/v2\/product\/13519\/revisions"}],"predecessor-version":[{"id":29547,"href":"https:\/\/hookahshop.lt\/et\/wp-json\/wp\/v2\/product\/13519\/revisions\/29547"}],"wp:featuredmedia":[{"embeddable":true,"href":"https:\/\/hookahshop.lt\/et\/wp-json\/wp\/v2\/media\/13520"}],"wp:attachment":[{"href":"https:\/\/hookahshop.lt\/et\/wp-json\/wp\/v2\/media?parent=13519"}],"curies":[{"name":"wp","href":"https:\/\/api.w.org\/{rel}","templated":true}]}}