{"id":13523,"date":"2020-11-02T22:28:50","date_gmt":"2020-11-02T20:28:50","guid":{"rendered":"https:\/\/hookahshop.lt\/?post_type=product&#038;p=13523"},"modified":"2026-04-15T23:29:08","modified_gmt":"2026-04-15T20:29:08","slug":"sepetelis-kaljano-sachtai-arma-white","status":"publish","type":"product","link":"https:\/\/hookahshop.lt\/et\/toode\/pintsel-vesipiibukolviarma-white\/","title":{"rendered":"Pintsel vesipiibuv\u00f5lli jaoks ARMA Valge"},"content":{"rendered":"<h2>Pintsel vesipiibuv\u00f5lli jaoks ARMA Valge<\/h2>\n<p>Hari on m\u00f5eldud vesipiibu varre puhastamiseks, soovitav kasutada koos puhastusvahenditega. J\u00f5uab kohale ja aitab eemaldada kogu mustuse.<\/p>\n<p>Miks on vesipiibu varre puhastamine oluline?<br \/>\nVesipiibu kasutamisel sadestuvad suitsus olevad kahjulikud ained \u0161ahti seintele. Nikotiin, kivis\u00f6e p\u00f5lemisproduktid, tubakaj\u00e4\u00e4kide aroom, mida kasutati eelmistel suitsetamiskordadel jne. Kahjulikud ained ei ole tervisele kasulikud. Ja k\u00f5rvalised aroomid ei lase vesipiipu t\u00e4ielikult nautida. Seet\u00f5ttu on oluline vesipiibu varre iga kord puhastada.<br \/>\nIdeaalis puhastage vesipiibu vars \u2013 p\u00e4rast igat vesipiibu kasutamist.<\/p>\n<p><strong>M\u00f5\u00f5dud:<\/strong><br \/>\nPikkus: 90 cm<\/p>\n<p>Kas teil on k\u00fcsimusi? v\u00f5ta meiega \u00fchendust <a href=\"https:\/\/hookahshop.lt\/et\/kontaktid\/\">kontaktide leht<\/a> v\u00f5i saatke meile e-kiri aadressil <a href=\"https:\/\/facebook.com\/HookahShop.lt\/\" target=\"_blank\" rel=\"noopener noreferrer\">Facebooki konto<\/a> ja vastame teie taotlusele samal p\u00e4eval.<\/p>","protected":false},"excerpt":{"rendered":"<p>Hari konksu konksu jaoks ARMA White Brush konksu konksu puhastamiseks, soovitatav kasutada koos puhastusvahenditega. Sirutab k\u00e4e ja aitab puhastada kogu mustuse. Miks on vesipiibu varre puhastamine oluline? Vesipiibu kasutamisel sadestuvad suitsus olevad kahjulikud ained \u0161ahti seintele. Nikotiin, s\u00f6e p\u00f5letamise saadused, tubakaj\u00e4\u00e4kide aroom, mida on kasutatud varasematel suitsetamiskordadel jne. Ei mingeid kahjulikke aineid [\u2026]<\/p>","protected":false},"featured_media":33881,"comment_status":"open","ping_status":"closed","template":"","meta":[],"_links":{"self":[{"href":"https:\/\/hookahshop.lt\/et\/wp-json\/wp\/v2\/product\/13523"}],"collection":[{"href":"https:\/\/hookahshop.lt\/et\/wp-json\/wp\/v2\/product"}],"about":[{"href":"https:\/\/hookahshop.lt\/et\/wp-json\/wp\/v2\/types\/product"}],"replies":[{"embeddable":true,"href":"https:\/\/hookahshop.lt\/et\/wp-json\/wp\/v2\/comments?post=13523"}],"version-history":[{"count":6,"href":"https:\/\/hookahshop.lt\/et\/wp-json\/wp\/v2\/product\/13523\/revisions"}],"predecessor-version":[{"id":45631,"href":"https:\/\/hookahshop.lt\/et\/wp-json\/wp\/v2\/product\/13523\/revisions\/45631"}],"wp:featuredmedia":[{"embeddable":true,"href":"https:\/\/hookahshop.lt\/et\/wp-json\/wp\/v2\/media\/33881"}],"wp:attachment":[{"href":"https:\/\/hookahshop.lt\/et\/wp-json\/wp\/v2\/media?parent=13523"}],"curies":[{"name":"wp","href":"https:\/\/api.w.org\/{rel}","templated":true}]}}