{"id":13527,"date":"2020-11-02T22:34:15","date_gmt":"2020-11-02T20:34:15","guid":{"rendered":"https:\/\/hookahshop.lt\/?post_type=product&#038;p=13527"},"modified":"2026-04-15T23:29:08","modified_gmt":"2026-04-15T20:29:08","slug":"sepetelis-kaljano-sachtai-arma-black","status":"publish","type":"product","link":"https:\/\/hookahshop.lt\/et\/toode\/pintsel-vesipiibukolviarma-black\/","title":{"rendered":"Pintsel vesipiibukolvi ARMA Must"},"content":{"rendered":"<h2>Pintsel vesipiibukolvi ARMA Must<\/h2>\n<p>Hari on m\u00f5eldud vesipiibu varre puhastamiseks, soovitav kasutada koos puhastusvahenditega. J\u00f5uab kohale ja aitab eemaldada kogu mustuse.<br \/>\nHarja pikkus: 68 cm<br \/>\nHarjaste pikkus: 30 cm<br \/>\nK\u00e4epideme pikkus: 11 cm<\/p>\n<p>Miks on vesipiibu varre puhastamine oluline?<br \/>\nVesipiibu kasutamisel sadestuvad suitsus olevad kahjulikud ained \u0161ahti seintele. Nikotiin, kivis\u00f6e p\u00f5lemisproduktid, tubakaj\u00e4\u00e4kide aroom, mida kasutati eelmistel suitsetamiskordadel jne. Kahjulikud ained ei ole tervisele kasulikud. Ja k\u00f5rvalised aroomid ei lase vesipiipu t\u00e4ielikult nautida. Seet\u00f5ttu on oluline vesipiibu varre iga kord puhastada.<br \/>\nIdeaalis puhastage vesipiibu vars \u2013 p\u00e4rast igat vesipiibu kasutamist.<\/p>\n<p>Kas teil on k\u00fcsimusi? v\u00f5ta meiega \u00fchendust <a href=\"https:\/\/hookahshop.lt\/et\/kontaktid\/\">kontaktide leht<\/a> v\u00f5i saatke meile e-kiri aadressil <a href=\"https:\/\/facebook.com\/HookahShop.lt\/\" target=\"_blank\" rel=\"noopener noreferrer\">Facebooki konto<\/a> ja vastame teie taotlusele samal p\u00e4eval.<\/p>","protected":false},"excerpt":{"rendered":"<p>Hari konksu konksule ARMA Black Hari on m\u00f5eldud konksu varre puhastamiseks ja seda soovitatakse kasutada puhastusvahenditega. Sirutab k\u00e4e ja aitab puhastada kogu mustuse. Harja pikkus: 68cm Harjaste pikkus: 30cm Varre pikkus: 11cm Miks on oluline vesipiibu konksu puhastada? Vesipiibu kasutamisel sadestuvad suitsus olevad kahjulikud ained \u0161ahti seintele. Nikotiin, kivis\u00f6e p\u00f5lemisproduktid, tubakaj\u00e4\u00e4kide aroom, mis oli [\u2026]<\/p>","protected":false},"featured_media":13529,"comment_status":"open","ping_status":"closed","template":"","meta":[],"_links":{"self":[{"href":"https:\/\/hookahshop.lt\/et\/wp-json\/wp\/v2\/product\/13527"}],"collection":[{"href":"https:\/\/hookahshop.lt\/et\/wp-json\/wp\/v2\/product"}],"about":[{"href":"https:\/\/hookahshop.lt\/et\/wp-json\/wp\/v2\/types\/product"}],"replies":[{"embeddable":true,"href":"https:\/\/hookahshop.lt\/et\/wp-json\/wp\/v2\/comments?post=13527"}],"version-history":[{"count":4,"href":"https:\/\/hookahshop.lt\/et\/wp-json\/wp\/v2\/product\/13527\/revisions"}],"predecessor-version":[{"id":30695,"href":"https:\/\/hookahshop.lt\/et\/wp-json\/wp\/v2\/product\/13527\/revisions\/30695"}],"wp:featuredmedia":[{"embeddable":true,"href":"https:\/\/hookahshop.lt\/et\/wp-json\/wp\/v2\/media\/13529"}],"wp:attachment":[{"href":"https:\/\/hookahshop.lt\/et\/wp-json\/wp\/v2\/media?parent=13527"}],"curies":[{"name":"wp","href":"https:\/\/api.w.org\/{rel}","templated":true}]}}