{"id":13581,"date":"2020-11-03T23:41:45","date_gmt":"2020-11-03T21:41:45","guid":{"rendered":"https:\/\/hookahshop.lt\/?post_type=product&#038;p=13581"},"modified":"2026-04-08T13:49:47","modified_gmt":"2026-04-08T10:49:47","slug":"taurele-kaljanui-oblako-phunnel-l-glazed-green","status":"publish","type":"product","link":"https:\/\/hookahshop.lt\/et\/toode\/tass-vesipiip-oblako-phunnel-l-glazed-green\/","title":{"rendered":"Tass vesipiibule OBLAKO Phunnel L Glasuuritud roheline"},"content":{"rendered":"<h2>Tass vesipiibule OBLAKO Phunnel L Glasuuritud roheline<\/h2>\n<p>Vesipiibuklaas &quot;Oblako Phunnel L&quot; (GLAZED GREEN) on glasuuritud, m\u00f5eldud igap\u00e4evaseks suitsetamiseks, ideaalne kerge ja raske tubaka jaoks!<\/p>\n<p>Tass on kaetud glasuuriga, t\u00e4nu millele suudab see pikka aega s\u00e4ilitada oma algsed omadused ja v\u00e4limuse. OBLAKO kasutab ainult inims\u00f5bralikku toiduglasuuri, mille on v\u00e4lja t\u00f6\u00f6tanud partnerid spetsialiseeritud laborites Gzhelskoje, mis on \u00fcks Venemaa traditsioonilisi keraamikatootmise keskusi.<\/p>\n<p>Tass tubakat mahutab 20\u201323 grammi.<\/p>\n<p>Spetsifikatsioonid:<br \/>\nK\u00f5rgus: 118 mm<br \/>\nL\u00e4bim\u00f5\u00f5t (v\u00e4limine): 74 mm<br \/>\nL\u00e4bim\u00f5\u00f5t (sisemine): 68 mm<br \/>\nS\u00fcgavus: 12 mm<br \/>\nAva l\u00e4bim\u00f5\u00f5t: 12 mm<br \/>\nAukude arv: 1<br \/>\nKaal: umbes 182 g.<\/p>\n<p>Kas teil on k\u00fcsimusi? v\u00f5ta meiega \u00fchendust <a href=\"https:\/\/hookahshop.lt\/et\/kontaktid\/\">kontaktide leht<\/a> v\u00f5i saatke meile e-kiri aadressil <a href=\"https:\/\/facebook.com\/HookahShop.lt\/\" target=\"_blank\" rel=\"noopener noreferrer\">Facebooki konto<\/a> ja vastame teie taotlusele samal p\u00e4eval.<\/p>","protected":false},"excerpt":{"rendered":"<p>Vesipiibukauss OBLAKO Phunnel L Glasuuritud Roheline Vesipiibu kauss &quot;Oblako Phunnel L&quot; (GLAZED GREEN) on glasuuritud igap\u00e4evaseks suitsetamiseks, ideaalne kerge ja raske tubaka jaoks! Tass on kaetud glasuuriga, t\u00e4nu millele suudab see kaua s\u00e4ilitada oma esialgsed omadused ja v\u00e4limus. OBLAKO kasutab ainult inimesele ohutut toiduglasuuri, mille on v\u00e4lja t\u00f6\u00f6tanud partnerid spetsialiseeritud laborites, mis asuvad \u00fches [\u2026]<\/p>","protected":false},"featured_media":13582,"comment_status":"open","ping_status":"closed","template":"","meta":[],"_links":{"self":[{"href":"https:\/\/hookahshop.lt\/et\/wp-json\/wp\/v2\/product\/13581"}],"collection":[{"href":"https:\/\/hookahshop.lt\/et\/wp-json\/wp\/v2\/product"}],"about":[{"href":"https:\/\/hookahshop.lt\/et\/wp-json\/wp\/v2\/types\/product"}],"replies":[{"embeddable":true,"href":"https:\/\/hookahshop.lt\/et\/wp-json\/wp\/v2\/comments?post=13581"}],"version-history":[{"count":4,"href":"https:\/\/hookahshop.lt\/et\/wp-json\/wp\/v2\/product\/13581\/revisions"}],"predecessor-version":[{"id":29852,"href":"https:\/\/hookahshop.lt\/et\/wp-json\/wp\/v2\/product\/13581\/revisions\/29852"}],"wp:featuredmedia":[{"embeddable":true,"href":"https:\/\/hookahshop.lt\/et\/wp-json\/wp\/v2\/media\/13582"}],"wp:attachment":[{"href":"https:\/\/hookahshop.lt\/et\/wp-json\/wp\/v2\/media?parent=13581"}],"curies":[{"name":"wp","href":"https:\/\/api.w.org\/{rel}","templated":true}]}}