{"id":1360,"date":"2020-03-26T14:00:46","date_gmt":"2020-03-26T12:00:46","guid":{"rendered":"http:\/\/hookahshop.lt\/?post_type=product&#038;p=1360"},"modified":"2026-04-06T23:29:17","modified_gmt":"2026-04-06T20:29:17","slug":"valymo-priemone-kaljanui-schmand-weg","status":"publish","type":"product","link":"https:\/\/hookahshop.lt\/et\/toode\/puhasti-for-vesipiibu-schmand-weg\/","title":{"rendered":"Vesipiibupuhastaja SCHMAND WEG 150g"},"content":{"rendered":"<h2>Vesipiibupuhastaja SCHMAND WEG 150g<\/h2>\n<p>Antibakteriaalne puhastus vesipiibu hooldusvahend h\u00f5lbustab vesipiibu vajalikku hooldamist ja tagab seadme hea seisundi pikemaks ajaks. Sageli pestud vesipiibu ja selle tarvikute kasutusiga pikeneb. Vesipiibu ja selle tarvikute regulaarne pesemine aitab v\u00e4ltida v\u00e4limuse muutusi, roostet, ebameeldivat l\u00f5hna.<\/p>\n<p>Kasutamine: pesuvahend Lahustage 2 tl (8g.) Soojas (mitte kuumas) vees 1l. Lisage segu pestavale osale ja oodake vajadusel umbes 5 minutit v\u00f5i kauem. Seej\u00e4rel loputage mitu korda veega. H\u00f5\u00f5ruge tugevalt m\u00e4\u00e4rdunud kohti harjaga.<\/p>\n<p>P\u00f5hjustab t\u00f5sist silmade \u00e4rritust. Hoida lastele k\u00e4ttesaamatus kohas. SILMA SATTUMISE KORRAL: loputada mitme minuti jooksul ettevaatlikult veega. Eemaldage kontaktl\u00e4\u00e4tsed, kui need on olemas ja seda on lihtne teha. J\u00e4tkake pesemist. Silma\u00e4rrituse p\u00fcsimisel: p\u00f6\u00f6rduda arsti poole. Valmistage see pakend v\u00f5i etikett ette. Omadused: Eemaldab mustuse veekindlatelt pindadelt. Hea rasva\u00e4rastus- ja h\u00fcgieeniefektiga. K\u00f5rvaldab ebameeldivad l\u00f5hnad. Kasutamine: Suurema mustuse korral vala anumasse 2g. pulber ja valage sooja veega. Laske tootel m\u00f5nda aega m\u00f5juda ja loputage mitu korda k\u00fclma veega. Kui klaasil on rohkem mustust, kasutage puhastusharja. Koostis: (vastavalt EG soovitusele): 5-15 % mittehobuste pindaktiivset ainet, v\u00e4hem kui 5 % anioonset pindaktiivset ainet. Muud koostisained: silikaadid, fosfaadid, l\u00f5hna- ja maitseained ja vee kareduse kompleksi moodustav aine Stabilisaator. UBA 4285 0001<\/p>\n<p><strong>Paki maht: 140g<\/strong><\/p>\n<p>Kas teil on k\u00fcsimusi? v\u00f5ta meiega \u00fchendust\u00a0<a href=\"https:\/\/hookahshop.lt\/et\/kontaktid\/\">kontaktide leht<\/a>\u00a0v\u00f5i saatke meile e-kiri aadressil\u00a0<a href=\"https:\/\/facebook.com\/HookahShop.lt\/\" target=\"_blank\" rel=\"noopener noreferrer\">Facebooki konto<\/a>\u00a0ja vastame teie taotlusele samal p\u00e4eval.<\/p>\n<p>&nbsp;<\/p>","protected":false},"excerpt":{"rendered":"<p>Vesipiibu puhastusvahendid \u2013 Schmand WEG on m\u00f5eldud erinevate pindade puhastamiseks ja kogunenud l\u00f5hnade eemaldamiseks.<\/p>","protected":false},"featured_media":42907,"comment_status":"open","ping_status":"closed","template":"","meta":[],"_links":{"self":[{"href":"https:\/\/hookahshop.lt\/et\/wp-json\/wp\/v2\/product\/1360"}],"collection":[{"href":"https:\/\/hookahshop.lt\/et\/wp-json\/wp\/v2\/product"}],"about":[{"href":"https:\/\/hookahshop.lt\/et\/wp-json\/wp\/v2\/types\/product"}],"replies":[{"embeddable":true,"href":"https:\/\/hookahshop.lt\/et\/wp-json\/wp\/v2\/comments?post=1360"}],"version-history":[{"count":13,"href":"https:\/\/hookahshop.lt\/et\/wp-json\/wp\/v2\/product\/1360\/revisions"}],"predecessor-version":[{"id":44855,"href":"https:\/\/hookahshop.lt\/et\/wp-json\/wp\/v2\/product\/1360\/revisions\/44855"}],"wp:featuredmedia":[{"embeddable":true,"href":"https:\/\/hookahshop.lt\/et\/wp-json\/wp\/v2\/media\/42907"}],"wp:attachment":[{"href":"https:\/\/hookahshop.lt\/et\/wp-json\/wp\/v2\/media?parent=1360"}],"curies":[{"name":"wp","href":"https:\/\/api.w.org\/{rel}","templated":true}]}}