{"id":13600,"date":"2020-11-04T01:07:06","date_gmt":"2020-11-03T23:07:06","guid":{"rendered":"https:\/\/hookahshop.lt\/?post_type=product&#038;p=13600"},"modified":"2026-04-18T23:29:06","modified_gmt":"2026-04-18T20:29:06","slug":"taurele-kaljanui-oblako-killer-quicksilver-matte","status":"publish","type":"product","link":"https:\/\/hookahshop.lt\/et\/toode\/tass-vesipiip-oblako-killer-quicksilver-matte\/","title":{"rendered":"Tass vesipiibule OBLAKO Killer Quicksilver Matte"},"content":{"rendered":"<h2>Tass vesipiibule OBLAKO Killer Quicksilver Matte<\/h2>\n<p>See on klassikaline klaasitud tass, mis sobib igat t\u00fc\u00fcpi tubakale, minimaalseks kuumuse kontrollimiseks!<\/p>\n<p>Tass on kaetud glasuuriga, t\u00e4nu millele suudab see pikka aega s\u00e4ilitada oma algsed omadused ja v\u00e4limuse. OBLAKO kasutab ainult inims\u00f5bralikku toiduglasuuri, mille on v\u00e4lja t\u00f6\u00f6tanud partnerid spetsialiseeritud laborites Gzhelskoje, mis on \u00fcks Venemaa traditsioonilisi keraamikatootmise keskusi.<\/p>\n<p>Tassit\u00e4is tubakat mahutab 25\u201330 grammi.<\/p>\n<p>Spetsifikatsioonid:<br \/>\nK\u00f5rgus: 120mm<br \/>\nL\u00e4bim\u00f5\u00f5t (v\u00e4limine): 72 mm<br \/>\nL\u00e4bim\u00f5\u00f5t (sisemine): 62mm<br \/>\nS\u00fcgavus: 15mm<br \/>\nAva l\u00e4bim\u00f5\u00f5t: 8mm<br \/>\nAukude arv: 5<br \/>\nKaal: umbes 197 g.<\/p>\n<p>Kas teil on k\u00fcsimusi? v\u00f5ta meiega \u00fchendust <a href=\"https:\/\/hookahshop.lt\/et\/kontaktid\/\">kontaktide leht<\/a> v\u00f5i saatke meile e-kiri aadressil <a href=\"https:\/\/facebook.com\/HookahShop.lt\/\" target=\"_blank\" rel=\"noopener noreferrer\">Facebooki konto<\/a> ja vastame teie taotlusele samal p\u00e4eval.<\/p>","protected":false},"excerpt":{"rendered":"<p>Vesipiibu tass OBLAKO Killer Quicksilver Matte See on klassikaline glasuuritud tass, mis sobib k\u00f5ikidele tubakat\u00fc\u00fcpidele minimaalse kuumuse kontrollimiseks! Tass on kaetud glasuuriga, t\u00e4nu millele suudab see kaua s\u00e4ilitada oma esialgsed omadused ja v\u00e4limus. OBLAKO kasutab ainult inims\u00f5bralikku toiduglasuuri, mille on v\u00e4lja t\u00f6\u00f6tanud partnerid spetsialiseeritud laborites, mis asuvad Gzhelskojes, \u00fches Venemaa traditsioonilises keraamikatootmiskeskuses. Tass tubakat mahutab [\u2026]<\/p>","protected":false},"featured_media":13647,"comment_status":"open","ping_status":"closed","template":"","meta":[],"_links":{"self":[{"href":"https:\/\/hookahshop.lt\/et\/wp-json\/wp\/v2\/product\/13600"}],"collection":[{"href":"https:\/\/hookahshop.lt\/et\/wp-json\/wp\/v2\/product"}],"about":[{"href":"https:\/\/hookahshop.lt\/et\/wp-json\/wp\/v2\/types\/product"}],"replies":[{"embeddable":true,"href":"https:\/\/hookahshop.lt\/et\/wp-json\/wp\/v2\/comments?post=13600"}],"version-history":[{"count":4,"href":"https:\/\/hookahshop.lt\/et\/wp-json\/wp\/v2\/product\/13600\/revisions"}],"predecessor-version":[{"id":37915,"href":"https:\/\/hookahshop.lt\/et\/wp-json\/wp\/v2\/product\/13600\/revisions\/37915"}],"wp:featuredmedia":[{"embeddable":true,"href":"https:\/\/hookahshop.lt\/et\/wp-json\/wp\/v2\/media\/13647"}],"wp:attachment":[{"href":"https:\/\/hookahshop.lt\/et\/wp-json\/wp\/v2\/media?parent=13600"}],"curies":[{"name":"wp","href":"https:\/\/api.w.org\/{rel}","templated":true}]}}