{"id":1363,"date":"2020-03-26T14:28:38","date_gmt":"2020-03-26T12:28:38","guid":{"rendered":"http:\/\/hookahshop.lt\/?post_type=product&#038;p=1363"},"modified":"2026-04-06T23:29:02","modified_gmt":"2026-04-06T20:29:02","slug":"kolba-kaljanui-njn-hookah-black","status":"publish","type":"product","link":"https:\/\/hookahshop.lt\/et\/toode\/kolb-vesipiibu-njn-vesipiibu-must\/","title":{"rendered":"Kolb kiilakale NJN HOOKAH Must"},"content":{"rendered":"<h2>Kolb kiilakale NJN HOOKAH Must<\/h2>\n<p id=\"tw-target-text\" class=\"tw-data-text tw-text-large XcVN5d tw-ta\" dir=\"ltr\" data-placeholder=\"Vertimas\"><span lang=\"lt\">NJN Hookah on Venemaa kaubam\u00e4rk, mis on tootnud vesipiibu kolbe alates 2013. aastast. <\/span><span lang=\"lt\">Vesipiibu kolb NJN on valmistatud k\u00e4sitsi. <\/span><span lang=\"lt\">NJ vormist on saanud parim kodu- ja vesipiibukeha valik.<\/span><\/p>\n<p class=\"tw-data-text tw-text-large XcVN5d tw-ta\" dir=\"ltr\" data-placeholder=\"Vertimas\"><strong><span title=\"\">Spetsifikatsioonid:<\/span><\/strong><\/p>\n<p>K\u00f5rgus: 260 mm<br \/>\nKaal: ~ 1790 g<br \/>\nV\u00e4lisl\u00e4bim\u00f5\u00f5t: 69 mm<br \/>\nSisel\u00e4bim\u00f5\u00f5t: 46 mm<br \/>\nToote materjal: klaas<\/p>\n<p dir=\"ltr\" data-placeholder=\"Vertimas\">Kas teil on k\u00fcsimusi? v\u00f5ta meiega \u00fchendust\u00a0<a href=\"https:\/\/hookahshop.lt\/et\/kontaktid\/\">kontaktide leht<\/a>\u00a0v\u00f5i saatke meile e-kiri aadressil\u00a0<a href=\"https:\/\/facebook.com\/HookahShop.lt\/\" target=\"_blank\" rel=\"noopener noreferrer\">Facebooki konto<\/a>\u00a0ja vastame teie taotlusele samal p\u00e4eval.<\/p>","protected":false},"excerpt":{"rendered":"<p>Must kolb vesipiibu jaoks - NJN Hookah<\/p>","protected":false},"featured_media":8758,"comment_status":"open","ping_status":"closed","template":"","meta":[],"_links":{"self":[{"href":"https:\/\/hookahshop.lt\/et\/wp-json\/wp\/v2\/product\/1363"}],"collection":[{"href":"https:\/\/hookahshop.lt\/et\/wp-json\/wp\/v2\/product"}],"about":[{"href":"https:\/\/hookahshop.lt\/et\/wp-json\/wp\/v2\/types\/product"}],"replies":[{"embeddable":true,"href":"https:\/\/hookahshop.lt\/et\/wp-json\/wp\/v2\/comments?post=1363"}],"version-history":[{"count":5,"href":"https:\/\/hookahshop.lt\/et\/wp-json\/wp\/v2\/product\/1363\/revisions"}],"predecessor-version":[{"id":45144,"href":"https:\/\/hookahshop.lt\/et\/wp-json\/wp\/v2\/product\/1363\/revisions\/45144"}],"wp:featuredmedia":[{"embeddable":true,"href":"https:\/\/hookahshop.lt\/et\/wp-json\/wp\/v2\/media\/8758"}],"wp:attachment":[{"href":"https:\/\/hookahshop.lt\/et\/wp-json\/wp\/v2\/media?parent=1363"}],"curies":[{"name":"wp","href":"https:\/\/api.w.org\/{rel}","templated":true}]}}