{"id":13875,"date":"2020-11-07T19:59:17","date_gmt":"2020-11-07T17:59:17","guid":{"rendered":"https:\/\/hookahshop.lt\/?post_type=product&#038;p=13875"},"modified":"2026-05-05T15:07:04","modified_gmt":"2026-05-05T12:07:04","slug":"kaljanas-union-hookah-sleek-volt-light","status":"publish","type":"product","link":"https:\/\/hookahshop.lt\/et\/toode\/vesipiip-union-hookah-sleek-volt-light\/","title":{"rendered":"Vesipiip UNION HOOKAH Sleek Volt Light"},"content":{"rendered":"<h2>Kaljanase liidu vesipiibu klanitud voltvalgus<\/h2>\n<p>Union Hookah Sleek mudelid on olnud Venemaa turul juba m\u00f5nda aega ja on \u00fcllatavalt erilised nii disaini kui suurep\u00e4raste v\u00e4rvivalikute poolest! Olgu selleks siis lihtne puitdisain, ebatavalised laminaatmustrid v\u00f5i v\u00e4ga populaarsed epoks\u00fcvaigust ja puidust valmistatud h\u00fcbriiddisainid \u2013 Union Hookah pakub kindlasti midagi igale vesipiibus\u00f5brale!<\/p>\n<p>Aluspind ja materjal<br \/>\nUnion Vesipiibu v\u00f5ll on valmistatud roostevabast terasest. Tootja tagab, et vesipiibude jaoks kasutatakse ainult parimaid materjale. Union Hookah Sleeki alus on valmistatud kvaliteetsest plastikust, millele on pressitud Union Hookah logo. Alusel on ka puhastusventiil ja vooliku\u00fchendus, mis sisestatakse alusesse O-r\u00f5nga kaudu.<\/p>\n<p>S\u00fcsinikuplaadid, suitsetamisomadused ja muud lisandid<br \/>\nUnion Hookah Sleeki uuel versioonil on omamoodi vooliku\u00fchenduse pistik. Niisiis, sisestate lihtsalt vooliku pistiku r\u00f5ngaste abil alusesse. Nagu vene vesipiibudele omane, sisestatakse alus kolbi. Keelek\u00fcmblustoru keeratakse altpoolt p\u00f5hja ja on loomulikult valmistatud roostevabast terasest. V\u00f5llil pole hajutit. Klanitud versioon on v\u00e4ga huvitav selle poolest, et suitsetamine sarnaneb pigem klassikalise klouniga. Selle p\u00f5hjuseks on v\u00f5lli veidi v\u00e4iksem l\u00e4bim\u00f5\u00f5t. Union Hookahs sobib eriti f\u00e4nnidele, kes ei otsi hajutit, kuid kellele meeldib v\u00e4ike vastupanu!<\/p>\n<p><strong>Varustus:<\/strong><\/p>\n<p>Plaat<br \/>\nV\u00f5lli<br \/>\nKlaasist kolb<br \/>\nPuidust kaunistamine<br \/>\nSoolestik<\/p>\n<p><strong>Tehnilised kirjeldused:<\/strong><\/p>\n<p>\u00dcldk\u00f5rgus: umbes 55 cm<br \/>\nKolvi l\u00e4bim\u00f5\u00f5t: umbes 4,5 cm<br \/>\nkolvi k\u00f5rgus: umbes 27 cm<br \/>\nMaterjal: roostevaba teras akr\u00fc\u00fcl-, puit-, laminaat- v\u00f5i epoks\u00fcvaiguga<br \/>\nValmistatud Venemaal<\/p>\n<p>Kas teil on k\u00fcsimusi? v\u00f5ta meiega \u00fchendust <a href=\"https:\/\/hookahshop.lt\/et\/kontaktid\/\">kontaktide leht<\/a> v\u00f5i saatke meile e-kiri aadressil <a href=\"https:\/\/facebook.com\/HookahShop.lt\/\" target=\"_blank\" rel=\"noopener noreferrer\">Facebooki konto<\/a> ja vastame teie taotlusele samal p\u00e4eval.<\/p>","protected":false},"excerpt":{"rendered":"<p>Vesipiibu Union Hookah Sleek Volt Light Union Hookah Sleek mudelid on olnud Venemaa turul juba m\u00f5nda aega ning on \u00fcllatavalt erilise disaini ja suurep\u00e4raste v\u00e4rvivalikute poolest! Olgu selleks siis lihtne puitdisain, ebatavalised laminaatmustrid v\u00f5i v\u00e4ga populaarsed epoks\u00fcvaigust ja puidust valmistatud h\u00fcbriiddisainid \u2013 Union Hookah pakub kindlasti midagi igale vesipiibus\u00f5brale! Substraat ja materjal [\u2026]<\/p>","protected":false},"featured_media":21297,"comment_status":"open","ping_status":"closed","template":"","meta":[],"_links":{"self":[{"href":"https:\/\/hookahshop.lt\/et\/wp-json\/wp\/v2\/product\/13875"}],"collection":[{"href":"https:\/\/hookahshop.lt\/et\/wp-json\/wp\/v2\/product"}],"about":[{"href":"https:\/\/hookahshop.lt\/et\/wp-json\/wp\/v2\/types\/product"}],"replies":[{"embeddable":true,"href":"https:\/\/hookahshop.lt\/et\/wp-json\/wp\/v2\/comments?post=13875"}],"version-history":[{"count":4,"href":"https:\/\/hookahshop.lt\/et\/wp-json\/wp\/v2\/product\/13875\/revisions"}],"predecessor-version":[{"id":22941,"href":"https:\/\/hookahshop.lt\/et\/wp-json\/wp\/v2\/product\/13875\/revisions\/22941"}],"wp:featuredmedia":[{"embeddable":true,"href":"https:\/\/hookahshop.lt\/et\/wp-json\/wp\/v2\/media\/21297"}],"wp:attachment":[{"href":"https:\/\/hookahshop.lt\/et\/wp-json\/wp\/v2\/media?parent=13875"}],"curies":[{"name":"wp","href":"https:\/\/api.w.org\/{rel}","templated":true}]}}