{"id":13920,"date":"2020-11-08T18:36:35","date_gmt":"2020-11-08T16:36:35","guid":{"rendered":"https:\/\/hookahshop.lt\/?post_type=product&#038;p=13920"},"modified":"2026-04-17T16:33:05","modified_gmt":"2026-04-17T13:33:05","slug":"kaljanas-wookah-nox","status":"publish","type":"product","link":"https:\/\/hookahshop.lt\/et\/toode\/vesipiip-wookah-nox\/","title":{"rendered":"Vesipiip WOOKAH Nox"},"content":{"rendered":"<h2>Vesipiip Wookah Nox<\/h2>\n<p>See on originaalse stiiliga vesipiip, millel on naturaalne puitviimistlus, meeldej\u00e4\u00e4v disain ja \u00fcksk\u00f5ikne suitsetamiskogemus.<\/p>\n<p>Kolb on valmistatud k\u00e4sitsi valmistatud puidust. Sellel on WOOKAH-graveeringuga roostevabast terasest niit. Smooth kolb paistab silma, kuna sellel on t\u00e4iesti sile pind ja puuduvad sissel\u00f5iked.<\/p>\n<p>Igal WOOKAH-il on kiirkinnituss\u00fcsteem, tehniline lahendus, mis v\u00f5imaldab kiiresti ja mugavalt WOOKAH-i \u00fclaosa WOOKAH-kolbi k\u00fclge kinnitada. Saate \u00fchendada kaks eset vaid l\u00fchikese liigutusega.<\/p>\n<p>Sellel on ka v\u00f5lli\u00fchendus ja vooliku\u00fchendus teie vooliku jaoks. Peamine omadus on see, et klapid ja vooliku\u00fchendused sobivad lihtsalt adapteritega. Osa saab kindlalt kinnitada ilma t\u00e4iendavaid tihendeid kasutamata.<\/p>\n<p><strong>PEAMISED SPETSIFIKATSIOONID<\/strong><\/p>\n<p>63 cm k\u00f5rge<br \/>\nkaal: umbes 3 kg<br \/>\nkiirlukus\u00fcsteem<br \/>\n1.4301 (V2A) roostevabast terasest metallosad<br \/>\nk\u00f5igil osadel on kordumatu seerianumber<\/p>\n<p><strong>KOMPONENDID<\/strong><\/p>\n<p>plaat<br \/>\nkorpus (sisaldab: roostevabast terasest v\u00f5lli, t\u00e4ielikult kaitstud puidust korpust ja spetsiaalset ventilatsioonis\u00fcsteemi suunatavate torudega, mis h\u00f5lbustavad liigse suitsu puhastamist ja kiirlukustuss\u00fcsteemi)<br \/>\nventiili komplekt<br \/>\nvooliku\u00fchendus<br \/>\nkiirvabastuss\u00fcsteemiga kolb<br \/>\npikkus: 210 mm<br \/>\nautentsussertifikaat<\/p>\n<p>Kas teil on k\u00fcsimusi? v\u00f5ta meiega \u00fchendust <a href=\"https:\/\/hookahshop.lt\/et\/kontaktid\/\">kontaktide leht<\/a> v\u00f5i saatke meile e-kiri aadressil <a href=\"https:\/\/facebook.com\/HookahShop.lt\/\" target=\"_blank\" rel=\"noopener noreferrer\">Facebooki konto<\/a> ja vastame teie taotlusele samal p\u00e4eval.<\/p>","protected":false},"excerpt":{"rendered":"<p>Vesipiip Wookah Nox See on originaalse stiiliga vesipiip, millel on naturaalne puitviimistlus, meeldej\u00e4\u00e4v disain ja \u00fcksk\u00f5ikne suitsetamiskogemus. Kolb on valmistatud k\u00e4sitsi valmistatud puidust. Sellel on WOOKAH-graveeringuga roostevabast terasest niit. Smooth kolb paistab silma, kuna sellel on t\u00e4iesti sile pind ja puuduvad sissel\u00f5iked. Igal WOOKAHil on kiirlukus\u00fcsteem, tehniline lahendus, [\u2026]<\/p>","protected":false},"featured_media":13921,"comment_status":"open","ping_status":"closed","template":"","meta":[],"_links":{"self":[{"href":"https:\/\/hookahshop.lt\/et\/wp-json\/wp\/v2\/product\/13920"}],"collection":[{"href":"https:\/\/hookahshop.lt\/et\/wp-json\/wp\/v2\/product"}],"about":[{"href":"https:\/\/hookahshop.lt\/et\/wp-json\/wp\/v2\/types\/product"}],"replies":[{"embeddable":true,"href":"https:\/\/hookahshop.lt\/et\/wp-json\/wp\/v2\/comments?post=13920"}],"version-history":[{"count":4,"href":"https:\/\/hookahshop.lt\/et\/wp-json\/wp\/v2\/product\/13920\/revisions"}],"predecessor-version":[{"id":33900,"href":"https:\/\/hookahshop.lt\/et\/wp-json\/wp\/v2\/product\/13920\/revisions\/33900"}],"wp:featuredmedia":[{"embeddable":true,"href":"https:\/\/hookahshop.lt\/et\/wp-json\/wp\/v2\/media\/13921"}],"wp:attachment":[{"href":"https:\/\/hookahshop.lt\/et\/wp-json\/wp\/v2\/media?parent=13920"}],"curies":[{"name":"wp","href":"https:\/\/api.w.org\/{rel}","templated":true}]}}