{"id":14648,"date":"2020-11-20T23:55:43","date_gmt":"2020-11-20T21:55:43","guid":{"rendered":"https:\/\/hookahshop.lt\/?post_type=product&#038;p=14648"},"modified":"2026-04-21T23:29:10","modified_gmt":"2026-04-21T20:29:10","slug":"anglys-kaljanui-al-mani-coco-25mm","status":"publish","type":"product","link":"https:\/\/hookahshop.lt\/et\/toode\/susi-vesipiibule-al-mani-coco-25mm\/","title":{"rendered":"S\u00fcsi vesipiibule AL-MANI COCO 25mm 1kg"},"content":{"rendered":"<h2>S\u00fcsi vesipiibule AL-MANI COCO 25mm 1kg<\/h2>\n<p>AL-MANI COCO Gold esmaklassiline s\u00fcsi on valmistatud looduslikust kookoskoorest.<br \/>\n\u00dche s\u00fcsiniku m\u00f5\u00f5dud: 25x25x25mm.<br \/>\nKarbis on 72 s\u00fcsinikku.<br \/>\nKivis\u00fcsi kaua kuumas, p\u00f5leb ca 1,5h.<br \/>\nL\u00f5hnatu.<br \/>\nS\u00f6e p\u00f5letamiseks vajate vesipiibu, turistide gaasipliidi vms jaoks elektrilist pliiti.<br \/>\nP\u00e4ritoluriik: Indoneesia<\/p>\n<p>Kas teil on k\u00fcsimusi? v\u00f5ta meiega \u00fchendust <a href=\"https:\/\/hookahshop.lt\/et\/kontaktid\/\">kontaktide leht<\/a> v\u00f5i saatke meile e-kiri aadressil <a href=\"https:\/\/facebook.com\/HookahShop.lt\/\" target=\"_blank\" rel=\"noopener noreferrer\">Facebooki konto<\/a> ja vastame teie taotlusele samal p\u00e4eval.<\/p>","protected":false},"excerpt":{"rendered":"<p>S\u00fcsi vesipiibu jaoks AL-MANI COCO 25mm 1kg AL-MANI COCO Gold Premium s\u00fcsi, mis on valmistatud looduslikust kookoskoorest. \u00dche s\u00fcsiniku m\u00f5\u00f5dud: 25x25x25mm. Karbis on 72 s\u00fcsinikku. Kivis\u00fcsi kaua kuumas, p\u00f5leb ca 1,5h. L\u00f5hnatu. S\u00f6e p\u00f5letamiseks on vaja elektripliiti vesipiibu jaoks, turistigaasi pliiti jne. P\u00e4ritoluriik: Indoneesia Kas teil on k\u00fcsimusi? V\u00f5tke meiega \u00fchendust kontaktide lehel v\u00f5i kirjutage [\u2026]<\/p>","protected":false},"featured_media":14652,"comment_status":"open","ping_status":"closed","template":"","meta":[],"_links":{"self":[{"href":"https:\/\/hookahshop.lt\/et\/wp-json\/wp\/v2\/product\/14648"}],"collection":[{"href":"https:\/\/hookahshop.lt\/et\/wp-json\/wp\/v2\/product"}],"about":[{"href":"https:\/\/hookahshop.lt\/et\/wp-json\/wp\/v2\/types\/product"}],"replies":[{"embeddable":true,"href":"https:\/\/hookahshop.lt\/et\/wp-json\/wp\/v2\/comments?post=14648"}],"version-history":[{"count":4,"href":"https:\/\/hookahshop.lt\/et\/wp-json\/wp\/v2\/product\/14648\/revisions"}],"predecessor-version":[{"id":23375,"href":"https:\/\/hookahshop.lt\/et\/wp-json\/wp\/v2\/product\/14648\/revisions\/23375"}],"wp:featuredmedia":[{"embeddable":true,"href":"https:\/\/hookahshop.lt\/et\/wp-json\/wp\/v2\/media\/14652"}],"wp:attachment":[{"href":"https:\/\/hookahshop.lt\/et\/wp-json\/wp\/v2\/media?parent=14648"}],"curies":[{"name":"wp","href":"https:\/\/api.w.org\/{rel}","templated":true}]}}