{"id":14766,"date":"2020-11-22T00:46:23","date_gmt":"2020-11-21T22:46:23","guid":{"rendered":"https:\/\/hookahshop.lt\/?post_type=product&#038;p=14766"},"modified":"2026-04-17T23:29:33","modified_gmt":"2026-04-17T20:29:33","slug":"sepetys-kaljano-kolbai-al-mani","status":"publish","type":"product","link":"https:\/\/hookahshop.lt\/et\/toode\/pintsel-vesipiibukolvi-al-mani\/","title":{"rendered":"Pintsel vesipiibukolvi jaoks AL-MANI Erinevad v\u00e4rvid"},"content":{"rendered":"<h2>Konkskonksukolvi hari AL-MANI (erinevaid v\u00e4rve)<\/h2>\n<p>Aitab vesipiibu kolbi paremini hooldada. Teil on lihtne juurdep\u00e4\u00e4s kogu mustusele.<br \/>\nSpetsifikatsioonid:<br \/>\nHarja pikkus: umbes 45 cm<br \/>\nHarjaste pikkus: 35 cm<br \/>\nHarjaste laius: 3 cm<\/p>\n<p><em>Valikus on k\u00e4epideme v\u00e4rvid: <strong>sinine, valge<\/strong>.<\/em><br \/>\n<em>Toote tellimisel kirjuta soovitud v\u00e4rv lahtrisse &quot;M\u00e4rkused&quot;.<\/em><\/p>\n<p>Kas teil on k\u00fcsimusi? v\u00f5ta meiega \u00fchendust <a href=\"https:\/\/hookahshop.lt\/et\/kontaktid\/\">kontaktide leht<\/a> v\u00f5i saatke meile e-kiri aadressil <a href=\"https:\/\/facebook.com\/HookahShop.lt\/\" target=\"_blank\" rel=\"noopener noreferrer\">Facebooki konto<\/a> ja vastame teie taotlusele samal p\u00e4eval.<\/p>","protected":false},"excerpt":{"rendered":"<p>Vesipiibuhari AL-MANI (erinevad v\u00e4rvid) Aitab teil oma vesipiibukaussi paremini hooldada. Ligip\u00e4\u00e4sete h\u00f5lpsalt kogu mustusele. Spetsifikatsioonid: Harja pikkus: umbes 45 cm Harjaste pikkus: 35 cm Harjaste laius: 3 cm K\u00e4epidemete v\u00e4rvi on v\u00f5imalik valida: sinine, valge. Kirjutage soovitud v\u00e4rv toote tellimisel &quot;M\u00e4rkused&quot; jaotisse. Kas teil on k\u00fcsimusi? V\u00f5tke meiega \u00fchendust kontaktide lehel v\u00f5i kirjutage meile Facebookis [\u2026]<\/p>","protected":false},"featured_media":14768,"comment_status":"open","ping_status":"closed","template":"","meta":[],"_links":{"self":[{"href":"https:\/\/hookahshop.lt\/et\/wp-json\/wp\/v2\/product\/14766"}],"collection":[{"href":"https:\/\/hookahshop.lt\/et\/wp-json\/wp\/v2\/product"}],"about":[{"href":"https:\/\/hookahshop.lt\/et\/wp-json\/wp\/v2\/types\/product"}],"replies":[{"embeddable":true,"href":"https:\/\/hookahshop.lt\/et\/wp-json\/wp\/v2\/comments?post=14766"}],"version-history":[{"count":6,"href":"https:\/\/hookahshop.lt\/et\/wp-json\/wp\/v2\/product\/14766\/revisions"}],"predecessor-version":[{"id":42947,"href":"https:\/\/hookahshop.lt\/et\/wp-json\/wp\/v2\/product\/14766\/revisions\/42947"}],"wp:featuredmedia":[{"embeddable":true,"href":"https:\/\/hookahshop.lt\/et\/wp-json\/wp\/v2\/media\/14768"}],"wp:attachment":[{"href":"https:\/\/hookahshop.lt\/et\/wp-json\/wp\/v2\/media?parent=14766"}],"curies":[{"name":"wp","href":"https:\/\/api.w.org\/{rel}","templated":true}]}}