{"id":14772,"date":"2020-11-22T01:02:08","date_gmt":"2020-11-21T23:02:08","guid":{"rendered":"https:\/\/hookahshop.lt\/?post_type=product&#038;p=14772"},"modified":"2026-04-14T23:28:41","modified_gmt":"2026-04-14T20:28:41","slug":"individualus-kaljano-kandiklis-smoke-me-ivairiu-spalvu","status":"publish","type":"product","link":"https:\/\/hookahshop.lt\/et\/toode\/individuaalne-vesipiibu-huulik-smoke-me-ivairiu-spalvu\/","title":{"rendered":"Individuaalne vesipiibu huulik SMOKE ME Erinevad v\u00e4rvid"},"content":{"rendered":"<h2>Kohandatud vesipiibu huulik SMOKE ME (erinevaid v\u00e4rve)<\/h2>\n<p><em>V\u00f5imalus valida huuliku v\u00e4rve: <strong>kollane, oran\u017e, roheline, punane<\/strong>.<\/em><br \/>\n<em>Toote tellimisel sisestage soovitud v\u00e4rv lahtrisse &quot;M\u00e4rkused&quot;.<\/em><\/p>\n<p>Kas teil on k\u00fcsimusi? v\u00f5ta meiega \u00fchendust <a href=\"https:\/\/hookahshop.lt\/et\/kontaktid\/\">kontaktide leht<\/a> v\u00f5i saatke meile e-kiri aadressil <a href=\"https:\/\/facebook.com\/HookahShop.lt\/\" target=\"_blank\" rel=\"noopener noreferrer\">Facebooki konto<\/a> ja vastame teie taotlusele samal p\u00e4eval.<\/p>","protected":false},"excerpt":{"rendered":"<p>Kohandatud vesipiibu huulik SMOKE ME (Erinevad v\u00e4rvid) Valikus on huuliku v\u00e4rvid: kollane, oran\u017e, roheline, punane. Toote tellimisel sisestage soovitud v\u00e4rv lahtrisse &quot;M\u00e4rkused&quot;. Kas teil on k\u00fcsimusi? V\u00f5tke meiega \u00fchendust kontaktide lehel v\u00f5i kirjutage meile oma Facebooki kontol ja vastame teie p\u00e4ringule samal p\u00e4eval.<\/p>","protected":false},"featured_media":14773,"comment_status":"open","ping_status":"closed","template":"","meta":[],"_links":{"self":[{"href":"https:\/\/hookahshop.lt\/et\/wp-json\/wp\/v2\/product\/14772"}],"collection":[{"href":"https:\/\/hookahshop.lt\/et\/wp-json\/wp\/v2\/product"}],"about":[{"href":"https:\/\/hookahshop.lt\/et\/wp-json\/wp\/v2\/types\/product"}],"replies":[{"embeddable":true,"href":"https:\/\/hookahshop.lt\/et\/wp-json\/wp\/v2\/comments?post=14772"}],"version-history":[{"count":5,"href":"https:\/\/hookahshop.lt\/et\/wp-json\/wp\/v2\/product\/14772\/revisions"}],"predecessor-version":[{"id":45669,"href":"https:\/\/hookahshop.lt\/et\/wp-json\/wp\/v2\/product\/14772\/revisions\/45669"}],"wp:featuredmedia":[{"embeddable":true,"href":"https:\/\/hookahshop.lt\/et\/wp-json\/wp\/v2\/media\/14773"}],"wp:attachment":[{"href":"https:\/\/hookahshop.lt\/et\/wp-json\/wp\/v2\/media?parent=14772"}],"curies":[{"name":"wp","href":"https:\/\/api.w.org\/{rel}","templated":true}]}}