{"id":14959,"date":"2020-11-26T18:12:04","date_gmt":"2020-11-26T16:12:04","guid":{"rendered":"https:\/\/hookahshop.lt\/?post_type=product&#038;p=14959"},"modified":"2026-04-21T23:29:46","modified_gmt":"2026-04-21T20:29:46","slug":"taurele-kaljanui-conceptic-cd2-black","status":"publish","type":"product","link":"https:\/\/hookahshop.lt\/et\/toode\/tass-vesipiip-conceptic-cd2-must\/","title":{"rendered":"Tass vesipiibule CONCEPTIC CD2 Must"},"content":{"rendered":"<h2>Tass vesipiibule CONCEPTIC CD2 Must<\/h2>\n<p>Seal on klassikaline &quot;killer-kauss&quot;, kuid selle sisemus on \u00fcmar, ilma sirgete seinteta. Tassi p\u00f5hjas on kuus ringikujulist auku, mille keskel pole auku. Selle aukude paigutuse tulemuseks on tubaka suitsetamise \u00fchtlasem protsess.<br \/>\nSee vesipiibu tass on valmistatud valgest savist, millele on lisatud \u0161amotti ja tumedat pigmenti. Tass sobib kasutamiseks nii fooliumiga kui ka kuumakambriga.<br \/>\nVesipiibu segu maht: umbes 17 g.<\/p>\n<p>Spetsifikatsioonid:<br \/>\nK\u00f5rgus: 93 mm<br \/>\nL\u00e4bim\u00f5\u00f5t (v\u00e4limine): 74 mm<br \/>\nL\u00e4bim\u00f5\u00f5t (sisemine): 62 mm<br \/>\nS\u00fcgavus: 17 mm<br \/>\nAva l\u00e4bim\u00f5\u00f5t: 8 mm<br \/>\nAukude arv: 6 tk.<br \/>\nKaal: umbes 229 g.<\/p>\n<p>Kas teil on k\u00fcsimusi? v\u00f5ta meiega \u00fchendust <a href=\"https:\/\/hookahshop.lt\/et\/kontaktid\/\">kontaktide leht<\/a> v\u00f5i saatke meile e-kiri aadressil <a href=\"https:\/\/facebook.com\/HookahShop.lt\/\" target=\"_blank\" rel=\"noopener noreferrer\">Facebooki konto<\/a> ja vastame teie taotlusele samal p\u00e4eval.<\/p>","protected":false},"excerpt":{"rendered":"<p>Vesipiip CONCEPTIC CD2 Must Seal on klassikaline &quot;killer-kauss&quot;, kuid selle sisemus on \u00fcmar, ilma sirgete seinteta. Tassi p\u00f5hjas on kuus ringikujulist auku, mille keskel pole auku. Selline aukude paigutus viib tubaka suitsetamise \u00fchtlasema protsessini. See vesipiibu tass on valmistatud valgest savist, millele on lisatud \u0161amotti ja tumedat pigmenti. Tass sobib kasutamiseks nii fooliumiga kui ka [\u2026]<\/p>","protected":false},"featured_media":14960,"comment_status":"open","ping_status":"closed","template":"","meta":[],"_links":{"self":[{"href":"https:\/\/hookahshop.lt\/et\/wp-json\/wp\/v2\/product\/14959"}],"collection":[{"href":"https:\/\/hookahshop.lt\/et\/wp-json\/wp\/v2\/product"}],"about":[{"href":"https:\/\/hookahshop.lt\/et\/wp-json\/wp\/v2\/types\/product"}],"replies":[{"embeddable":true,"href":"https:\/\/hookahshop.lt\/et\/wp-json\/wp\/v2\/comments?post=14959"}],"version-history":[{"count":4,"href":"https:\/\/hookahshop.lt\/et\/wp-json\/wp\/v2\/product\/14959\/revisions"}],"predecessor-version":[{"id":31150,"href":"https:\/\/hookahshop.lt\/et\/wp-json\/wp\/v2\/product\/14959\/revisions\/31150"}],"wp:featuredmedia":[{"embeddable":true,"href":"https:\/\/hookahshop.lt\/et\/wp-json\/wp\/v2\/media\/14960"}],"wp:attachment":[{"href":"https:\/\/hookahshop.lt\/et\/wp-json\/wp\/v2\/media?parent=14959"}],"curies":[{"name":"wp","href":"https:\/\/api.w.org\/{rel}","templated":true}]}}