{"id":14983,"date":"2020-11-26T18:41:46","date_gmt":"2020-11-26T16:41:46","guid":{"rendered":"https:\/\/hookahshop.lt\/?post_type=product&#038;p=14983"},"modified":"2026-04-17T23:29:34","modified_gmt":"2026-04-17T20:29:34","slug":"taurele-kaljanui-bigmaks-barrel","status":"publish","type":"product","link":"https:\/\/hookahshop.lt\/et\/toode\/tass-vesipiip-bigmaks-barrel\/","title":{"rendered":"BIGMAKS T\u00fcnn"},"content":{"rendered":"<h2><strong>Tass vesipiibule BigMaks Barrel<\/strong><\/h2>\n<p>Valmistatud k\u00e4sitsi punasest savist. See savi soojeneb suurep\u00e4raselt, hoiab soojust ja hoiab \u00e4ra vesipiibusegu \u00fclekuumenemise.<br \/>\nTassi maht: 15-18 grammi.<\/p>\n<p>Spetsifikatsioonid:<br \/>\nK\u00f5rgus: 76mm<br \/>\nL\u00e4bim\u00f5\u00f5t (v\u00e4limine): 67 mm<br \/>\nL\u00e4bim\u00f5\u00f5t (sisemine): 57 mm<br \/>\nS\u00fcgavus: 17 mm<br \/>\nAva l\u00e4bim\u00f5\u00f5t: 7mm<br \/>\nAukude arv: 7 tk<br \/>\nKaal: umbes 240 g.<\/p>\n<p>Kas teil on k\u00fcsimusi? v\u00f5ta meiega \u00fchendust <a href=\"https:\/\/hookahshop.lt\/et\/kontaktid\/\">kontaktide leht<\/a> v\u00f5i saatke meile e-kiri aadressil <a href=\"https:\/\/facebook.com\/HookahShop.lt\/\" target=\"_blank\" rel=\"noopener noreferrer\">Facebooki konto<\/a> ja vastame teie taotlusele samal p\u00e4eval.<\/p>","protected":false},"excerpt":{"rendered":"<p>Vesipiibu BigMaks t\u00fcnn Valmistatud k\u00e4sitsi punasest savist. See savi soojeneb suurep\u00e4raselt, hoiab soojust ja hoiab \u00e4ra vesipiibusegu \u00fclekuumenemise. Tassi maht: 15-18 grammi. Tehnilised andmed: K\u00f5rgus: 76mm L\u00e4bim\u00f5\u00f5t (v\u00e4limine): 67 mm Diameeter (sisemine): 57 mm S\u00fcgavus: 17 mm Ava l\u00e4bim\u00f5\u00f5t: 7mm Aukude arv: 7 tk Kaal: umbes 240 g. Kas teil on k\u00fcsimusi? V\u00f5tke meiega \u00fchendust kontaktid [\u2026]<\/p>","protected":false},"featured_media":14987,"comment_status":"open","ping_status":"closed","template":"","meta":[],"_links":{"self":[{"href":"https:\/\/hookahshop.lt\/et\/wp-json\/wp\/v2\/product\/14983"}],"collection":[{"href":"https:\/\/hookahshop.lt\/et\/wp-json\/wp\/v2\/product"}],"about":[{"href":"https:\/\/hookahshop.lt\/et\/wp-json\/wp\/v2\/types\/product"}],"replies":[{"embeddable":true,"href":"https:\/\/hookahshop.lt\/et\/wp-json\/wp\/v2\/comments?post=14983"}],"version-history":[{"count":4,"href":"https:\/\/hookahshop.lt\/et\/wp-json\/wp\/v2\/product\/14983\/revisions"}],"predecessor-version":[{"id":36517,"href":"https:\/\/hookahshop.lt\/et\/wp-json\/wp\/v2\/product\/14983\/revisions\/36517"}],"wp:featuredmedia":[{"embeddable":true,"href":"https:\/\/hookahshop.lt\/et\/wp-json\/wp\/v2\/media\/14987"}],"wp:attachment":[{"href":"https:\/\/hookahshop.lt\/et\/wp-json\/wp\/v2\/media?parent=14983"}],"curies":[{"name":"wp","href":"https:\/\/api.w.org\/{rel}","templated":true}]}}