{"id":14994,"date":"2020-11-26T19:49:56","date_gmt":"2020-11-26T17:49:56","guid":{"rendered":"https:\/\/hookahshop.lt\/?post_type=product&#038;p=14994"},"modified":"2026-04-26T23:29:40","modified_gmt":"2026-04-26T20:29:40","slug":"taurele-kaljanui-smokelab-evil-black","status":"publish","type":"product","link":"https:\/\/hookahshop.lt\/et\/toode\/tass-vesipiip-smokelab-evil-black\/","title":{"rendered":"Tass vesipiibule SMOKELAB Evil Black"},"content":{"rendered":"<h2>Tass vesipiibule SMOKELAB Evil Black<\/h2>\n<p>Paksud seinad paigutavad s\u00fcmmeetriliselt vesipiibusegu ning tasase p\u00f5hja olemasolu ei j\u00e4ta \u00fcksk\u00f5ikseks neid, kellele meeldib nautida tugevamat vesipiibu suitsu. Isegi tavaline vesipiibusegu avaneb teiselt poolt. Keskmine tarbimine on 15-20 grammi tubakat. Ilma fooliumita suitses see soojakambril h\u00e4sti.<\/p>\n<p>Spetsifikatsioonid:<br \/>\nK\u00f5rgus: 98mm<br \/>\nL\u00e4bim\u00f5\u00f5t (v\u00e4limine): 74 mm<br \/>\nL\u00e4bim\u00f5\u00f5t (sisemine): 63 mm<br \/>\nS\u00fcgavus: 14mm<br \/>\nAva l\u00e4bim\u00f5\u00f5t: 8 mm<br \/>\nAukude arv: 5 tk<br \/>\nKaal: umbes 187 g.<\/p>\n<p>Kas teil on k\u00fcsimusi? v\u00f5ta meiega \u00fchendust <a href=\"https:\/\/hookahshop.lt\/et\/kontaktid\/\">kontaktide leht<\/a> v\u00f5i saatke meile e-kiri aadressil <a href=\"https:\/\/facebook.com\/HookahShop.lt\/\" target=\"_blank\" rel=\"noopener noreferrer\">Facebooki konto<\/a> ja vastame teie taotlusele samal p\u00e4eval.<\/p>","protected":false},"excerpt":{"rendered":"<p>Tass vesipiibu jaoks SMOKELAB Evil Black Paksed seinad asetavad vesipiibusegu s\u00fcmmeetriliselt ning tasase p\u00f5hja olemasolu ei j\u00e4ta \u00fcksk\u00f5ikseks neid, kellele meeldib nautida tugevamat vesipiibu suitsu. Isegi tavaline vesipiibusegu avaneb teiselt poolt. Keskmine tarbimine on 15-20 grammi tubakat. Ilma fooliumita suitses see soojakambril h\u00e4sti. Tehnilised andmed: K\u00f5rgus: 98 mm L\u00e4bim\u00f5\u00f5t (v\u00e4limine): 74 mm L\u00e4bim\u00f5\u00f5t (sisemine): 63 mm S\u00fcgavus: [\u2026]<\/p>","protected":false},"featured_media":14996,"comment_status":"open","ping_status":"closed","template":"","meta":[],"_links":{"self":[{"href":"https:\/\/hookahshop.lt\/et\/wp-json\/wp\/v2\/product\/14994"}],"collection":[{"href":"https:\/\/hookahshop.lt\/et\/wp-json\/wp\/v2\/product"}],"about":[{"href":"https:\/\/hookahshop.lt\/et\/wp-json\/wp\/v2\/types\/product"}],"replies":[{"embeddable":true,"href":"https:\/\/hookahshop.lt\/et\/wp-json\/wp\/v2\/comments?post=14994"}],"version-history":[{"count":3,"href":"https:\/\/hookahshop.lt\/et\/wp-json\/wp\/v2\/product\/14994\/revisions"}],"predecessor-version":[{"id":28923,"href":"https:\/\/hookahshop.lt\/et\/wp-json\/wp\/v2\/product\/14994\/revisions\/28923"}],"wp:featuredmedia":[{"embeddable":true,"href":"https:\/\/hookahshop.lt\/et\/wp-json\/wp\/v2\/media\/14996"}],"wp:attachment":[{"href":"https:\/\/hookahshop.lt\/et\/wp-json\/wp\/v2\/media?parent=14994"}],"curies":[{"name":"wp","href":"https:\/\/api.w.org\/{rel}","templated":true}]}}