{"id":14999,"date":"2020-11-26T20:25:29","date_gmt":"2020-11-26T18:25:29","guid":{"rendered":"https:\/\/hookahshop.lt\/?post_type=product&#038;p=14999"},"modified":"2026-04-17T23:29:09","modified_gmt":"2026-04-17T20:29:09","slug":"gaubtas-taureles-kaitinimui-arma-black","status":"publish","type":"product","link":"https:\/\/hookahshop.lt\/et\/toode\/tass-kutteks-arma-black\/","title":{"rendered":"Tass k\u00fctteks ARMA Must"},"content":{"rendered":"<h2>Tass k\u00fctteks ARMA Must<\/h2>\n<p>Kaitseb tuule eest \u00f5ues vesipiibu seanssi nautides.<br \/>\nSaab kasutada kukkumiskaitsevahendina.<br \/>\nSamuti kiirendab see vesipiibu ettevalmistusaega, mist\u00f5ttu on soovitav seansi alguses kasutada s\u00fctt.<\/p>\n<p>Spetsifikatsioonid:<br \/>\nK\u00f5rgus: umbes 25 cm<br \/>\nL\u00e4bim\u00f5\u00f5t: 12,5 cm<\/p>\n<p>Kas teil on k\u00fcsimusi? v\u00f5ta meiega \u00fchendust <a href=\"https:\/\/hookahshop.lt\/et\/kontaktid\/\">kontaktide leht<\/a> v\u00f5i saatke meile e-kiri aadressil <a href=\"https:\/\/facebook.com\/HookahShop.lt\/\" target=\"_blank\" rel=\"noopener noreferrer\">Facebooki konto<\/a> ja vastame teie taotlusele samal p\u00e4eval.<\/p>","protected":false},"excerpt":{"rendered":"<p>Kapuuts tassi soojendamiseks ARMA Must Kaitseb tuule eest \u00f5ues vesipiibu nautides. Saab kasutada kaitseks kukkuva s\u00f6e eest. Samuti kiirendab see vesipiibu ettevalmistusaega, seega on soovitav seansi alguses kasutada s\u00fctt. Tehnilised andmed: K\u00f5rgus: umbes 25 cm L\u00e4bim\u00f5\u00f5t: 12,5 cm Kas teil on k\u00fcsimusi? V\u00f5tke meiega \u00fchendust kontaktide lehel v\u00f5i kirjutage meile oma Facebooki kontol ja me vastame [\u2026]<\/p>","protected":false},"featured_media":15000,"comment_status":"open","ping_status":"closed","template":"","meta":[],"_links":{"self":[{"href":"https:\/\/hookahshop.lt\/et\/wp-json\/wp\/v2\/product\/14999"}],"collection":[{"href":"https:\/\/hookahshop.lt\/et\/wp-json\/wp\/v2\/product"}],"about":[{"href":"https:\/\/hookahshop.lt\/et\/wp-json\/wp\/v2\/types\/product"}],"replies":[{"embeddable":true,"href":"https:\/\/hookahshop.lt\/et\/wp-json\/wp\/v2\/comments?post=14999"}],"version-history":[{"count":8,"href":"https:\/\/hookahshop.lt\/et\/wp-json\/wp\/v2\/product\/14999\/revisions"}],"predecessor-version":[{"id":43475,"href":"https:\/\/hookahshop.lt\/et\/wp-json\/wp\/v2\/product\/14999\/revisions\/43475"}],"wp:featuredmedia":[{"embeddable":true,"href":"https:\/\/hookahshop.lt\/et\/wp-json\/wp\/v2\/media\/15000"}],"wp:attachment":[{"href":"https:\/\/hookahshop.lt\/et\/wp-json\/wp\/v2\/media?parent=14999"}],"curies":[{"name":"wp","href":"https:\/\/api.w.org\/{rel}","templated":true}]}}