{"id":15009,"date":"2020-11-26T21:04:08","date_gmt":"2020-11-26T19:04:08","guid":{"rendered":"https:\/\/hookahshop.lt\/?post_type=product&#038;p=15009"},"modified":"2026-04-17T23:29:10","modified_gmt":"2026-04-17T20:29:10","slug":"individualus-kaljano-kandiklis-bigmaks","status":"publish","type":"product","link":"https:\/\/hookahshop.lt\/et\/toode\/individuaalne-vesipiibu-huulik-bigmaks\/","title":{"rendered":"Individuaalne vesipiibu huulik BIGMAKS Erinevaid v\u00e4rve"},"content":{"rendered":"<h2>Individuaalne vesipiibu huulik BIGMAKS<\/h2>\n<p>Valmistatud roostevabast terasest ja puidust.<\/p>\n<p>Valikus on huuliku v\u00e4rvid: -<br \/>\nToote tellimisel sisestage soovitud v\u00e4rv lahtrisse &quot;M\u00e4rkused&quot;.<\/p>\n<p>Kas teil on k\u00fcsimusi? v\u00f5ta meiega \u00fchendust\u00a0<a href=\"https:\/\/hookahshop.lt\/et\/kontaktid\/\">kontaktide leht<\/a>\u00a0v\u00f5i saatke meile e-kiri aadressil\u00a0<a href=\"https:\/\/facebook.com\/HookahShop.lt\/\" target=\"_blank\" rel=\"noopener noreferrer\">Facebooki konto<\/a>\u00a0ja vastame teie taotlusele samal p\u00e4eval.<\/p>","protected":false},"excerpt":{"rendered":"<p>Individuaalne vesipiibu huulik BIGMAKS Valmistatud roostevabast terasest ja puidust. Huuliku v\u00e4rve on v\u00f5imalik valida: - Sisesta soovitud v\u00e4rv toote tellimisel rubriiki &quot;M\u00e4rkused&quot;. Kas teil on k\u00fcsimusi? V\u00f5tke meiega \u00fchendust kontaktide lehel v\u00f5i kirjutage meile oma Facebooki kontol ja vastame teie p\u00e4ringule samal p\u00e4eval.<\/p>","protected":false},"featured_media":15012,"comment_status":"open","ping_status":"closed","template":"","meta":[],"_links":{"self":[{"href":"https:\/\/hookahshop.lt\/et\/wp-json\/wp\/v2\/product\/15009"}],"collection":[{"href":"https:\/\/hookahshop.lt\/et\/wp-json\/wp\/v2\/product"}],"about":[{"href":"https:\/\/hookahshop.lt\/et\/wp-json\/wp\/v2\/types\/product"}],"replies":[{"embeddable":true,"href":"https:\/\/hookahshop.lt\/et\/wp-json\/wp\/v2\/comments?post=15009"}],"version-history":[{"count":3,"href":"https:\/\/hookahshop.lt\/et\/wp-json\/wp\/v2\/product\/15009\/revisions"}],"predecessor-version":[{"id":33274,"href":"https:\/\/hookahshop.lt\/et\/wp-json\/wp\/v2\/product\/15009\/revisions\/33274"}],"wp:featuredmedia":[{"embeddable":true,"href":"https:\/\/hookahshop.lt\/et\/wp-json\/wp\/v2\/media\/15012"}],"wp:attachment":[{"href":"https:\/\/hookahshop.lt\/et\/wp-json\/wp\/v2\/media?parent=15009"}],"curies":[{"name":"wp","href":"https:\/\/api.w.org\/{rel}","templated":true}]}}