{"id":15077,"date":"2020-11-27T13:00:15","date_gmt":"2020-11-27T11:00:15","guid":{"rendered":"https:\/\/hookahshop.lt\/?post_type=product&#038;p=15077"},"modified":"2026-04-17T23:29:14","modified_gmt":"2026-04-17T20:29:14","slug":"kaljanas-bigmaks-hookah-one","status":"publish","type":"product","link":"https:\/\/hookahshop.lt\/et\/toode\/vesipiip-bigmaks-hookah-one\/","title":{"rendered":"Vesipiip BIGMAKS Vesipiip \u00dcks"},"content":{"rendered":"<h2>Vesipiibu \u00dcks Vesipiibu \u00dcks<\/h2>\n<p>Valmistatud Euroopa roostevabast terasest AISI 304, v\u00f5lli ja osade \u00fclit\u00e4pne t\u00f6\u00f6tlemine. Kokkupanek, asetades v\u00f5lli kolbi.<br \/>\nVesipiibul BigMaks Hookah on keskmine klassikaline atraktsioon. Puhastuss\u00fcsteem koosneb viiest klapist, mis v\u00f5imaldavad kolbi \u00fcheaegselt puhuda ja tassi jahtuda. Tihendusr\u00f5nga pistik.<br \/>\nVarre disain on \u00fclevalt ja alt laineline ning keskelt tasane.<\/p>\n<p>Omadused:<br \/>\nVesipiibu kaal: ~ 980 gr<br \/>\nVesipiibu k\u00f5rgus: 510 mm<br \/>\nVarre sisemine osa: roostevaba teras, D14 mm<br \/>\nVarre v\u00e4lisosa: roostevaba teras<br \/>\nSukeldatud v\u00f5lli osa: roostevaba teras, D13 mm<br \/>\nAlusmaterjal: roostevaba teras<br \/>\nVooliku\u00fchendus: tihendusr\u00f5ngas<br \/>\n\u00dchendusmaterjal: roostevaba teras<br \/>\nKlapi \u00fchendus: sisemine<br \/>\nHajuti: mitte eemaldatav, v\u00f5llil<br \/>\nHuulik: roostevaba teras<br \/>\nSuuliku pikkus: 299 mm, l\u00e4bim\u00f5\u00f5t 10 mm<br \/>\nVoolik: pehme puudutusega silikoon<br \/>\nVooliku pikkus: 1500 mm<\/p>\n<p>Varustus:<br \/>\nKarp, plaat margigraveeringuga, huulik, vooliku\u00fchendus, voolik, plastikkuulid (7 tk.);<\/p>\n<p>Kas teil on k\u00fcsimusi? v\u00f5ta meiega \u00fchendust <a href=\"https:\/\/hookahshop.lt\/et\/kontaktid\/\">kontaktide leht<\/a> v\u00f5i saatke meile e-kiri aadressil <a href=\"https:\/\/facebook.com\/HookahShop.lt\/\" target=\"_blank\" rel=\"noopener noreferrer\">Facebooki konto<\/a> ja vastame teie taotlusele samal p\u00e4eval.<\/p>","protected":false},"excerpt":{"rendered":"<p>Vesipiip BigMaks Vesipiip \u00dcks Valmistatud Euroopas toodetud roostevabast terasest AISI 304, millel on v\u00e4ga t\u00e4pne varre ja detailide t\u00f6\u00f6tlemine. Kogumine p\u00e4rast v\u00f5lli sisestamist kolbi. Vesipiibu BigMaks Vesipiibu \u00fchel on keskmine klassikaline loosimine. V\u00e4ljapuhumiss\u00fcsteem koosneb viiest ventiilist, mis v\u00f5imaldavad kolbi \u00fcheaegselt puhuda ja tassi jahutada. O-r\u00f5nga \u00fchendus. Varre disain on \u00fclaosas laineline ja [\u2026]<\/p>","protected":false},"featured_media":15089,"comment_status":"open","ping_status":"closed","template":"","meta":[],"_links":{"self":[{"href":"https:\/\/hookahshop.lt\/et\/wp-json\/wp\/v2\/product\/15077"}],"collection":[{"href":"https:\/\/hookahshop.lt\/et\/wp-json\/wp\/v2\/product"}],"about":[{"href":"https:\/\/hookahshop.lt\/et\/wp-json\/wp\/v2\/types\/product"}],"replies":[{"embeddable":true,"href":"https:\/\/hookahshop.lt\/et\/wp-json\/wp\/v2\/comments?post=15077"}],"version-history":[{"count":5,"href":"https:\/\/hookahshop.lt\/et\/wp-json\/wp\/v2\/product\/15077\/revisions"}],"predecessor-version":[{"id":37538,"href":"https:\/\/hookahshop.lt\/et\/wp-json\/wp\/v2\/product\/15077\/revisions\/37538"}],"wp:featuredmedia":[{"embeddable":true,"href":"https:\/\/hookahshop.lt\/et\/wp-json\/wp\/v2\/media\/15089"}],"wp:attachment":[{"href":"https:\/\/hookahshop.lt\/et\/wp-json\/wp\/v2\/media?parent=15077"}],"curies":[{"name":"wp","href":"https:\/\/api.w.org\/{rel}","templated":true}]}}