{"id":15151,"date":"2020-12-01T12:54:25","date_gmt":"2020-12-01T10:54:25","guid":{"rendered":"https:\/\/hookahshop.lt\/?post_type=product&#038;p=15151"},"modified":"2026-02-24T20:33:47","modified_gmt":"2026-02-24T18:33:47","slug":"dovanu-kuponas-kaljanui","status":"publish","type":"product","link":"https:\/\/hookahshop.lt\/et\/toode\/kingitus-kupong-vesipiip\/","title":{"rendered":"Kupong lisade jaoks"},"content":{"rendered":"<h2>Aksessuaaride vaut\u0161er on suurep\u00e4rane lahendus pereliikmele, s\u00f5brale v\u00f5i \u00e4ripartnerile, kuna annab valikuvabaduse. Alates 30 \u20ac kuni 150 \u20ac!<\/h2>\n<p>Tutvustame HookahShop.lt kupongi! Kingituse valimine pole kunagi olnud nii lihtne! Vali \u00fcks kupongidest vahemikus \u20ac30 kuni \u20ac150 ning me pakime ja saadame selle otse Sulle v\u00f5i Sinu s\u00f5brale.<\/p>\n<p>Kupongi m\u00fc\u00fcb HookahShop kaubam\u00e4rki haldav ettev\u00f5te MB LBA Projektai, HookahShop kupong (edaspidi nimetatud kupong) kinnitab ettemaksu ja annab kinkekupongi omanikule \u00f5iguse osta kaupu veebipoest www.hookahshop.lt v\u00f5i Vilniuses asuvas HookahShopi f\u00fc\u00fcsilises k\u00e4ttesaamise punktis. Internetist ostes tuleb kupongi kood ostu sooritamise ajal sisestada v\u00e4ljale &quot;kood&quot;.<br \/>\nvesipiibu tarvikute kupong kehtib 12 kuud alates ostukuup\u00e4evast, kupong ei kehti tubakatoodetele. P\u00e4rast kehtivusaja l\u00f5ppu loetakse kupong kehtetuks ning seda ei saa vahetada muu kauba ega raha vastu.<br \/>\nkupongi ei tagastata.<br \/>\nKupongi ostmisel arvet ei v\u00e4ljastata. Kui ostjaks on juriidiline isik, esitatakse talle kupongi loovutamise-\u00fcleandmise akt.<\/p>\n<p>Kui tellimuse summa, millele kupongi rakendatakse, \u00fcletab kupongi v\u00e4\u00e4rtuse, saab puuduoleva summa tasuda, valides \u00fche meie pakutavatest makseviisidest.<br \/>\nKupongi koodi saab rakendada ainult \u00fchele tellimusele. Kui teil on mitu kupongi ja soovite neid \u00fche ostuga mitu korda kasutada, v\u00f5tke meiega \u00fchendust <a href=\"mailto:info@hookahshop.lt\">info@hookahshop.lt<\/a><\/p>\n<p>Kui p\u00e4rast kinkekaardi rakendamist tasutud tellimuse summa on v\u00e4iksem kui kupongi v\u00e4\u00e4rtus, siis vahet ei tagastata.<\/p>\n<p>MB &quot;LBA Projektai&quot; ei vaheta kaotatud, kahjustatud v\u00f5i muul viisil kaotsi l\u00e4inud kuponge uute vastu. Minimaalne paberkupongi kogus: 30 EUR. Kupongide kohaletoimetamine Omniva kaudu (kuni 2 p\u00e4eva). Kupongi saab osta ka meie Vilniuse kogumispunktist. Saadaval on ka kupong elektrooniline versioon, mille saadame e-postiga ja mis tuleb v\u00e4lja printida. Sellise kupongi v\u00e4\u00e4rtust saab vastavalt vajadustele muuta.<\/p>\n<p>Kupongi ostmiseks kirjuta <a href=\"mailto:info@hookahshop.lt\">info@hookahshop.lt<\/a> v\u00f5i helista <a href=\"tel:+370 69226633\">+370 69226633<\/a><\/p>\n<p><em><strong>Kupongi saame pakkuda A4 formaadis PDF-failina.<\/strong><\/em><\/p>\n<p>Kas teil on k\u00fcsimusi? v\u00f5ta meiega \u00fchendust <a href=\"https:\/\/hookahshop.lt\/et\/kontaktid\/\">kontaktide leht<\/a> v\u00f5i saatke meile e-kiri aadressil <a href=\"https:\/\/facebook.com\/HookahShop.lt\/\" target=\"_blank\" rel=\"noopener noreferrer\">Facebooki konto<\/a> ja vastame teie taotlusele samal p\u00e4eval.<\/p>\n<p>&nbsp;<\/p>","protected":false},"excerpt":{"rendered":"<p>Aksessuaaride vaut\u0161er on suurep\u00e4rane lahendus pereliikmele, s\u00f5brale v\u00f5i \u00e4ripartnerile, kuna annab valikuvabaduse. Alates 30 \u20ac kuni 150 \u20ac! Tutvustame HookahShop.lt kupongi! Kingituse valimine pole kunagi olnud nii lihtne! Vali \u00fcks kupongidest vahemikus \u20ac30 kuni \u20ac150 ning me pakime ja saadame selle otse Sulle v\u00f5i Sinu s\u00f5brale. Kupongi m\u00fc\u00fcb HookahShop \u00fcksus [\u2026]<\/p>","protected":false},"featured_media":34739,"comment_status":"open","ping_status":"closed","template":"","meta":[],"_links":{"self":[{"href":"https:\/\/hookahshop.lt\/et\/wp-json\/wp\/v2\/product\/15151"}],"collection":[{"href":"https:\/\/hookahshop.lt\/et\/wp-json\/wp\/v2\/product"}],"about":[{"href":"https:\/\/hookahshop.lt\/et\/wp-json\/wp\/v2\/types\/product"}],"replies":[{"embeddable":true,"href":"https:\/\/hookahshop.lt\/et\/wp-json\/wp\/v2\/comments?post=15151"}],"version-history":[{"count":11,"href":"https:\/\/hookahshop.lt\/et\/wp-json\/wp\/v2\/product\/15151\/revisions"}],"predecessor-version":[{"id":43882,"href":"https:\/\/hookahshop.lt\/et\/wp-json\/wp\/v2\/product\/15151\/revisions\/43882"}],"wp:featuredmedia":[{"embeddable":true,"href":"https:\/\/hookahshop.lt\/et\/wp-json\/wp\/v2\/media\/34739"}],"wp:attachment":[{"href":"https:\/\/hookahshop.lt\/et\/wp-json\/wp\/v2\/media?parent=15151"}],"curies":[{"name":"wp","href":"https:\/\/api.w.org\/{rel}","templated":true}]}}