{"id":15224,"date":"2020-12-03T22:41:56","date_gmt":"2020-12-03T20:41:56","guid":{"rendered":"https:\/\/hookahshop.lt\/?post_type=product&#038;p=15224"},"modified":"2026-04-24T23:29:28","modified_gmt":"2026-04-24T20:29:28","slug":"taurele-kaljanui-kong-venom-edition-glaze","status":"publish","type":"product","link":"https:\/\/hookahshop.lt\/et\/toode\/tass-vesipiip-kong-venom-edition-glaze\/","title":{"rendered":"Tipp vesipiibule KONG Venom Edition Glaze"},"content":{"rendered":"<h2>Tipp vesipiibu Kong Venom Edition Glaze jaoks<\/h2>\n<p>KONGi vesipiibutopse valmistatakse professionaalsetes kaminates, mille temperatuur on \u00fcle 1200 kraadi, mis ei ima kasutatud tubaka l\u00f5hnu. Kasutamise ajal ei j\u00e4ta Kong tass siirupist ilma ja s\u00e4ilitab oma esialgse v\u00e4limuse pikka aega. Tassi tugevus on v\u00f5rdne kivi tugevusega.<\/p>\n<p>KONG VENOM BLACK KILLER on must s\u00fcmbioot! Saage osaks kultuslikust MARVEL - VENOM filmist! Tass on musta tapja kujuga. T\u00f6\u00f6tab suurep\u00e4raselt kuumakindla ja tugeva tubakaga, soojeneb 3-4 minutiga. See on ideaalselt \u00fchendatud kalaudiga ja lubab pikka suitsetamisprotsessi. Tundke oma vesipiibul Venomi j\u00f5udu!<br \/>\nSuitsetamisaeg: 70-90 min<br \/>\nTubaka tarbimine: 18 - 22 g<\/p>\n<p>Kas teil on k\u00fcsimusi? v\u00f5ta meiega \u00fchendust <a href=\"https:\/\/hookahshop.lt\/et\/kontaktid\/\">kontaktide leht<\/a> v\u00f5i saatke meile e-kiri aadressil <a href=\"https:\/\/facebook.com\/HookahShop.lt\/\" target=\"_blank\" rel=\"noopener noreferrer\">Facebooki konto<\/a> ja vastame teie taotlusele samal p\u00e4eval.<\/p>","protected":false},"excerpt":{"rendered":"<p>Vesipiibu tass Kong Venom Edition Glaze KONG konksud on valmistatud professionaalsetes \u00fcle 1200 kraadise temperatuuriga kaminates, mis ei ima endasse kasutatud tubaka l\u00f5hna. Kasutamise ajal ei j\u00e4ta Kong tass siirupit ja s\u00e4ilitab oma esialgse v\u00e4limuse pikka aega. Tassi tugevus on v\u00f5rdne kivi tugevusega. KONG VENOM BLACK KILLER on Black Symbiote&#039;i kujutis! Saage osaks kultuslikust filmist MARVEL - MYRK! Tass [\u2026]<\/p>","protected":false},"featured_media":15228,"comment_status":"open","ping_status":"closed","template":"","meta":[],"_links":{"self":[{"href":"https:\/\/hookahshop.lt\/et\/wp-json\/wp\/v2\/product\/15224"}],"collection":[{"href":"https:\/\/hookahshop.lt\/et\/wp-json\/wp\/v2\/product"}],"about":[{"href":"https:\/\/hookahshop.lt\/et\/wp-json\/wp\/v2\/types\/product"}],"replies":[{"embeddable":true,"href":"https:\/\/hookahshop.lt\/et\/wp-json\/wp\/v2\/comments?post=15224"}],"version-history":[{"count":3,"href":"https:\/\/hookahshop.lt\/et\/wp-json\/wp\/v2\/product\/15224\/revisions"}],"predecessor-version":[{"id":29805,"href":"https:\/\/hookahshop.lt\/et\/wp-json\/wp\/v2\/product\/15224\/revisions\/29805"}],"wp:featuredmedia":[{"embeddable":true,"href":"https:\/\/hookahshop.lt\/et\/wp-json\/wp\/v2\/media\/15228"}],"wp:attachment":[{"href":"https:\/\/hookahshop.lt\/et\/wp-json\/wp\/v2\/media?parent=15224"}],"curies":[{"name":"wp","href":"https:\/\/api.w.org\/{rel}","templated":true}]}}