{"id":15231,"date":"2020-12-03T23:32:30","date_gmt":"2020-12-03T21:32:30","guid":{"rendered":"https:\/\/hookahshop.lt\/?post_type=product&#038;p=15231"},"modified":"2026-04-17T16:33:20","modified_gmt":"2026-04-17T13:33:20","slug":"taurele-kaljanui-kong-carnage-edition-glaze","status":"publish","type":"product","link":"https:\/\/hookahshop.lt\/et\/toode\/tass-vesipiip-kong-carnage-edition-glaze\/","title":{"rendered":"Tass vesipiibule KONG Carnage Edition Glaze"},"content":{"rendered":"<h3>Tass vesipiibule Kong Carnage Edition Glaze<\/h3>\n<p>KONGi vesipiibutopse valmistatakse professionaalsetes kaminates, mille temperatuur on \u00fcle 1200 kraadi, mis ei ima kasutatud tubaka l\u00f5hnu. Kasutamise ajal ei j\u00e4ta Kong tass siirupist ilma ja s\u00e4ilitab oma esialgse v\u00e4limuse pikka aega. Tassi tugevus on v\u00f5rdne kivi tugevusega.<\/p>\n<p>KONG VENOM CARNAGE KILLER on Black Symbiote&#039;i pilt! Saage osaks kultuslikust filmist MARVEL - MYRK! Tass on musta tapja kujuga. T\u00f6\u00f6tab suurep\u00e4raselt kuumakindla ja kange tubakaga, kuumeneb 3-4 minutiga. See on suurep\u00e4raselt kombineeritud kalaudiga ja lubab pikka suitsetamisprotsessi. Tundke Venomi j\u00f5udu oma vesipiibul!<br \/>\nSuitsetamisaeg: 70-90 min<br \/>\nTubaka tarbimine: 18 - 22 g<\/p>\n<p>Kas teil on k\u00fcsimusi? v\u00f5ta meiega \u00fchendust <a href=\"https:\/\/hookahshop.lt\/et\/kontaktid\/\">kontaktide leht<\/a> v\u00f5i saatke meile e-kiri aadressil <a href=\"https:\/\/facebook.com\/HookahShop.lt\/\" target=\"_blank\" rel=\"noopener noreferrer\">Facebooki konto<\/a> ja vastame teie taotlusele samal p\u00e4eval.<\/p>","protected":false},"excerpt":{"rendered":"<p>Kong Carnage Edition Glaze KONG vesipiibutopsid on valmistatud professionaalsetes kolletes, mille temperatuur on \u00fcle 1200 kraadi ja mis ei ima endasse kasutatud tubaka l\u00f5hna. Kasutamise ajal ei j\u00e4ta Kong Cup siirupit puudu ja s\u00e4ilitab oma esialgse v\u00e4limuse pikka aega. Tassi tugevus on v\u00f5rdne kivi tugevusega. KONG VENOM CARNAGE KILLER on Black Symbiote pilt! Saage osaks kultuslikust filmist MARVEL - MYRK! Tass [\u2026]<\/p>","protected":false},"featured_media":15235,"comment_status":"open","ping_status":"closed","template":"","meta":[],"_links":{"self":[{"href":"https:\/\/hookahshop.lt\/et\/wp-json\/wp\/v2\/product\/15231"}],"collection":[{"href":"https:\/\/hookahshop.lt\/et\/wp-json\/wp\/v2\/product"}],"about":[{"href":"https:\/\/hookahshop.lt\/et\/wp-json\/wp\/v2\/types\/product"}],"replies":[{"embeddable":true,"href":"https:\/\/hookahshop.lt\/et\/wp-json\/wp\/v2\/comments?post=15231"}],"version-history":[{"count":4,"href":"https:\/\/hookahshop.lt\/et\/wp-json\/wp\/v2\/product\/15231\/revisions"}],"predecessor-version":[{"id":43017,"href":"https:\/\/hookahshop.lt\/et\/wp-json\/wp\/v2\/product\/15231\/revisions\/43017"}],"wp:featuredmedia":[{"embeddable":true,"href":"https:\/\/hookahshop.lt\/et\/wp-json\/wp\/v2\/media\/15235"}],"wp:attachment":[{"href":"https:\/\/hookahshop.lt\/et\/wp-json\/wp\/v2\/media?parent=15231"}],"curies":[{"name":"wp","href":"https:\/\/api.w.org\/{rel}","templated":true}]}}