{"id":15247,"date":"2020-12-04T00:53:58","date_gmt":"2020-12-03T22:53:58","guid":{"rendered":"https:\/\/hookahshop.lt\/?post_type=product&#038;p=15247"},"modified":"2026-04-14T23:29:15","modified_gmt":"2026-04-14T20:29:15","slug":"taurele-kaljanui-kong-lava-razor-blue","status":"publish","type":"product","link":"https:\/\/hookahshop.lt\/et\/toode\/tass-vesipiip-kong-lava-razor-blue\/","title":{"rendered":"Tass vesipiibule KONG Lava Razor Blue"},"content":{"rendered":"<h2>Tass vesipiibule Kong Lava Razor Blue<\/h2>\n<p>Kong Lava Razor Blue Cup on tapja t\u00fc\u00fcpi tass, see on turul uus toode. See ainulaadse kuju ja v\u00e4rvikombinatsiooniga tass paistab silma oma kvaliteedi ja edasiantud maitseomaduste poolest. Sellel savitassil on \u00f5hukesed seinad, mis v\u00f5imaldavad teil kuumust h\u00f5lpsalt kontrollida ja vesipiibu t\u00e4it naudingut nautida. Kvaliteetne tass Kong ei ole mitte ainult eksklusiivse disainiga, vaid sellel on ka vastupidavusomadused. \u00d5hukesed seinad ei t\u00e4henda, et tassis hakkaks peagi siirupist puudust tundma, sest Kongi firma tagab, et nende tassid kestavad kaua.<\/p>\n<p>Kas teil on k\u00fcsimusi? v\u00f5ta meiega \u00fchendust <a href=\"https:\/\/hookahshop.lt\/et\/kontaktid\/\">kontaktide leht<\/a> v\u00f5i saatke meile e-kiri aadressil <a href=\"https:\/\/facebook.com\/HookahShop.lt\/\" target=\"_blank\" rel=\"noopener noreferrer\">Facebooki konto<\/a> ja vastame teie taotlusele samal p\u00e4eval.<\/p>","protected":false},"excerpt":{"rendered":"<p>Vesipiibu tass Kong Lava Razor Blue Kong Lava Razor Blue tass on tapja t\u00fc\u00fcpi tass, see on turul uus toode. See ainulaadse kuju ja v\u00e4rvikombinatsiooniga tass paistab silma oma kvaliteedi ja edasiantud maitseomaduste poolest. Sellel savitassil on \u00f5hukesed seinad, mis v\u00f5imaldavad teil kuumust h\u00f5lpsalt kontrollida ja vesipiibu t\u00e4it naudingut nautida. Kvaliteetne tass Kong [\u2026]<\/p>","protected":false},"featured_media":15248,"comment_status":"open","ping_status":"closed","template":"","meta":[],"_links":{"self":[{"href":"https:\/\/hookahshop.lt\/et\/wp-json\/wp\/v2\/product\/15247"}],"collection":[{"href":"https:\/\/hookahshop.lt\/et\/wp-json\/wp\/v2\/product"}],"about":[{"href":"https:\/\/hookahshop.lt\/et\/wp-json\/wp\/v2\/types\/product"}],"replies":[{"embeddable":true,"href":"https:\/\/hookahshop.lt\/et\/wp-json\/wp\/v2\/comments?post=15247"}],"version-history":[{"count":4,"href":"https:\/\/hookahshop.lt\/et\/wp-json\/wp\/v2\/product\/15247\/revisions"}],"predecessor-version":[{"id":41443,"href":"https:\/\/hookahshop.lt\/et\/wp-json\/wp\/v2\/product\/15247\/revisions\/41443"}],"wp:featuredmedia":[{"embeddable":true,"href":"https:\/\/hookahshop.lt\/et\/wp-json\/wp\/v2\/media\/15248"}],"wp:attachment":[{"href":"https:\/\/hookahshop.lt\/et\/wp-json\/wp\/v2\/media?parent=15247"}],"curies":[{"name":"wp","href":"https:\/\/api.w.org\/{rel}","templated":true}]}}