{"id":15251,"date":"2020-12-04T00:59:43","date_gmt":"2020-12-03T22:59:43","guid":{"rendered":"https:\/\/hookahshop.lt\/?post_type=product&#038;p=15251"},"modified":"2026-04-15T12:29:16","modified_gmt":"2026-04-15T09:29:16","slug":"taurele-kaljanui-kong-lava-ice","status":"publish","type":"product","link":"https:\/\/hookahshop.lt\/et\/toode\/tass-vesipiip-kong-lava-ice\/","title":{"rendered":"Tass vesipiibule KONG Lava Ice"},"content":{"rendered":"<h2>Tass vesipiibule Kong Lava Ice<\/h2>\n<p>Kong Lava Ice Cup on tapja t\u00fc\u00fcpi tass, see on turul uus toode. See ainulaadse kuju ja v\u00e4rvikombinatsiooniga tass paistab silma oma kvaliteedi ja edasiantud maitseomaduste poolest. Sellel savitassil on \u00f5hukesed seinad, mis v\u00f5imaldavad teil kuumust h\u00f5lpsalt kontrollida ja vesipiibu t\u00e4it naudingut nautida. Kvaliteetne tass Kong ei ole mitte ainult eksklusiivse disainiga, vaid sellel on ka vastupidavusomadused. \u00d5hukesed seinad ei t\u00e4henda, et tassis hakkaks peagi siirupist puudust tundma, sest Kongi firma tagab, et nende tassid kestavad kaua.<\/p>\n<p>Kas teil on k\u00fcsimusi? v\u00f5ta meiega \u00fchendust <a href=\"https:\/\/hookahshop.lt\/et\/kontaktid\/\">kontaktide leht<\/a> v\u00f5i saatke meile e-kiri aadressil <a href=\"https:\/\/facebook.com\/HookahShop.lt\/\" target=\"_blank\" rel=\"noopener noreferrer\">Facebooki konto<\/a> ja vastame teie taotlusele samal p\u00e4eval.<\/p>","protected":false},"excerpt":{"rendered":"<p>Vesipiibu tass Kong Lava Ice Kong Lava Ice Cup on tapja t\u00fc\u00fcpi tass, see on uus toode turul. See ainulaadse kuju ja v\u00e4rvikombinatsiooniga tass paistab silma oma kvaliteedi ja edasiantud maitseomaduste poolest. Sellel savitassil on \u00f5hukesed seinad, mis v\u00f5imaldavad teil kuumust h\u00f5lpsalt kontrollida ja vesipiibu t\u00e4it naudingut nautida. Kvaliteetne tass Kong ei ole [\u2026]<\/p>","protected":false},"featured_media":15252,"comment_status":"open","ping_status":"closed","template":"","meta":[],"_links":{"self":[{"href":"https:\/\/hookahshop.lt\/et\/wp-json\/wp\/v2\/product\/15251"}],"collection":[{"href":"https:\/\/hookahshop.lt\/et\/wp-json\/wp\/v2\/product"}],"about":[{"href":"https:\/\/hookahshop.lt\/et\/wp-json\/wp\/v2\/types\/product"}],"replies":[{"embeddable":true,"href":"https:\/\/hookahshop.lt\/et\/wp-json\/wp\/v2\/comments?post=15251"}],"version-history":[{"count":4,"href":"https:\/\/hookahshop.lt\/et\/wp-json\/wp\/v2\/product\/15251\/revisions"}],"predecessor-version":[{"id":26145,"href":"https:\/\/hookahshop.lt\/et\/wp-json\/wp\/v2\/product\/15251\/revisions\/26145"}],"wp:featuredmedia":[{"embeddable":true,"href":"https:\/\/hookahshop.lt\/et\/wp-json\/wp\/v2\/media\/15252"}],"wp:attachment":[{"href":"https:\/\/hookahshop.lt\/et\/wp-json\/wp\/v2\/media?parent=15251"}],"curies":[{"name":"wp","href":"https:\/\/api.w.org\/{rel}","templated":true}]}}