{"id":15327,"date":"2020-12-06T17:59:06","date_gmt":"2020-12-06T15:59:06","guid":{"rendered":"https:\/\/hookahshop.lt\/?post_type=product&#038;p=15327"},"modified":"2026-04-15T12:29:16","modified_gmt":"2026-04-15T09:29:16","slug":"taurele-kaljanui-kong-king-kong","status":"publish","type":"product","link":"https:\/\/hookahshop.lt\/et\/toode\/tass-vesipiip-kong-king-kong\/","title":{"rendered":"Tass vesipiibule KONG King-Kong"},"content":{"rendered":"<h2>Tass vesipiibule KONG King-Kong<\/h2>\n<p>Tassil on eksklusiivne disain, millel on filmi King-Kong tegelaskuju kujutis. Tass taastoodab suurep\u00e4raselt maitset ja v\u00f5imaldab nautida vesipiibu m\u00f5nusid. Tass jaotab soojust ideaalselt, nii et tubakas p\u00f5leb \u00fchtlaselt. Tass sobib nii heledale kui tumedale tubakale.<\/p>\n<p>Kas teil on k\u00fcsimusi? v\u00f5ta meiega \u00fchendust <a href=\"https:\/\/hookahshop.lt\/et\/kontaktid\/\">kontaktide leht<\/a> v\u00f5i saatke meile e-kiri aadressil <a href=\"https:\/\/facebook.com\/HookahShop.lt\/\" target=\"_blank\" rel=\"noopener noreferrer\">Facebooki konto<\/a> ja vastame teie taotlusele samal p\u00e4eval.<\/p>","protected":false},"excerpt":{"rendered":"<p>Vesipiibu tass KONG King-Kong Tass on eksklusiivse disainiga, millel on filmi King-Kong tegelase kujutis. Tass taastoodab suurep\u00e4raselt maitset ja v\u00f5imaldab nautida vesipiibu m\u00f5nusid. Tass jaotab soojust ideaalselt, nii et tubakas p\u00f5leb \u00fchtlaselt. Tass sobib nii heledale kui tumedale tubakale. Kas teil on k\u00fcsimusi? V\u00f5tke meiega \u00fchendust kontaktide lehel v\u00f5i kirjutage meile oma Facebooki kontol ja me vastame [\u2026]<\/p>","protected":false},"featured_media":15333,"comment_status":"open","ping_status":"closed","template":"","meta":[],"_links":{"self":[{"href":"https:\/\/hookahshop.lt\/et\/wp-json\/wp\/v2\/product\/15327"}],"collection":[{"href":"https:\/\/hookahshop.lt\/et\/wp-json\/wp\/v2\/product"}],"about":[{"href":"https:\/\/hookahshop.lt\/et\/wp-json\/wp\/v2\/types\/product"}],"replies":[{"embeddable":true,"href":"https:\/\/hookahshop.lt\/et\/wp-json\/wp\/v2\/comments?post=15327"}],"version-history":[{"count":5,"href":"https:\/\/hookahshop.lt\/et\/wp-json\/wp\/v2\/product\/15327\/revisions"}],"predecessor-version":[{"id":44616,"href":"https:\/\/hookahshop.lt\/et\/wp-json\/wp\/v2\/product\/15327\/revisions\/44616"}],"wp:featuredmedia":[{"embeddable":true,"href":"https:\/\/hookahshop.lt\/et\/wp-json\/wp\/v2\/media\/15333"}],"wp:attachment":[{"href":"https:\/\/hookahshop.lt\/et\/wp-json\/wp\/v2\/media?parent=15327"}],"curies":[{"name":"wp","href":"https:\/\/api.w.org\/{rel}","templated":true}]}}