{"id":15347,"date":"2020-12-07T13:39:58","date_gmt":"2020-12-07T11:39:58","guid":{"rendered":"https:\/\/hookahshop.lt\/?post_type=product&#038;p=15347"},"modified":"2026-04-14T23:28:50","modified_gmt":"2026-04-14T20:28:50","slug":"kaljanas-hoob-mars-black-mini","status":"publish","type":"product","link":"https:\/\/hookahshop.lt\/et\/toode\/vesipiip-hoob-mars-black-mini\/","title":{"rendered":"Vesipiip HOOB Mars Black Mini"},"content":{"rendered":"<h2>Vesipiibu Hoob Mars Black Mini<\/h2>\n<p>Vesipiip Hoob Mars Black Mini Black Series vesipiibuna loodi traditsioonilise vesipiibuna, toodetud moodsates CNC masinates provokatiivse v\u00e4rvilahendusega \u2013 mattmust ja l\u00e4ikiv kuld.<br \/>\nHoob Mars Black Mini disain on kombinatsioon traditsioonilistest \u00fcmaratest vormidest ja kaasaegsete 3D-joonistustehnikate k\u00f5rgeimast t\u00e4psusest. Vesipiibud \u00fchendavad klassikaliste vesipiipude parimad omadused k\u00f5rgtehnoloogilise tootmise eelistega.<br \/>\nSee suitseb nagu traditsiooniline vesipiip, kuid samal ajal n\u00e4itab Hoob Mars Black Mini, kuidas tehnoloogia saab kohandada difuusori ja magnetvooliku\u00fchendusi, et anda vesipiibule uus nauding ja mugavus. Suurep\u00e4rane \u00f5huvoolu ja suitsu eemaldamise s\u00fcsteem.<br \/>\nEi mingeid kahjulikke katteid ega materjale, mis v\u00f5iksid teid kahjustada. Hoolime teie tervisest ja keskkonnast, seet\u00f5ttu kasutame ainult puhtaid materjale ja ei kasuta v\u00e4rvi.<br \/>\nIga vesipiip l\u00e4bib enne kliendi juurde minekut kvaliteedikontrolli, nii et saame pakkuda Sulle turu k\u00f5rgeima kvaliteediga vesipiipu.<\/p>\n<p>Hoob Mars Black Mini spetsifikatsioonid:<br \/>\nRoostevabast terasest vars spetsiaalse kullatud kattega ja mustaks anodeeritud alumiiniumiga.<br \/>\nL\u00e4biviigu masti-aluse \u00fchendus.<br \/>\nMagnetvooliku port.<br \/>\nK\u00f5rgus: 43 cm;<br \/>\nAlumine osa: \u00d813mm;<br \/>\nVooliku \u00fchendused: \u00d810mm;<br \/>\nPuhastusventiil.<br \/>\nRoostevabast terasest s\u00fcsiniku korpus.<br \/>\nValikuline reguleeritav difuusor.<\/p>\n<p><strong>Varustus:<\/strong><br \/>\nV\u00f5lli<br \/>\nPlaat<br \/>\nKolb ei kuulu komplekti<\/p>\n<p>Kas teil on k\u00fcsimusi? v\u00f5ta meiega \u00fchendust <a href=\"https:\/\/hookahshop.lt\/et\/kontaktid\/\">kontaktide leht<\/a> v\u00f5i saatke meile e-kiri aadressil <a href=\"https:\/\/facebook.com\/HookahShop.lt\/\" target=\"_blank\" rel=\"noopener noreferrer\">Facebooki konto<\/a> ja vastame teie taotlusele samal p\u00e4eval.<\/p>","protected":false},"excerpt":{"rendered":"<p>Vesipiibu Hoob Mars Black Mini Vesipiibu Hoob Mars Black Mini Black Series vesipiibuna loodi traditsioonilise vesipiibuna, toodetud moodsates CNC masinates provokatiivse v\u00e4rvilahendusega - mattmust ja l\u00e4ikiv kuld. Hoob Mars Black Mini disain on kombinatsioon traditsioonilistest \u00fcmaratest kujunditest ja k\u00f5rgeima t\u00e4psusega kaasaegsetest 3D-joonistustehnikatest. Hoobi vesipiibud \u00fchendavad endas parimad [\u2026]<\/p>","protected":false},"featured_media":15348,"comment_status":"open","ping_status":"closed","template":"","meta":[],"_links":{"self":[{"href":"https:\/\/hookahshop.lt\/et\/wp-json\/wp\/v2\/product\/15347"}],"collection":[{"href":"https:\/\/hookahshop.lt\/et\/wp-json\/wp\/v2\/product"}],"about":[{"href":"https:\/\/hookahshop.lt\/et\/wp-json\/wp\/v2\/types\/product"}],"replies":[{"embeddable":true,"href":"https:\/\/hookahshop.lt\/et\/wp-json\/wp\/v2\/comments?post=15347"}],"version-history":[{"count":5,"href":"https:\/\/hookahshop.lt\/et\/wp-json\/wp\/v2\/product\/15347\/revisions"}],"predecessor-version":[{"id":35944,"href":"https:\/\/hookahshop.lt\/et\/wp-json\/wp\/v2\/product\/15347\/revisions\/35944"}],"wp:featuredmedia":[{"embeddable":true,"href":"https:\/\/hookahshop.lt\/et\/wp-json\/wp\/v2\/media\/15348"}],"wp:attachment":[{"href":"https:\/\/hookahshop.lt\/et\/wp-json\/wp\/v2\/media?parent=15347"}],"curies":[{"name":"wp","href":"https:\/\/api.w.org\/{rel}","templated":true}]}}