{"id":15644,"date":"2020-12-16T21:02:18","date_gmt":"2020-12-16T19:02:18","guid":{"rendered":"https:\/\/hookahshop.lt\/?post_type=product&#038;p=15644"},"modified":"2026-04-18T23:28:49","modified_gmt":"2026-04-18T20:28:49","slug":"union-hookah-sleek-exotic-wood","status":"publish","type":"product","link":"https:\/\/hookahshop.lt\/et\/toode\/vesipiip-union-hookah-sleek-exotic-wood\/","title":{"rendered":"Vesipiibu UNION HOOKAH Sile eksootiline puit"},"content":{"rendered":"<h2>Vesipiibu UNION HOOKAH Sile eksootiline puit<\/h2>\n<p>mudel on juba m\u00f5nda aega olnud Venemaa turul ja avaldab muljet oma erilise disaini ja suurep\u00e4raste v\u00e4rvivalikutega! Olgu selleks siis lihtne puitdisain, ebatavalised laminaatmustrid v\u00f5i v\u00e4ga populaarsed epoks\u00fcvaigust ja puidust valmistatud h\u00fcbriiddisainid \u2013 Union Hookah pakub kindlasti midagi igale vesipiibus\u00f5brale!<\/p>\n<p>Spetsifikatsioonid:<\/p>\n<p>K\u00f5rgus: 50 cm<br \/>\nRiik: Venemaa<br \/>\nDisain: Epoksiid<br \/>\nKolb: Pole saadaval<br \/>\nHuulik ja voolik: saadaval<\/p>\n<p>Kas teil on k\u00fcsimusi? v\u00f5ta meiega \u00fchendust <a href=\"https:\/\/hookahshop.lt\/et\/kontaktid\/\">kontaktide leht<\/a> v\u00f5i saatke meile e-kiri aadressil <a href=\"https:\/\/facebook.com\/HookahShop.lt\/\" target=\"_blank\" rel=\"noopener noreferrer\">Facebooki konto<\/a> ja vastame teie taotlusele samal p\u00e4eval.<\/p>","protected":false},"excerpt":{"rendered":"<p>Vesipiibu UNION HOOKAH Sleek Exotic Wood mudel on olnud Venemaa turul juba m\u00f5nda aega ja avaldab muljet oma erilise disaini ja suurep\u00e4raste v\u00e4rvivalikutega! Olgu selleks siis lihtne puitdisain, ebatavalised laminaatmustrid v\u00f5i v\u00e4ga populaarsed epoks\u00fcvaigust ja puidust valmistatud h\u00fcbriiddisainid \u2013 Union Hookah pakub kindlasti midagi igale vesipiibus\u00f5brale! Tehnilised andmed: K\u00f5rgus: 50 cm Riik: Venemaa [\u2026]<\/p>","protected":false},"featured_media":21299,"comment_status":"open","ping_status":"closed","template":"","meta":[],"_links":{"self":[{"href":"https:\/\/hookahshop.lt\/et\/wp-json\/wp\/v2\/product\/15644"}],"collection":[{"href":"https:\/\/hookahshop.lt\/et\/wp-json\/wp\/v2\/product"}],"about":[{"href":"https:\/\/hookahshop.lt\/et\/wp-json\/wp\/v2\/types\/product"}],"replies":[{"embeddable":true,"href":"https:\/\/hookahshop.lt\/et\/wp-json\/wp\/v2\/comments?post=15644"}],"version-history":[{"count":4,"href":"https:\/\/hookahshop.lt\/et\/wp-json\/wp\/v2\/product\/15644\/revisions"}],"predecessor-version":[{"id":33219,"href":"https:\/\/hookahshop.lt\/et\/wp-json\/wp\/v2\/product\/15644\/revisions\/33219"}],"wp:featuredmedia":[{"embeddable":true,"href":"https:\/\/hookahshop.lt\/et\/wp-json\/wp\/v2\/media\/21299"}],"wp:attachment":[{"href":"https:\/\/hookahshop.lt\/et\/wp-json\/wp\/v2\/media?parent=15644"}],"curies":[{"name":"wp","href":"https:\/\/api.w.org\/{rel}","templated":true}]}}