{"id":15652,"date":"2020-12-16T21:09:22","date_gmt":"2020-12-16T19:09:22","guid":{"rendered":"https:\/\/hookahshop.lt\/?post_type=product&#038;p=15652"},"modified":"2026-04-18T23:28:49","modified_gmt":"2026-04-18T20:28:49","slug":"kaljanas-union-hookah-sleek-black-silver","status":"publish","type":"product","link":"https:\/\/hookahshop.lt\/et\/toode\/vesipiip-union-hh-sleek-standard\/","title":{"rendered":"Vesipiip UNION HOOKAH Sleek Black Silver"},"content":{"rendered":"<h2>Vesipiip UNION HOOKAH Sleek Black Silver<\/h2>\n<p>Mudel on juba m\u00f5nda aega olnud Venemaa turul ning paelub oma erilise disaini ja suurep\u00e4raste v\u00e4rvivalikutega! Olenemata sellest, kas tegemist on lihtsa puitdisainiga, ebatavalise laminaadiga v\u00f5i v\u00e4ga populaarsete epoks\u00fcvaigust ja puidust valmistatud h\u00fcbriiddisainidega, Union Hookah pakub t\u00f5esti midagi igale vesipiibus\u00f5brale!<\/p>\n<p><strong>Spetsifikatsioonid:<\/strong><br \/>\nK\u00f5rgus: 50 cm<br \/>\nRiik: Venemaa<br \/>\nDisain: Epoksiid<br \/>\nKolb: Pole saadaval<br \/>\nHuulik ja voolik: saadaval<\/p>\n<p><img decoding=\"async\" loading=\"lazy\" class=\"alignnone size-medium wp-image-38521\" src=\"https:\/\/hookahshop.lt\/wp-content\/uploads\/2020\/09\/stiebas-zarna-kandiklis-1-300x273.jpg\" alt=\"- hookahshop.lt\" width=\"300\" height=\"273\" srcset=\"https:\/\/hookahshop.lt\/wp-content\/uploads\/2020\/09\/stiebas-zarna-kandiklis-1-300x273.jpg 300w, https:\/\/hookahshop.lt\/wp-content\/uploads\/2020\/09\/stiebas-zarna-kandiklis-1-13x12.jpg 13w, https:\/\/hookahshop.lt\/wp-content\/uploads\/2020\/09\/stiebas-zarna-kandiklis-1-64x58.jpg 64w, https:\/\/hookahshop.lt\/wp-content\/uploads\/2020\/09\/stiebas-zarna-kandiklis-1.jpg 420w\" sizes=\"(max-width: 300px) 100vw, 300px\" title=\"\"><\/p>\n<p>Kas teil on k\u00fcsimusi? v\u00f5ta meiega \u00fchendust <a href=\"https:\/\/hookahshop.lt\/et\/kontaktid\/\">kontaktide leht<\/a> v\u00f5i saatke meile e-kiri aadressil <a href=\"https:\/\/facebook.com\/HookahShop.lt\/\" target=\"_blank\" rel=\"noopener noreferrer\">Facebooki konto<\/a> ja vastame teie taotlusele samal p\u00e4eval.<\/p>","protected":false},"excerpt":{"rendered":"<p>Vesipiip UNION HOOKAH Sleek Black Silver Model on Venemaa turul olnud juba m\u00f5nda aega ning avaldab muljet oma erilise disaini ja suurep\u00e4raste v\u00e4rvivalikutega! Olgu selleks lihtsad puitdisainid, ebatavalised laminaatmudelid v\u00f5i v\u00e4ga populaarsed epoks\u00fcvaigust ja puidust h\u00fcbriiddisainid, Union Hookah pakub kindlasti midagi igale vesipiibus\u00f5brale! Spetsifikatsioonid: K\u00f5rgus: 50cm Riik: Venemaa [\u2026]<\/p>","protected":false},"featured_media":21295,"comment_status":"open","ping_status":"closed","template":"","meta":[],"_links":{"self":[{"href":"https:\/\/hookahshop.lt\/et\/wp-json\/wp\/v2\/product\/15652"}],"collection":[{"href":"https:\/\/hookahshop.lt\/et\/wp-json\/wp\/v2\/product"}],"about":[{"href":"https:\/\/hookahshop.lt\/et\/wp-json\/wp\/v2\/types\/product"}],"replies":[{"embeddable":true,"href":"https:\/\/hookahshop.lt\/et\/wp-json\/wp\/v2\/comments?post=15652"}],"version-history":[{"count":8,"href":"https:\/\/hookahshop.lt\/et\/wp-json\/wp\/v2\/product\/15652\/revisions"}],"predecessor-version":[{"id":45375,"href":"https:\/\/hookahshop.lt\/et\/wp-json\/wp\/v2\/product\/15652\/revisions\/45375"}],"wp:featuredmedia":[{"embeddable":true,"href":"https:\/\/hookahshop.lt\/et\/wp-json\/wp\/v2\/media\/21295"}],"wp:attachment":[{"href":"https:\/\/hookahshop.lt\/et\/wp-json\/wp\/v2\/media?parent=15652"}],"curies":[{"name":"wp","href":"https:\/\/api.w.org\/{rel}","templated":true}]}}