{"id":15660,"date":"2020-12-16T21:46:24","date_gmt":"2020-12-16T19:46:24","guid":{"rendered":"https:\/\/hookahshop.lt\/?post_type=product&#038;p=15660"},"modified":"2026-05-05T23:29:20","modified_gmt":"2026-05-05T20:29:20","slug":"kaljanas-karma-hookah-3-0","status":"publish","type":"product","link":"https:\/\/hookahshop.lt\/et\/toode\/vesipiip-karma-hookah-3-0\/","title":{"rendered":"Kaljanas KARMA HOOKAH 3.0"},"content":{"rendered":"<h2>Kaljanas KARMA HOOKAH 3.0<\/h2>\n<p>KARMA HOOKAH v\u00f5ll on varustatud naturaalse puidu viimistlusega, anodeeritud alumiiniumisulamiga ja meditsiinilisest roostevabast terasest toruga. Vesipiibu varre optimaalne l\u00e4bim\u00f5\u00f5t v\u00f5imaldab kogenud asjatundjatel nautida originaalset maitset ja aroomi.<\/p>\n<p>V\u00f5lli l\u00e4bim\u00f5\u00f5t: 14 mm.<br \/>\nK\u00f5rgus: 65 cm.<br \/>\nV\u00f5lli materjal: roostevaba teras.<br \/>\nVarre viimistlus: puit.<\/p>\n<p><img decoding=\"async\" loading=\"lazy\" class=\"alignnone size-medium wp-image-38600\" src=\"https:\/\/hookahshop.lt\/wp-content\/uploads\/2021\/08\/taurele-stiebas-1-300x273.jpg\" alt=\"- hookahshop.lt\" width=\"300\" height=\"273\" srcset=\"https:\/\/hookahshop.lt\/wp-content\/uploads\/2021\/08\/taurele-stiebas-1-300x273.jpg 300w, https:\/\/hookahshop.lt\/wp-content\/uploads\/2021\/08\/taurele-stiebas-1-13x12.jpg 13w, https:\/\/hookahshop.lt\/wp-content\/uploads\/2021\/08\/taurele-stiebas-1-64x58.jpg 64w, https:\/\/hookahshop.lt\/wp-content\/uploads\/2021\/08\/taurele-stiebas-1.jpg 420w\" sizes=\"(max-width: 300px) 100vw, 300px\" title=\"\"><\/p>\n<p>Kas teil on k\u00fcsimusi? v\u00f5ta meiega \u00fchendust <a href=\"https:\/\/hookahshop.lt\/et\/kontaktid\/\">kontaktide leht<\/a> v\u00f5i saatke meile e-kiri aadressil <a href=\"https:\/\/facebook.com\/HookahShop.lt\/\" target=\"_blank\" rel=\"noopener noreferrer\">Facebooki konto<\/a> ja vastame teie taotlusele samal p\u00e4eval.<\/p>\n<p>&nbsp;<\/p>","protected":false},"excerpt":{"rendered":"<p>Vesipiip KARMA HOOKAH 3.0 KARMA HOOKAH v\u00f5ll on varustatud naturaalse puidu viimistlusega, anodeeritud alumiiniumisulamiga ja meditsiinilisest roostevabast terasest toruga. Vesipiibu varre optimaalne l\u00e4bim\u00f5\u00f5t v\u00f5imaldab kogenud asjatundjatel nautida originaalset maitset ja aroomi. V\u00f5lli l\u00e4bim\u00f5\u00f5t: 14 mm. K\u00f5rgus: 65 cm. V\u00f5lli materjal: roostevaba teras. Varre viimistlus: puit. Kas teil on k\u00fcsimusi? V\u00f5tke meiega \u00fchendust kontaktide lehel v\u00f5i kirjutage [\u2026]<\/p>","protected":false},"featured_media":15662,"comment_status":"open","ping_status":"closed","template":"","meta":[],"_links":{"self":[{"href":"https:\/\/hookahshop.lt\/et\/wp-json\/wp\/v2\/product\/15660"}],"collection":[{"href":"https:\/\/hookahshop.lt\/et\/wp-json\/wp\/v2\/product"}],"about":[{"href":"https:\/\/hookahshop.lt\/et\/wp-json\/wp\/v2\/types\/product"}],"replies":[{"embeddable":true,"href":"https:\/\/hookahshop.lt\/et\/wp-json\/wp\/v2\/comments?post=15660"}],"version-history":[{"count":7,"href":"https:\/\/hookahshop.lt\/et\/wp-json\/wp\/v2\/product\/15660\/revisions"}],"predecessor-version":[{"id":35723,"href":"https:\/\/hookahshop.lt\/et\/wp-json\/wp\/v2\/product\/15660\/revisions\/35723"}],"wp:featuredmedia":[{"embeddable":true,"href":"https:\/\/hookahshop.lt\/et\/wp-json\/wp\/v2\/media\/15662"}],"wp:attachment":[{"href":"https:\/\/hookahshop.lt\/et\/wp-json\/wp\/v2\/media?parent=15660"}],"curies":[{"name":"wp","href":"https:\/\/api.w.org\/{rel}","templated":true}]}}