{"id":15665,"date":"2020-12-16T21:54:57","date_gmt":"2020-12-16T19:54:57","guid":{"rendered":"https:\/\/hookahshop.lt\/?post_type=product&#038;p=15665"},"modified":"2026-04-18T23:28:49","modified_gmt":"2026-04-18T20:28:49","slug":"kaljanas-union-h-standard-coffee","status":"publish","type":"product","link":"https:\/\/hookahshop.lt\/et\/toode\/vesipiip-union-h-standard-coffee\/","title":{"rendered":"Vesipiip UNION HOOKAH Sleek Standard Coffee"},"content":{"rendered":"<h2>Vesipiip UNION HOOKAH Sleek Standard Coffee<\/h2>\n<p>mudel on juba m\u00f5nda aega olnud Venemaa turul ja avaldab muljet oma erilise disaini ja suurep\u00e4raste v\u00e4rvivalikutega! Olgu selleks siis lihtne puitdisain, ebatavalised laminaatmustrid v\u00f5i v\u00e4ga populaarsed epoks\u00fcvaigust ja puidust valmistatud h\u00fcbriiddisainid \u2013 Union Hookah pakub kindlasti midagi igale vesipiibus\u00f5brale!<\/p>\n<p>Spetsifikatsioonid:<\/p>\n<p>K\u00f5rgus: 50 cm<br \/>\nRiik: Venemaa<br \/>\nDisain: Epoksiid<br \/>\nKolb: Pole saadaval<br \/>\nHuulik ja voolik: saadaval<br \/>\n<img decoding=\"async\" loading=\"lazy\" class=\"alignnone size-medium wp-image-38521\" src=\"https:\/\/hookahshop.lt\/wp-content\/uploads\/2020\/09\/stiebas-zarna-kandiklis-1-300x273.jpg\" alt=\"- hookahshop.lt\" width=\"300\" height=\"273\" srcset=\"https:\/\/hookahshop.lt\/wp-content\/uploads\/2020\/09\/stiebas-zarna-kandiklis-1-300x273.jpg 300w, https:\/\/hookahshop.lt\/wp-content\/uploads\/2020\/09\/stiebas-zarna-kandiklis-1-13x12.jpg 13w, https:\/\/hookahshop.lt\/wp-content\/uploads\/2020\/09\/stiebas-zarna-kandiklis-1-64x58.jpg 64w, https:\/\/hookahshop.lt\/wp-content\/uploads\/2020\/09\/stiebas-zarna-kandiklis-1.jpg 420w\" sizes=\"(max-width: 300px) 100vw, 300px\" title=\"\"><\/p>\n<p>Kas teil on k\u00fcsimusi? v\u00f5ta meiega \u00fchendust <a href=\"https:\/\/hookahshop.lt\/et\/kontaktid\/\">kontaktide leht<\/a> v\u00f5i saatke meile e-kiri aadressil <a href=\"https:\/\/facebook.com\/HookahShop.lt\/\" target=\"_blank\" rel=\"noopener noreferrer\">Facebooki konto<\/a> ja vastame teie taotlusele samal p\u00e4eval.<\/p>","protected":false},"excerpt":{"rendered":"<p>Kaljanas UNION HOOKAH Sleek Standard Coffee modelis kur\u012f laik\u0105 buvo Rusijos rinkoje ir \u017eavi savo ypatingu dizainu ir puikiais spalv\u0173 variantais! Nesvarbu, ar tai paprastas med\u017eio dizainas, ar ne\u012fprasti laminato modeliai, ar labai populiar\u016bs hibridiniai dizainai, pagaminti i\u0161 epoksidin\u0117s dervos ir medienos, \u201eUnion Hookah\u201c tikrai turi ka\u017ek\u0105 kiekvienam kaljano m\u0117g\u0117jui! Specifikacijos: Auk\u0161tis: 50cm \u0160alis: Rusija [&hellip;]<\/p>","protected":false},"featured_media":21233,"comment_status":"open","ping_status":"closed","template":"","meta":[],"_links":{"self":[{"href":"https:\/\/hookahshop.lt\/et\/wp-json\/wp\/v2\/product\/15665"}],"collection":[{"href":"https:\/\/hookahshop.lt\/et\/wp-json\/wp\/v2\/product"}],"about":[{"href":"https:\/\/hookahshop.lt\/et\/wp-json\/wp\/v2\/types\/product"}],"replies":[{"embeddable":true,"href":"https:\/\/hookahshop.lt\/et\/wp-json\/wp\/v2\/comments?post=15665"}],"version-history":[{"count":7,"href":"https:\/\/hookahshop.lt\/et\/wp-json\/wp\/v2\/product\/15665\/revisions"}],"predecessor-version":[{"id":45273,"href":"https:\/\/hookahshop.lt\/et\/wp-json\/wp\/v2\/product\/15665\/revisions\/45273"}],"wp:featuredmedia":[{"embeddable":true,"href":"https:\/\/hookahshop.lt\/et\/wp-json\/wp\/v2\/media\/21233"}],"wp:attachment":[{"href":"https:\/\/hookahshop.lt\/et\/wp-json\/wp\/v2\/media?parent=15665"}],"curies":[{"name":"wp","href":"https:\/\/api.w.org\/{rel}","templated":true}]}}