{"id":15692,"date":"2020-12-17T00:44:41","date_gmt":"2020-12-16T22:44:41","guid":{"rendered":"https:\/\/hookahshop.lt\/?post_type=product&#038;p=15692"},"modified":"2026-04-17T23:29:37","modified_gmt":"2026-04-17T20:29:37","slug":"taurele-kaljanui-oblako-killer-blue-topaz","status":"publish","type":"product","link":"https:\/\/hookahshop.lt\/et\/toode\/tass-vesipiip-oblako-killer-blue-topaz\/","title":{"rendered":"Tass vesipiibule OBLAKO Killer Blue Topaz"},"content":{"rendered":"<h2>Tass vesipiibule OBLAKO Killer Blue Topaz<\/h2>\n<p>See on klassikaline glasuuritud tass, mis sobib igat t\u00fc\u00fcpi tubakale ja tagab minimaalse kuumuse reguleerimise!<br \/>\nTass on kaetud glasuuriga, t\u00e4nu millele suudab see pikka aega s\u00e4ilitada oma esialgsed omadused ja v\u00e4limuse. OBLAKO kasutab ainult inims\u00f5bralikku toiduglasuuri, mille on v\u00e4lja t\u00f6\u00f6tanud partnerid spetsialiseeritud laborites, mis asuvad Venemaal \u00fches traditsioonilises keraamikatootmiskeskuses Gzhelskojes.<br \/>\nTassit\u00e4is tubakat mahutab 25-30 g<\/p>\n<p>Spetsifikatsioonid:<br \/>\nK\u00f5rgus: 120mm<br \/>\nL\u00e4bim\u00f5\u00f5t (v\u00e4limine): 72 mm<br \/>\nL\u00e4bim\u00f5\u00f5t (sisemine): 62mm<br \/>\nS\u00fcgavus: 15mm<br \/>\nAva l\u00e4bim\u00f5\u00f5t: 8mm<br \/>\nAukude arv: 5<br \/>\nKaal: umbes 197 g.<\/p>\n<p>Kas teil on k\u00fcsimusi? v\u00f5ta meiega \u00fchendust <a href=\"https:\/\/hookahshop.lt\/et\/kontaktid\/\">kontaktide leht<\/a> v\u00f5i saatke meile e-kiri aadressil <a href=\"https:\/\/facebook.com\/HookahShop.lt\/\" target=\"_blank\" rel=\"noopener noreferrer\">Facebooki konto<\/a> ja vastame teie taotlusele samal p\u00e4eval.<\/p>","protected":false},"excerpt":{"rendered":"<p>Vesipiibu tass OBLAKO Killer Blue Topaz See on klassikaline glasuuritud tass, mis sobib igat t\u00fc\u00fcpi tubakale, minimaalse kuumuse reguleerimiseks! Tass on kaetud glasuuriga, t\u00e4nu millele suudab see kaua s\u00e4ilitada oma esialgsed omadused ja v\u00e4limus. OBLAKO kasutab ainult inims\u00f5bralikku toiduglasuuri, mille on v\u00e4lja t\u00f6\u00f6tanud partnerid spetsialiseeritud laborites, mis asuvad Gzhelskojes, \u00fches Venemaa traditsioonilises keraamikatootmiskeskuses. Tass tubakat mahutab [\u2026]<\/p>","protected":false},"featured_media":15693,"comment_status":"open","ping_status":"closed","template":"","meta":[],"_links":{"self":[{"href":"https:\/\/hookahshop.lt\/et\/wp-json\/wp\/v2\/product\/15692"}],"collection":[{"href":"https:\/\/hookahshop.lt\/et\/wp-json\/wp\/v2\/product"}],"about":[{"href":"https:\/\/hookahshop.lt\/et\/wp-json\/wp\/v2\/types\/product"}],"replies":[{"embeddable":true,"href":"https:\/\/hookahshop.lt\/et\/wp-json\/wp\/v2\/comments?post=15692"}],"version-history":[{"count":5,"href":"https:\/\/hookahshop.lt\/et\/wp-json\/wp\/v2\/product\/15692\/revisions"}],"predecessor-version":[{"id":23131,"href":"https:\/\/hookahshop.lt\/et\/wp-json\/wp\/v2\/product\/15692\/revisions\/23131"}],"wp:featuredmedia":[{"embeddable":true,"href":"https:\/\/hookahshop.lt\/et\/wp-json\/wp\/v2\/media\/15693"}],"wp:attachment":[{"href":"https:\/\/hookahshop.lt\/et\/wp-json\/wp\/v2\/media?parent=15692"}],"curies":[{"name":"wp","href":"https:\/\/api.w.org\/{rel}","templated":true}]}}