{"id":16725,"date":"2020-12-23T22:59:40","date_gmt":"2020-12-23T20:59:40","guid":{"rendered":"https:\/\/hookahshop.lt\/?post_type=product&#038;p=16725"},"modified":"2026-04-15T12:28:49","modified_gmt":"2026-04-15T09:28:49","slug":"kaljanas-amy-deluxe-amy069-02-red","status":"publish","type":"product","link":"https:\/\/hookahshop.lt\/et\/toode\/vesipiip-amy-deluxe-amy069-02-red\/","title":{"rendered":"Vesipiip AMY DELUXE AMY069-02 Ed"},"content":{"rendered":"<h2>Vesipiip AMY DELUXE AMY069-02 Ed<\/h2>\n<p>Tegemist on eksklusiivse disainiga roostevabast terasest ja alumiiniumist vesipiibuga.<\/p>\n<p>Komplekt sisaldab:<\/p>\n<p>Vesipiip<br \/>\nKolb<br \/>\nHuulik<br \/>\nKarikas<br \/>\nSoolestik<br \/>\nVoolikuhoidja<br \/>\nTangid<br \/>\nKorsten<\/p>\n<p>Spetsifikatsioonid:<\/p>\n<p>Vesipiibu k\u00f5rgus koos kolbiga: umbes 50 cm<br \/>\nMaterjal: roostevaba teras + alumiinium<br \/>\n\u00dchenduse t\u00fc\u00fcp: kl\u00f5psake nuppu<br \/>\nV\u00e4rvus must<br \/>\nHajuti: pole saadaval<br \/>\ntoodetud Hiinas<\/p>\n<p>Kas teil on k\u00fcsimusi? v\u00f5ta meiega \u00fchendust\u00a0<a href=\"https:\/\/hookahshop.lt\/et\/kontaktid\/\">kontaktide leht<\/a>\u00a0v\u00f5i saatke meile e-kiri aadressil\u00a0<a href=\"https:\/\/facebook.com\/HookahShop.lt\/\" target=\"_blank\" rel=\"noopener noreferrer\">Facebooki konto<\/a>\u00a0ja vastame teie taotlusele samal p\u00e4eval.<\/p>","protected":false},"excerpt":{"rendered":"<p>Vesipiip AMY DELUXE AMY069-02 Red See on eksklusiivse disainiga roostevabast terasest ja alumiiniumist vesipiip. Komplekt sisaldab: Vesipiibu kolvi kruusitops Voolikuhoidja Tangid Korsten Tehnilised andmed: Konksu k\u00f5rgus koos kolbiga: umbes 50 cm Materjal: roostevaba teras + alumiinium \u00dchenduse t\u00fc\u00fcp: Click V\u00e4rv: Must Hajuti: Ei P\u00e4ritoluriik: Hiina K\u00fcsimused? V\u00f5tke meiega \u00fchendust kontaktide lehel v\u00f5i kirjutage [\u2026]<\/p>","protected":false},"featured_media":16726,"comment_status":"open","ping_status":"closed","template":"","meta":[],"_links":{"self":[{"href":"https:\/\/hookahshop.lt\/et\/wp-json\/wp\/v2\/product\/16725"}],"collection":[{"href":"https:\/\/hookahshop.lt\/et\/wp-json\/wp\/v2\/product"}],"about":[{"href":"https:\/\/hookahshop.lt\/et\/wp-json\/wp\/v2\/types\/product"}],"replies":[{"embeddable":true,"href":"https:\/\/hookahshop.lt\/et\/wp-json\/wp\/v2\/comments?post=16725"}],"version-history":[{"count":3,"href":"https:\/\/hookahshop.lt\/et\/wp-json\/wp\/v2\/product\/16725\/revisions"}],"predecessor-version":[{"id":25619,"href":"https:\/\/hookahshop.lt\/et\/wp-json\/wp\/v2\/product\/16725\/revisions\/25619"}],"wp:featuredmedia":[{"embeddable":true,"href":"https:\/\/hookahshop.lt\/et\/wp-json\/wp\/v2\/media\/16726"}],"wp:attachment":[{"href":"https:\/\/hookahshop.lt\/et\/wp-json\/wp\/v2\/media?parent=16725"}],"curies":[{"name":"wp","href":"https:\/\/api.w.org\/{rel}","templated":true}]}}