{"id":17393,"date":"2020-12-30T00:27:13","date_gmt":"2020-12-29T22:27:13","guid":{"rendered":"https:\/\/hookahshop.lt\/?post_type=product&#038;p=17393"},"modified":"2026-04-18T23:28:51","modified_gmt":"2026-04-18T20:28:51","slug":"kaljano-komplektas-voodoo-smoke-down-black","status":"publish","type":"product","link":"https:\/\/hookahshop.lt\/et\/toode\/vesipiibukomplektid-voodoo-smoke-down-black\/","title":{"rendered":"Vesipiibukomplekt VOODOO Smoke Down Black"},"content":{"rendered":"<h2>Vesipiibukomplekt VOODOO Smoke Down Black<\/h2>\n<p>VooDoo Smoke on Moskvas asuv vesipiibu ja tarvikute tootja, kes on p\u00e4lvinud oma usalduse vesipiibu turul.<br \/>\nVoodoo Smoke on v\u00e4lja andnud uue mudeli, millel on eksklusiivne puhumiss\u00fcsteem plaadi alt - Smoke Down (Black). Valmistatud kvaliteetsest Saksa pol\u00fcatsetaalist ja on \u00fcleni must.<br \/>\nSee on roostevabast terasest osade kvaliteetne t\u00f6\u00f6tlemine. Voodoo Smoke arvestab vesipiibus\u00f5prade soovidega ja kehastab neid oma mudelites.<\/p>\n<p>Varustus:<br \/>\nV\u00f5ll -1 tk.<br \/>\nVesipiibu plaat - 1 tk.<br \/>\nHuulik - 1 tk.<br \/>\nSilikoonvoolik - 1 tk.<br \/>\nTihendid - 2 tk.<br \/>\nKolb - 1 tk.<br \/>\nTangid - 1 tk.<br \/>\nKuumutuskamber - 1 tk.<br \/>\nKarikas - 1tk.<br \/>\nKivis\u00fcsi 1kg - 1tk.<br \/>\nPliit - 1tk.<\/p>\n<p>Komplekt v\u00f5ib erineda konksu konksust ja kolbist fotol n\u00e4idatust.<\/p>\n<p>Kas teil on k\u00fcsimusi? v\u00f5ta meiega \u00fchendust\u00a0<a href=\"https:\/\/hookahshop.lt\/et\/kontaktid\/\">kontaktide leht<\/a>\u00a0v\u00f5i saatke meile e-kiri aadressil\u00a0<a href=\"https:\/\/facebook.com\/HookahShop.lt\/\" target=\"_blank\" rel=\"noopener noreferrer\">Facebooki konto<\/a>\u00a0ja vastame teie taotlusele samal p\u00e4eval.<\/p>","protected":false},"excerpt":{"rendered":"<p>Vesipiibukomplekt VOODOO Smoke Down Black VooDoo Smoke on vesipiibude ja aksessuaaride tootja Moskvast, kes on saavutanud usalduse vesipiibuturul. Voodoo Smoke on v\u00e4lja andnud uue mudeli, millel on eksklusiivne puhumiss\u00fcsteem plaadi alt - Smoke Down (Black). Valmistatud kvaliteetsest Saksa pol\u00fcatsetaalist ja on \u00fcleni must. See on roostevabast terasest osade kvaliteetne t\u00f6\u00f6tlemine. Voodoo Smoke v\u00f5tab arvesse [\u2026]<\/p>","protected":false},"featured_media":27991,"comment_status":"open","ping_status":"closed","template":"","meta":[],"_links":{"self":[{"href":"https:\/\/hookahshop.lt\/et\/wp-json\/wp\/v2\/product\/17393"}],"collection":[{"href":"https:\/\/hookahshop.lt\/et\/wp-json\/wp\/v2\/product"}],"about":[{"href":"https:\/\/hookahshop.lt\/et\/wp-json\/wp\/v2\/types\/product"}],"replies":[{"embeddable":true,"href":"https:\/\/hookahshop.lt\/et\/wp-json\/wp\/v2\/comments?post=17393"}],"version-history":[{"count":3,"href":"https:\/\/hookahshop.lt\/et\/wp-json\/wp\/v2\/product\/17393\/revisions"}],"predecessor-version":[{"id":32723,"href":"https:\/\/hookahshop.lt\/et\/wp-json\/wp\/v2\/product\/17393\/revisions\/32723"}],"wp:featuredmedia":[{"embeddable":true,"href":"https:\/\/hookahshop.lt\/et\/wp-json\/wp\/v2\/media\/27991"}],"wp:attachment":[{"href":"https:\/\/hookahshop.lt\/et\/wp-json\/wp\/v2\/media?parent=17393"}],"curies":[{"name":"wp","href":"https:\/\/api.w.org\/{rel}","templated":true}]}}