{"id":17397,"date":"2020-12-30T00:32:30","date_gmt":"2020-12-29T22:32:30","guid":{"rendered":"https:\/\/hookahshop.lt\/?post_type=product&#038;p=17397"},"modified":"2026-04-10T12:51:23","modified_gmt":"2026-04-10T09:51:23","slug":"kaljano-komplektas-amy-deluxe-unio","status":"publish","type":"product","link":"https:\/\/hookahshop.lt\/et\/toode\/vesipiibukomplektid-amy-deluxe-unio\/","title":{"rendered":"Vesipiibukomplekt AMY DELUXE Unio 006-01BK"},"content":{"rendered":"<h2>Vesipiibukomplekt AMY DELUXE Unio 006-01BK<\/h2>\n<p>Amy Deluxi tooted on ammu v\u00f5itnud Euroopa ostjate s\u00fcdame. K\u00f5rge toote kvaliteet ja konkurentsiv\u00f5imeline hind. Disaini l\u00f5id eksperdid Saksamaalt ja see \u00fchendab praktilisuse ja kaasaegse ilme.<\/p>\n<p>Esmapilgul t\u00f5mbab must vesipiip AMY DELUXE UNIO 006.01BK ebatavalise kujundusega. Vesipiibu v\u00f5ll on valmistatud roostevabast terasest ja puitkompositsioonist, mis annab vesipiibule tugevuse ja ilusa v\u00e4limuse. Vesipiibul on suur ja stabiilne kolb. Mugavuse huvides on vesipiibul vooliku hoidik. K\u00f5rgus 71cm<\/p>\n<p>Varustus:<br \/>\nV\u00f5ll -1 tk.<br \/>\nVesipiibu plaat - 1 tk.<br \/>\nHuulik - 1 tk.<br \/>\nSilikoonvoolik - 1 tk.<br \/>\nTihendid - 2 tk.<br \/>\nKolb - 1 tk.<br \/>\nTangid - 1 tk.<br \/>\nKuumutuskamber - 1 tk.<br \/>\nKarikas - 1tk.<br \/>\nKivis\u00fcsi 1kg - 1tk.<br \/>\nPliit - 1tk.<\/p>\n<p>Komplekt v\u00f5ib erineda konksu konksust ja kolbist fotol n\u00e4idatust.<\/p>\n<p>Kas teil on k\u00fcsimusi? v\u00f5ta meiega \u00fchendust\u00a0<a href=\"https:\/\/hookahshop.lt\/et\/kontaktid\/\">kontaktide leht<\/a>\u00a0v\u00f5i saatke meile e-kiri aadressil\u00a0<a href=\"https:\/\/facebook.com\/HookahShop.lt\/\" target=\"_blank\" rel=\"noopener noreferrer\">Facebooki konto<\/a>\u00a0ja vastame teie taotlusele samal p\u00e4eval.<\/p>","protected":false},"excerpt":{"rendered":"<p>Vesipiibu komplekt AMY DELUXE Unio 006-01BK Amy Deluxe tooted on pikka aega v\u00f5itnud Euroopa ostjate s\u00fcdamed. K\u00f5rge tootekvaliteet ja konkurentsiv\u00f5imeline hind. Disaini l\u00f5id Saksamaalt p\u00e4rit eksperdid ja see \u00fchendab praktilisuse kaasaegse v\u00e4limusega. Esmapilgul must vesipiip AMY DELUXE UNIO 006.01BK k\u00f6idab oma ebatavalise disainiga. Vesipiibu vars on valmistatud roostevabast terasest ja puidust, mis annab [\u2026]<\/p>","protected":false},"featured_media":28008,"comment_status":"open","ping_status":"closed","template":"","meta":[],"_links":{"self":[{"href":"https:\/\/hookahshop.lt\/et\/wp-json\/wp\/v2\/product\/17397"}],"collection":[{"href":"https:\/\/hookahshop.lt\/et\/wp-json\/wp\/v2\/product"}],"about":[{"href":"https:\/\/hookahshop.lt\/et\/wp-json\/wp\/v2\/types\/product"}],"replies":[{"embeddable":true,"href":"https:\/\/hookahshop.lt\/et\/wp-json\/wp\/v2\/comments?post=17397"}],"version-history":[{"count":4,"href":"https:\/\/hookahshop.lt\/et\/wp-json\/wp\/v2\/product\/17397\/revisions"}],"predecessor-version":[{"id":32027,"href":"https:\/\/hookahshop.lt\/et\/wp-json\/wp\/v2\/product\/17397\/revisions\/32027"}],"wp:featuredmedia":[{"embeddable":true,"href":"https:\/\/hookahshop.lt\/et\/wp-json\/wp\/v2\/media\/28008"}],"wp:attachment":[{"href":"https:\/\/hookahshop.lt\/et\/wp-json\/wp\/v2\/media?parent=17397"}],"curies":[{"name":"wp","href":"https:\/\/api.w.org\/{rel}","templated":true}]}}