{"id":17401,"date":"2020-12-30T00:36:46","date_gmt":"2020-12-29T22:36:46","guid":{"rendered":"https:\/\/hookahshop.lt\/?post_type=product&#038;p=17401"},"modified":"2026-04-17T23:29:25","modified_gmt":"2026-04-17T20:29:25","slug":"kaljano-komplektas-japona-hookah-shuriken-mini","status":"publish","type":"product","link":"https:\/\/hookahshop.lt\/et\/toode\/vesipiibukomplektid-japona-hookah-shuriken-mini\/","title":{"rendered":"Vesipiibukomplekt JAPONA HOOKAH Shuriken Mini Brown"},"content":{"rendered":"<h2>Vesipiibukomplekt JAPONA HOOKAH Shuriken Mini Brown<\/h2>\n<p>Jaapani vesipiip on kaubam\u00e4rk, mis on teeninud vesipiibu suitsetamise kultuuri armastavate inimeste s\u00fcdames austuse. Jaapan on spetsialiseerunud ainulaadsete vesipiipude tootmisele. Suhteliselt v\u00e4ikesed v\u00e4ljaanded muudavad toote eksklusiivseks ja eksklusiivseks. Kui teile meeldib originaalsus ja stiil, sobib vesipiip &quot;Jaapan&quot; harmooniliselt teie interj\u00f6\u00f6ri ja muutub teie pildi lahutamatuks osaks. Vesipiibuv\u00f5ll &quot;Shuriken mini&quot; on lahti keeratav ja 520 mm pikk. V\u00f5lli keskosa on tahke roostevabast terasest toru, mille sisel\u00e4bim\u00f5\u00f5t on 13 mm, dekoratiivne osa on valmistatud v\u00e4\u00e4rispuidust, t\u00f6\u00f6deldud \u00f5lide ja valitud tekstuuriga.<\/p>\n<p>Klaaskolb, 250 mm k\u00f5rge, seina paksus 6 mm, kaela sisel\u00e4bim\u00f5\u00f5t 45 mm, metallist v\u00f5lliadapteriga, mis r\u00f5hutab vesipiibu kujundust.<br \/>\nErakordne kolmeosaline plaadikujundus! Puitplaadi v\u00e4lisl\u00e4bim\u00f5\u00f5t on 180 mm, metallplaat on 150 mm ja terasest kaitseketas on 120 mm. Puidu tekstuur sobib v\u00f5lli v\u00e4rviga.<br \/>\nHuuliku dekoratiivne osa on valmistatud kallist puidust, ilusa tekstuuriga, sobitatuna v\u00f5lli v\u00e4rviga. Sellel on kaks musta tsingitud kattega kaitsepihustit ja 10 mm l\u00e4bim\u00f5\u00f5duga roostevabast terasest toru.<\/p>\n<p>\u00dchendus O-r\u00f5nga sisel\u00e4bim\u00f5\u00f5t 12 mm.<br \/>\n10 mm sisel\u00e4bim\u00f5\u00f5duga puhastusventiil muudab kolvis oleva suitsu h\u00f5lpsaks puhumiseks.<br \/>\nKullatud Jaapani vesipiibu logo tagab selle vesipiibu autentsuse ja kinnitab kampaania kvaliteedim\u00e4rki.<\/p>\n<p>Vesipiibukomplekt JAPONA HOOKAH SHURIKEN MINI pruun - Premium klassi vesipiip ei j\u00e4ta teid \u00fcksk\u00f5ikseks.<\/p>\n<p>Varustus:<br \/>\nV\u00f5ll -1 tk.<br \/>\nVesipiibu plaat - 1 tk.<br \/>\nHuulik - 1 tk.<br \/>\nSilikoonvoolik - 1 tk.<br \/>\nTihendid - 2 tk.<br \/>\nKolb - 1 tk.<br \/>\nTangid - 1 tk.<br \/>\nKuumutuskamber - 1 tk.<br \/>\nKarikas - 1tk.<br \/>\nKivis\u00fcsi 1kg - 1tk.<br \/>\nPliit - 1tk.<\/p>\n<p>Komplekt v\u00f5ib erineda konksu konksust ja kolbist fotol n\u00e4idatust.<\/p>\n<p>Kas teil on k\u00fcsimusi? v\u00f5ta meiega \u00fchendust\u00a0<a href=\"https:\/\/hookahshop.lt\/et\/kontaktid\/\">kontaktide leht<\/a>\u00a0v\u00f5i saatke meile e-kiri aadressil\u00a0<a href=\"https:\/\/facebook.com\/HookahShop.lt\/\" target=\"_blank\" rel=\"noopener noreferrer\">Facebooki konto<\/a>\u00a0ja vastame teie taotlusele samal p\u00e4eval.<\/p>","protected":false},"excerpt":{"rendered":"<p>Vesipiibu komplekt JAPONA HOOKAH Shuriken Mini Brown &quot;Japan&quot; vesipiip on br\u00e4nd, mis on p\u00e4lvinud lugupidamise inimeste s\u00fcdames, kes armastavad ja austavad vesipiibu suitsetamise kultuuri. Jaapan on spetsialiseerunud ainulaadsete vesipiipude tootmisele. Suhteliselt v\u00e4ikesed tiraa\u017eid muudavad toote eksklusiivseks ja eksklusiivseks. Kui teile meeldib originaalsus ja stiil, sobib &quot;Jaapani&quot; vesipiip harmooniliselt teie interj\u00f6\u00f6ri ja saab teie [\u2026]<\/p>","protected":false},"featured_media":28053,"comment_status":"open","ping_status":"closed","template":"","meta":[],"_links":{"self":[{"href":"https:\/\/hookahshop.lt\/et\/wp-json\/wp\/v2\/product\/17401"}],"collection":[{"href":"https:\/\/hookahshop.lt\/et\/wp-json\/wp\/v2\/product"}],"about":[{"href":"https:\/\/hookahshop.lt\/et\/wp-json\/wp\/v2\/types\/product"}],"replies":[{"embeddable":true,"href":"https:\/\/hookahshop.lt\/et\/wp-json\/wp\/v2\/comments?post=17401"}],"version-history":[{"count":5,"href":"https:\/\/hookahshop.lt\/et\/wp-json\/wp\/v2\/product\/17401\/revisions"}],"predecessor-version":[{"id":28052,"href":"https:\/\/hookahshop.lt\/et\/wp-json\/wp\/v2\/product\/17401\/revisions\/28052"}],"wp:featuredmedia":[{"embeddable":true,"href":"https:\/\/hookahshop.lt\/et\/wp-json\/wp\/v2\/media\/28053"}],"wp:attachment":[{"href":"https:\/\/hookahshop.lt\/et\/wp-json\/wp\/v2\/media?parent=17401"}],"curies":[{"name":"wp","href":"https:\/\/api.w.org\/{rel}","templated":true}]}}