{"id":17405,"date":"2020-12-30T00:39:19","date_gmt":"2020-12-29T22:39:19","guid":{"rendered":"https:\/\/hookahshop.lt\/?post_type=product&#038;p=17405"},"modified":"2026-04-19T23:29:07","modified_gmt":"2026-04-19T20:29:07","slug":"kaljano-komplektas-union-hookah-sleek-exotic-wood","status":"publish","type":"product","link":"https:\/\/hookahshop.lt\/et\/toode\/vesipiibukomplektid-union-hookah-sleek-exotic-wood\/","title":{"rendered":"Vesipiibukomplekt UNION HOOKAH Sleek Exotic Wood"},"content":{"rendered":"<h2>Vesipiibukomplekt UNION HOOKAH Sleek Exotic Wood<\/h2>\n<p>See mudel on olnud Venemaa turul juba m\u00f5nda aega ja avaldab muljet oma erilise disaini ja suurep\u00e4raste v\u00e4rvivalikutega! Olgu selleks siis lihtne puitdisain, ebatavalised laminaatmustrid v\u00f5i v\u00e4ga populaarsed epoks\u00fcvaigust ja puidust valmistatud h\u00fcbriiddisainid \u2013 Union Hookah pakub kindlasti midagi igale vesipiibus\u00f5brale!<\/p>\n<p>Varustus:<br \/>\nV\u00f5ll -1 tk.<br \/>\nVesipiibu plaat - 1 tk.<br \/>\nHuulik - 1 tk.<br \/>\nSilikoonvoolik - 1 tk.<br \/>\nTihendid - 2 tk.<br \/>\nKolb - 1 tk.<br \/>\nTangid - 1 tk.<br \/>\nKuumutuskamber - 1 tk.<br \/>\nKarikas - 1tk.<br \/>\nKivis\u00fcsi 1kg - 1tk.<br \/>\nPliit - 1tk.<\/p>\n<p>Komplekt v\u00f5ib erineda konksu konksust ja kolbist fotol n\u00e4idatust.<\/p>\n<p>Kas teil on k\u00fcsimusi? v\u00f5ta meiega \u00fchendust\u00a0<a href=\"https:\/\/hookahshop.lt\/et\/kontaktid\/\">kontaktide leht<\/a>\u00a0v\u00f5i saatke meile e-kiri aadressil\u00a0<a href=\"https:\/\/facebook.com\/HookahShop.lt\/\" target=\"_blank\" rel=\"noopener noreferrer\">Facebooki konto<\/a>\u00a0ja vastame teie taotlusele samal p\u00e4eval.<\/p>\n<p>&nbsp;<\/p>","protected":false},"excerpt":{"rendered":"<p>Vesipiibu komplekt UNION HOOKAH Sleek Exotic Wood See mudel on olnud Venemaa turul juba m\u00f5nda aega ja avaldab muljet oma erilise disaini ja suurep\u00e4raste v\u00e4rvivalikutega! Olgu selleks siis lihtne puitdisain, ebatavalised laminaatmustrid v\u00f5i v\u00e4ga populaarsed epoks\u00fcvaigust ja puidust valmistatud h\u00fcbriiddisainid \u2013 Union Hookah pakub kindlasti midagi igale vesipiibus\u00f5brale! Varustus: v\u00f5ll -1 [\u2026]<\/p>","protected":false},"featured_media":28000,"comment_status":"open","ping_status":"closed","template":"","meta":[],"_links":{"self":[{"href":"https:\/\/hookahshop.lt\/et\/wp-json\/wp\/v2\/product\/17405"}],"collection":[{"href":"https:\/\/hookahshop.lt\/et\/wp-json\/wp\/v2\/product"}],"about":[{"href":"https:\/\/hookahshop.lt\/et\/wp-json\/wp\/v2\/types\/product"}],"replies":[{"embeddable":true,"href":"https:\/\/hookahshop.lt\/et\/wp-json\/wp\/v2\/comments?post=17405"}],"version-history":[{"count":3,"href":"https:\/\/hookahshop.lt\/et\/wp-json\/wp\/v2\/product\/17405\/revisions"}],"predecessor-version":[{"id":28061,"href":"https:\/\/hookahshop.lt\/et\/wp-json\/wp\/v2\/product\/17405\/revisions\/28061"}],"wp:featuredmedia":[{"embeddable":true,"href":"https:\/\/hookahshop.lt\/et\/wp-json\/wp\/v2\/media\/28000"}],"wp:attachment":[{"href":"https:\/\/hookahshop.lt\/et\/wp-json\/wp\/v2\/media?parent=17405"}],"curies":[{"name":"wp","href":"https:\/\/api.w.org\/{rel}","templated":true}]}}