{"id":17412,"date":"2020-12-30T00:44:13","date_gmt":"2020-12-29T22:44:13","guid":{"rendered":"https:\/\/hookahshop.lt\/?post_type=product&#038;p=17412"},"modified":"2026-04-14T23:29:00","modified_gmt":"2026-04-14T20:29:00","slug":"kaljano-komplektas-maklaud-igla-of-anubis","status":"publish","type":"product","link":"https:\/\/hookahshop.lt\/et\/toode\/vesipiibukomplektid-maklaud-igla-of-anubis\/","title":{"rendered":"Vesipiibukomplekt MAKLAUD Igla Of Anubis"},"content":{"rendered":"<h2>Vesipiibukomplekt MAKLAUD Igla Of Anubis<\/h2>\n<p>Nendest traditsioonilistest &quot;pulkadest&quot; sai alguse Anubise Igla kontseptuaalne versioon, mis on valmistatud allkirja MacLeodi stiilis. Igla Anubisest on sidunud kaubam\u00e4rgi m\u00fctoloogilise baasi uue klassikaliste odava vesipiipu sarjaga.<\/p>\n<p>Anubise versioon sobib eelk\u00e4ija disainiga, kuid selle alust kaunistab pealuu r\u00f5ngas<\/p>\n<p><strong>Varustus:<\/strong><br \/>\nV\u00f5ll -1 tk.<br \/>\nVesipiibu plaat br\u00e4ndi graveeringuga - 1 tk.<br \/>\nHuulik - 1 tk.<br \/>\nSilikoonvoolik - 1 tk.<br \/>\nTihendid - 2 tk.<br \/>\nKolb (erineb fotol olevast) - 1 tk.<br \/>\nTangid - 1 tk.<br \/>\nKuumutuskamber - 1 tk.<br \/>\nTass (v\u00f5ib erineda fotol olevast) - 1tk.<br \/>\nKivis\u00fcsi 1kg - 1tk.<br \/>\nPliit - 1tk.<\/p>\n<p>Komplekt v\u00f5ib erineda konksu konksust ja kolbist fotol n\u00e4idatust.<\/p>\n<p>Kas teil on k\u00fcsimusi? v\u00f5ta meiega \u00fchendust\u00a0<a href=\"https:\/\/hookahshop.lt\/et\/kontaktid\/\">kontaktide leht<\/a>\u00a0v\u00f5i saatke meile e-kiri aadressil\u00a0<a href=\"https:\/\/facebook.com\/HookahShop.lt\/\" target=\"_blank\" rel=\"noopener noreferrer\">Facebooki konto<\/a>\u00a0ja vastame teie taotlusele samal p\u00e4eval.<\/p>","protected":false},"excerpt":{"rendered":"<p>Vesipiibu komplekt MAKLAUD Igla Of Anubis Selle traditsioonilise Anubise Igla &quot;pulga&quot; kontseptuaalne versioon, mis on valmistatud allkirja &quot;MacLeod&quot; stiilis. Anubise Igla on sidunud kaubam\u00e4rgi m\u00fctoloogilise baasi uue klassikaliste odava vesipiipu sarjaga. Anubise versioon vastab eelk\u00e4ija disainile, kuid selle alust kaunistab pealuu r\u00f5ngas. Br\u00e4ndigraveeringuga vesipiibuplaat \u2013 1 [\u2026]<\/p>","protected":false},"featured_media":27986,"comment_status":"open","ping_status":"closed","template":"","meta":[],"_links":{"self":[{"href":"https:\/\/hookahshop.lt\/et\/wp-json\/wp\/v2\/product\/17412"}],"collection":[{"href":"https:\/\/hookahshop.lt\/et\/wp-json\/wp\/v2\/product"}],"about":[{"href":"https:\/\/hookahshop.lt\/et\/wp-json\/wp\/v2\/types\/product"}],"replies":[{"embeddable":true,"href":"https:\/\/hookahshop.lt\/et\/wp-json\/wp\/v2\/comments?post=17412"}],"version-history":[{"count":5,"href":"https:\/\/hookahshop.lt\/et\/wp-json\/wp\/v2\/product\/17412\/revisions"}],"predecessor-version":[{"id":33093,"href":"https:\/\/hookahshop.lt\/et\/wp-json\/wp\/v2\/product\/17412\/revisions\/33093"}],"wp:featuredmedia":[{"embeddable":true,"href":"https:\/\/hookahshop.lt\/et\/wp-json\/wp\/v2\/media\/27986"}],"wp:attachment":[{"href":"https:\/\/hookahshop.lt\/et\/wp-json\/wp\/v2\/media?parent=17412"}],"curies":[{"name":"wp","href":"https:\/\/api.w.org\/{rel}","templated":true}]}}