{"id":17416,"date":"2020-12-30T00:47:18","date_gmt":"2020-12-29T22:47:18","guid":{"rendered":"https:\/\/hookahshop.lt\/?post_type=product&#038;p=17416"},"modified":"2026-04-17T23:29:25","modified_gmt":"2026-04-17T20:29:25","slug":"kaljano-komplektas-karma-hookah-1-1-black","status":"publish","type":"product","link":"https:\/\/hookahshop.lt\/et\/toode\/vesipiibukomplektid-karma-hookah-1-1-black\/","title":{"rendered":"Vesipiibukomplekt KARMA HOOKAH 1.1 Must"},"content":{"rendered":"<h2>Vesipiibukomplekt KARMA HOOKAH 1.1 Must<\/h2>\n<p>KARMA HOOKAH on esimene ettev\u00f5te, kes laseb v\u00e4lja originaalse Ukraina vesipiibu, kasutades naturaalset puitu. Saate ainulaadse disainiga puidust varre, mille sisemine toru on valmistatud roostevabast terasest l\u00e4bim\u00f5\u00f5duga 14 mm, mis tagab pehme ja meeldiva t\u00f5mbe. Klapp v\u00f5imaldab kolbi h\u00f5lpsalt t\u00fchjendada. KARMA HOOKAH taldrik on \u00e4\u00e4rmiselt ilus ja praktiline.<\/p>\n<p>Karma mudel 1.1 on valmistatud tuhast. Puit on tihe, tugev ja vastupidav, m\u00e4danemiskindel. Lihtne hooldada ja kasutada. Karma 1.1 must t\u00e4hendab j\u00f5udu ja j\u00f5udu. See v\u00e4rv on kaasaegses \u00e4rimaailmas levinud ja sobib selle mudeli jaoks v\u00e4ga h\u00e4sti. Puidust vesipiipu armastajatele on see mudel suurep\u00e4rane kingitus.<\/p>\n<p>Omadused:<br \/>\n- Vesipiibu k\u00f5rgus: 72 cm.<br \/>\n- Puitmaterjal: tuhk<\/p>\n<p>Varustus:<br \/>\nV\u00f5ll -1 tk.<br \/>\nVesipiibu plaat - 1 tk.<br \/>\nHuulik - 1 tk.<br \/>\nSilikoonvoolik - 1 tk.<br \/>\nTihendid - 2 tk.<br \/>\nKolb - 1 tk.<br \/>\nTangid - 1 tk.<br \/>\nKuumutuskamber - 1 tk.<br \/>\nKarikas - 1tk.<br \/>\nKivis\u00fcsi 1kg - 1tk.<br \/>\nPliit - 1tk.<\/p>\n<p>Komplekt v\u00f5ib erineda konksu konksust ja kolbist fotol n\u00e4idatust.<\/p>\n<p>Kas teil on k\u00fcsimusi? v\u00f5ta meiega \u00fchendust\u00a0<a href=\"https:\/\/hookahshop.lt\/et\/kontaktid\/\">kontaktide leht<\/a>\u00a0v\u00f5i saatke meile e-kiri aadressil\u00a0<a href=\"https:\/\/facebook.com\/HookahShop.lt\/\" target=\"_blank\" rel=\"noopener noreferrer\">Facebooki konto<\/a>\u00a0ja vastame teie taotlusele samal p\u00e4eval.<\/p>","protected":false},"excerpt":{"rendered":"<p>Vesipiibu komplekt KARMA HOOKAH 1.1 Black KARMA HOOKAH on esimene ettev\u00f5te, kes on v\u00e4lja andnud originaalse Ukraina vesipiibu, mis kasutab naturaalset puitu. Saate ainulaadse disainiga puidust varre, mille sisemine toru on valmistatud roostevabast terasest l\u00e4bim\u00f5\u00f5duga 14 mm, mis tagab pehme ja meeldiva t\u00f5mbe. Klapp v\u00f5imaldab teil kolbi h\u00f5lpsalt puhuda. Taldrik &quot;KARMA HOOKAH&quot; on \u00e4\u00e4rmiselt ilus ja praktiline. [\u2026]<\/p>","protected":false},"featured_media":28004,"comment_status":"open","ping_status":"closed","template":"","meta":[],"_links":{"self":[{"href":"https:\/\/hookahshop.lt\/et\/wp-json\/wp\/v2\/product\/17416"}],"collection":[{"href":"https:\/\/hookahshop.lt\/et\/wp-json\/wp\/v2\/product"}],"about":[{"href":"https:\/\/hookahshop.lt\/et\/wp-json\/wp\/v2\/types\/product"}],"replies":[{"embeddable":true,"href":"https:\/\/hookahshop.lt\/et\/wp-json\/wp\/v2\/comments?post=17416"}],"version-history":[{"count":3,"href":"https:\/\/hookahshop.lt\/et\/wp-json\/wp\/v2\/product\/17416\/revisions"}],"predecessor-version":[{"id":28003,"href":"https:\/\/hookahshop.lt\/et\/wp-json\/wp\/v2\/product\/17416\/revisions\/28003"}],"wp:featuredmedia":[{"embeddable":true,"href":"https:\/\/hookahshop.lt\/et\/wp-json\/wp\/v2\/media\/28004"}],"wp:attachment":[{"href":"https:\/\/hookahshop.lt\/et\/wp-json\/wp\/v2\/media?parent=17416"}],"curies":[{"name":"wp","href":"https:\/\/api.w.org\/{rel}","templated":true}]}}